{"id":106996,"date":"2024-07-03T12:46:40","date_gmt":"2024-07-03T10:46:40","guid":{"rendered":"https:\/\/projectfood-fr.stackstaging.com\/?page_id=106996"},"modified":"2024-07-11T10:07:48","modified_gmt":"2024-07-11T08:07:48","slug":"inscrivez-vous-a-la-newsletter","status":"publish","type":"page","link":"https:\/\/projectfood.fr\/?page_id=106996","title":{"rendered":"Inscrivez-vous \u00e0 la newsletter"},"content":{"rendered":"\t\t<div data-elementor-type=\"wp-page\" data-elementor-id=\"106996\" class=\"elementor elementor-106996\" data-elementor-settings=\"{&quot;ha_cmc_init_switcher&quot;:&quot;no&quot;}\" data-elementor-post-type=\"page\">\n\t\t\t\t<div class=\"elementor-element elementor-element-ccfa65b e-con-full e-flex e-con e-parent\" data-id=\"ccfa65b\" data-element_type=\"container\" data-e-type=\"container\" data-settings=\"{&quot;background_background&quot;:&quot;classic&quot;,&quot;_ha_eqh_enable&quot;:false}\">\r\n\t\t\t\t<div class=\"elementor-element elementor-element-d39e270 elementor-widget elementor-widget-heading\" data-id=\"d39e270\" data-element_type=\"widget\" data-e-type=\"widget\" data-widget_type=\"heading.default\">\n\t\t\t\t<div class=\"elementor-widget-container\">\n\t\t\t\t\t<h1 class=\"elementor-heading-title elementor-size-default\">Inscrivez-vous \u00e0 la newsletter<\/h1>\t\t\t\t<\/div>\n\t\t\t\t<\/div>\n\t\t\t\t<div class=\"elementor-element elementor-element-685fc8e elementor-widget elementor-widget-heading\" data-id=\"685fc8e\" data-element_type=\"widget\" data-e-type=\"widget\" data-widget_type=\"heading.default\">\n\t\t\t\t<div class=\"elementor-widget-container\">\n\t\t\t\t\t<div class=\"elementor-heading-title elementor-size-default\">Inscrivez-vous \u00e0 notre newsletter pour recevoir des informations, des nouveaut\u00e9s, des inspirations et bien plus encore.<\/div>\t\t\t\t<\/div>\n\t\t\t\t<\/div>\n\t\t\t\t<\/div>\n\t\t<div class=\"elementor-element elementor-element-38ce7de e-flex e-con-boxed e-con e-parent\" data-id=\"38ce7de\" data-element_type=\"container\" data-e-type=\"container\" data-settings=\"{&quot;_ha_eqh_enable&quot;:false}\">\r\n\t\t\t\t\t<div class=\"e-con-inner\">\r\n\t\t\t\t<div class=\"elementor-element elementor-element-fbf8399 elementor-widget elementor-widget-html\" data-id=\"fbf8399\" data-element_type=\"widget\" data-e-type=\"widget\" data-widget_type=\"html.default\">\n\t\t\t\t<div class=\"elementor-widget-container\">\n\t\t\t\t\t<iframe src=\"https:\/\/a7f9f8.emailsp.com\/frontend\/LandingPage.aspx?idList=1&idLP=3&guid=AAFA5375-BCF1-4E06-965A-E3A98B626156\" style=\"border:0px #ffffff none;\" name=\"myiFrame\" scrolling=\"yes\" frameborder=\"0\" marginheight=\"0px\" marginwidth=\"0px\" height=\"550px\" width=\"600px\" allowfullscreen><\/iframe>\t\t\t\t<\/div>\n\t\t\t\t<\/div>\n\t\t\t\t\t<\/div>\n\t\t\t\t<\/div>\n\t\t\t\t<\/div>\n\t\t","protected":false},"excerpt":{"rendered":"<p>Inscrivez-vous \u00e0 la newsletter Inscrivez-vous \u00e0 notre newsletter pour recevoir des informations, des nouveaut\u00e9s, des inspirations et bien plus encore.<\/p>\n","protected":false},"author":5314,"featured_media":0,"parent":0,"menu_order":0,"comment_status":"closed","ping_status":"closed","template":"","meta":{"inline_featured_image":false,"footnotes":""},"class_list":["post-106996","page","type-page","status-publish","hentry"],"_links":{"self":[{"href":"https:\/\/projectfood.fr\/index.php?rest_route=\/wp\/v2\/pages\/106996","targetHints":{"allow":["GET"]}}],"collection":[{"href":"https:\/\/projectfood.fr\/index.php?rest_route=\/wp\/v2\/pages"}],"about":[{"href":"https:\/\/projectfood.fr\/index.php?rest_route=\/wp\/v2\/types\/page"}],"author":[{"embeddable":true,"href":"https:\/\/projectfood.fr\/index.php?rest_route=\/wp\/v2\/users\/5314"}],"replies":[{"embeddable":true,"href":"https:\/\/projectfood.fr\/index.php?rest_route=%2Fwp%2Fv2%2Fcomments&post=106996"}],"version-history":[{"count":0,"href":"https:\/\/projectfood.fr\/index.php?rest_route=\/wp\/v2\/pages\/106996\/revisions"}],"wp:attachment":[{"href":"https:\/\/projectfood.fr\/index.php?rest_route=%2Fwp%2Fv2%2Fmedia&parent=106996"}],"curies":[{"name":"wp","href":"https:\/\/api.w.org\/{rel}","templated":true}]}}