{"id":105204,"date":"2024-04-05T16:51:35","date_gmt":"2024-04-05T14:51:35","guid":{"rendered":"https:\/\/projectfood-fr.stackstaging.com\/?post_type=product&#038;p=105204"},"modified":"2024-04-05T16:54:34","modified_gmt":"2024-04-05T14:54:34","slug":"en-option-ciel-en-materiau-refractaire-7","status":"publish","type":"product","link":"https:\/\/projectfood.fr\/?product=en-option-ciel-en-materiau-refractaire-7","title":{"rendered":"En option CIEL en mat\u00e9riau r\u00e9fractaire"},"content":{"rendered":"<p><span style=\"color: #2185c2;\"><strong style=\"color: #2185c2;\">Ciel pour four pizzeria en mat\u00e9riau r\u00e9fractaire<\/strong><\/span><\/p>\n<p><span style=\"color: #000000; font-size: 15px;\">Cet accessoire mont\u00e9 sur le four permet de maintenir la chaleur et d\u2019atteindre et de maintenir la temp\u00e9rature m\u00eame apr\u00e8s des ouvertures continues de la porte du four. <\/span><\/p>\n<p><span style=\"color: #000000; font-size: 15px;\">Le ciel r\u00e9fractaire favorise l\u2019uniformit\u00e9 de la chaleur dans les chambres pendant le cycle de cuisson.<\/span><\/p>\n<p><span style=\"color: #000000; font-size: 15px;\">La pierre r\u00e9fractaire a une <strong>\u00e9paisseur de 2 cm.<\/strong><\/span><\/p>\n<p><span style=\"font-size: 15px; color: #000000;\">L\u2019accessoire arrive d\u00e9j\u00e0 mont\u00e9 dans le four \u00e0 pizza command\u00e9 <\/span><\/p>\n","protected":false},"excerpt":{"rendered":"<p style=\"text-align: center;\"><span style=\"font-size: medium;\"><strong><span style=\"color: #339966;\">MADE<\/span><span style=\"color: #c0c0c0;\"> IN<\/span> <span style=\"color: #ff0000;\">ITALY<\/span><\/strong><\/span><\/p>\n<p style=\"text-align: center;\">\n","protected":false},"featured_media":105195,"template":"","meta":{"inline_featured_image":false},"product_brand":[],"product_cat":[1611],"product_tag":[],"class_list":{"0":"post-105204","1":"product","2":"type-product","3":"status-publish","4":"has-post-thumbnail","6":"product_cat-supports-et-hottes","7":"pa_codice-produttore-m9r","8":"pa_ean-24042","9":"pa_fornitore-prismafood","10":"pa_madeinitaly-oui","12":"first","13":"instock","14":"taxable","15":"shipping-taxable","16":"purchasable","17":"product-type-simple"},"df_price":296,"df_sale_price":"","df_regular_price":296,"df_image_link":"https:\/\/projectfood.fr\/wp-content\/uploads\/2024\/04\/products-refrattario-1_1_1_1_1_1_1_1_1_1_1_1_2-300x300.jpg","_links":{"self":[{"href":"https:\/\/projectfood.fr\/index.php?rest_route=\/wp\/v2\/product\/105204","targetHints":{"allow":["GET"]}}],"collection":[{"href":"https:\/\/projectfood.fr\/index.php?rest_route=\/wp\/v2\/product"}],"about":[{"href":"https:\/\/projectfood.fr\/index.php?rest_route=\/wp\/v2\/types\/product"}],"wp:featuredmedia":[{"embeddable":true,"href":"https:\/\/projectfood.fr\/index.php?rest_route=\/wp\/v2\/media\/105195"}],"wp:attachment":[{"href":"https:\/\/projectfood.fr\/index.php?rest_route=%2Fwp%2Fv2%2Fmedia&parent=105204"}],"wp:term":[{"taxonomy":"product_brand","embeddable":true,"href":"https:\/\/projectfood.fr\/index.php?rest_route=%2Fwp%2Fv2%2Fproduct_brand&post=105204"},{"taxonomy":"product_cat","embeddable":true,"href":"https:\/\/projectfood.fr\/index.php?rest_route=%2Fwp%2Fv2%2Fproduct_cat&post=105204"},{"taxonomy":"product_tag","embeddable":true,"href":"https:\/\/projectfood.fr\/index.php?rest_route=%2Fwp%2Fv2%2Fproduct_tag&post=105204"}],"curies":[{"name":"wp","href":"https:\/\/api.w.org\/{rel}","templated":true}]}}