{"id":105215,"date":"2024-04-08T16:30:10","date_gmt":"2024-04-08T14:30:10","guid":{"rendered":"https:\/\/projectfood-fr.stackstaging.com\/?post_type=product&#038;p=105215"},"modified":"2024-04-08T16:36:28","modified_gmt":"2024-04-08T14:36:28","slug":"support-de-four-en-acier-inox-pour-four-9-pizzas","status":"publish","type":"product","link":"https:\/\/projectfood.fr\/?product=support-de-four-en-acier-inox-pour-four-9-pizzas","title":{"rendered":"Support de four en acier inox pour four 9 pizzas"},"content":{"rendered":"<h2 style=\"text-align: left;\"><span style=\"font-size: 15px; color: #2185c2;\"><strong>Support pour four 9 pizzas de la s\u00e9rie &#8220;EVOX&#8221;<\/strong><\/span><\/h2>\n<p><span style=\"font-size: 15px; color: #000000;\">Le support est fourni avec 4 roues dont <strong> deux avec frein\u00a0:<\/strong>\u00a0<\/span><\/p>\n<p><span style=\"color: #000000;\"><strong><span style=\"font-size: 15px;\">H<span style=\"color: #000000;\">auteur du support sans roues\u00a0: 860 mm<\/span><\/span><\/strong><\/span><\/p>\n<p><span style=\"color: #000000;\"><strong><span style=\"font-size: 15px;\">Hauteur de support avec roues\u00a0: 990 mm<\/span><\/strong><\/span><\/p>\n<p><span style=\"color: #000000; font-size: 15px;\">Le support est<strong> \u00e9quip\u00e9 d\u2019une \u00e9tag\u00e8re interm\u00e9diaire <\/strong> enti\u00e8rement en acier inoxydable<\/span><\/p>\n<p><span style=\"font-size: 15px; color: #000000;\">Ces supports ne sont appropri\u00e9s que pour nos fours de s\u00e9rie &#8220;<strong>EVOX<\/strong>&#8220;<\/span><\/p>\n","protected":false},"excerpt":{"rendered":"<p style=\"text-align: center;\"><span style=\"font-size: medium;\"><strong><span style=\"color: #339966;\">MADE<\/span><span style=\"color: #c0c0c0;\"> IN<\/span> <span style=\"color: #ff0000;\">ITALY <\/span><\/strong><\/span><\/p>\n","protected":false},"featured_media":105208,"template":"","meta":{"inline_featured_image":false},"product_brand":[],"product_cat":[1612],"product_tag":[],"class_list":{"0":"post-105215","1":"product","2":"type-product","3":"status-publish","4":"has-post-thumbnail","6":"product_cat-supports-pizza","7":"pa_codice-produttore-sm9","8":"pa_dimensions-exterieures-lxpxh-l1460xp1280-hauteur-avec-roues-990-mm-sans-roues-860-mm","9":"pa_ean-8364","10":"pa_fornitore-prismafood","11":"pa_madeinitaly-oui","13":"first","14":"instock","15":"taxable","16":"shipping-taxable","17":"purchasable","18":"product-type-simple"},"df_price":805,"df_sale_price":"","df_regular_price":805,"df_image_link":"https:\/\/projectfood.fr\/wp-content\/uploads\/2024\/04\/PFSX4_SUPPORTO-IN-ACCIAIO-INOX-PER-FORNO-PIZZA-min-600x600-1-300x300.jpg","_links":{"self":[{"href":"https:\/\/projectfood.fr\/index.php?rest_route=\/wp\/v2\/product\/105215","targetHints":{"allow":["GET"]}}],"collection":[{"href":"https:\/\/projectfood.fr\/index.php?rest_route=\/wp\/v2\/product"}],"about":[{"href":"https:\/\/projectfood.fr\/index.php?rest_route=\/wp\/v2\/types\/product"}],"wp:featuredmedia":[{"embeddable":true,"href":"https:\/\/projectfood.fr\/index.php?rest_route=\/wp\/v2\/media\/105208"}],"wp:attachment":[{"href":"https:\/\/projectfood.fr\/index.php?rest_route=%2Fwp%2Fv2%2Fmedia&parent=105215"}],"wp:term":[{"taxonomy":"product_brand","embeddable":true,"href":"https:\/\/projectfood.fr\/index.php?rest_route=%2Fwp%2Fv2%2Fproduct_brand&post=105215"},{"taxonomy":"product_cat","embeddable":true,"href":"https:\/\/projectfood.fr\/index.php?rest_route=%2Fwp%2Fv2%2Fproduct_cat&post=105215"},{"taxonomy":"product_tag","embeddable":true,"href":"https:\/\/projectfood.fr\/index.php?rest_route=%2Fwp%2Fv2%2Fproduct_tag&post=105215"}],"curies":[{"name":"wp","href":"https:\/\/api.w.org\/{rel}","templated":true}]}}