{"id":105223,"date":"2024-04-08T17:44:35","date_gmt":"2024-04-08T15:44:35","guid":{"rendered":"https:\/\/projectfood-fr.stackstaging.com\/?post_type=product&#038;p=105223"},"modified":"2024-04-08T17:52:44","modified_gmt":"2024-04-08T15:52:44","slug":"hotte-en-acier-inoxydable-avec-systeme-daspiration-a-condensation-4","status":"publish","type":"product","link":"https:\/\/projectfood.fr\/?product=hotte-en-acier-inoxydable-avec-systeme-daspiration-a-condensation-4","title":{"rendered":"Hotte en acier inoxydable avec syst\u00e8me d\u2019aspiration \u00e0 condensation"},"content":{"rendered":"<p><span style=\"color: #2185c2;\"><strong>Hotte \u00e0 condensation pour fours pizzeria Projectfood s\u00e9rie &#8220;EVOX&#8221;<\/strong><\/span><\/p>\n<p><span style=\"font-size: 15px; color: #000000;\">La<strong> hotte \u00e0 condensation, \u00e0 installer de mani\u00e8re autonome au-dessus de nos fours sans avoir besoin d\u2019une chemin\u00e9e<\/strong>, elle offre une solution polyvalente pour l\u2019installation de<strong>fours \u00e0 pizza dans des locaux o\u00f9 l\u2019utilisation de la chemin\u00e9e n\u2019est pas autoris\u00e9e<\/strong> selon les normes municipales et ASL. <\/span><\/p>\n<p><span style=\"font-size: 15px; color: #000000;\">La hotte \u00e0 condensation <strong> fonctionne <\/strong> comme suit\u00a0:<\/span><\/p>\n<p><span style=\"font-size: 15px; color: #000000;\">Les fum\u00e9es de cuisson \u00e9mises sont aspir\u00e9es de la hotte par le moteur d\u2019aspiration.<\/span><\/p>\n<p><span style=\"font-size: 15px; color: #000000;\">Ensuite, les fum\u00e9es passent dans le syst\u00e8me de condensation, o\u00f9 elles sont filtr\u00e9es par l\u2019eau pour<strong> \u00e9liminer les graisses impures et les odeurs.<\/strong> Ces graisses impures sont ensuite \u00e9vacu\u00e9es par la sortie de l\u2019eau.<\/span><\/p>\n<p><span style=\"font-size: 15px; color: #000000;\">L\u2019utilisation de l\u2019eau sert \u00e0 purifier les fum\u00e9es grasses qui peuvent devenir nocives si elles d\u00e9passent 40\u00b0C.<\/span><\/p>\n<p><span style=\"font-size: 15px; color: #000000;\">Le <strong>moteur de la hotte<\/strong> n\u2019est pas r\u00e9glable en vitesse, mais<strong> peut \u00eatre arr\u00eat\u00e9 via l\u2019unit\u00e9 de commande num\u00e9rique.\u00a0<\/strong><\/span><\/p>\n<p><span style=\"font-size: 15px; color: #000000;\">La <strong>hotte<\/strong> doit \u00eatre <strong>plac\u00e9e<\/strong> directement<strong> au-dessus du four<\/strong> et ne peut pas \u00eatre fix\u00e9e au mur. <\/span><\/p>\n<p><span style=\"font-size: 15px; color: #000000;\">Un raccordement d\u2019eau <strong>est n\u00e9cessaire pour le bon fonctionnement de la hotte<\/strong>.<\/span><\/p>\n<p><span style=\"font-size: 15px; color: #000000;\">La <strong>structure de la hotte d\u2019aspiration<\/strong> est r\u00e9alis\u00e9e en<strong> acier inox<\/strong>, ce qui favorise une excellente propret\u00e9 et hygi\u00e8ne. <\/span><\/p>\n<p><span style=\"color: #2185c2;\"><strong><span style=\"font-size: 15px;\">\u00c9quipement de s\u00e9rie:<\/span><\/strong><\/span><\/p>\n<ul>\n<li><span style=\"font-size: 15px; color: #000000;\">C\u00e2ble d\u2019alimentation avec prise Schuko <\/span><\/li>\n<li><span style=\"font-size: 15px; color: #000000;\">Collier de sortie des fum\u00e9es<\/span><\/li>\n<li><span style=\"font-size: 15px; color: #000000;\">Sortie d\u2019eau de condensation <\/span><\/li>\n<li><span style=\"font-size: 15px; color: #000000;\">Entr\u00e9e d\u2019eau de condensation <\/span><\/li>\n<li><span style=\"font-size: 15px; color: #000000;\">Moteur \u00e9lectrique<\/span><\/li>\n<\/ul>\n<p><span style=\"color: #2185c2; font-size: 14px;\"><strong>Ces types de hottes \u00e0 condensation ne conviennent que pour les fours de la s\u00e9rie &#8220;EVOX&#8221; de Projectfood <\/strong><\/span><\/p>\n","protected":false},"excerpt":{"rendered":"<p style=\"text-align: center;\"><span style=\"font-size: medium;\"><strong><span style=\"color: #339966;\">MADE<\/span><span style=\"color: #c0c0c0;\"> IN<\/span> <span style=\"color: #ff0000;\">ITALY <\/span><\/strong><\/span><\/p>\n<p style=\"text-align: center;\">\n","protected":false},"featured_media":43683,"template":"","meta":{"inline_featured_image":false},"product_brand":[],"product_cat":[1613],"product_tag":[],"class_list":{"0":"post-105223","1":"product","2":"type-product","3":"status-publish","4":"has-post-thumbnail","6":"product_cat-hottes-3","7":"pa_codice-produttore-km-9-99c","8":"pa_dimension-exterieure-lxp-l1465xp1490xh260-mm","9":"pa_ean-24066","10":"pa_fornitore-prismafood","11":"pa_madeinitaly-oui","12":"pa_materiel-de-construction-acier-inoxydable","14":"first","15":"instock","16":"taxable","17":"shipping-taxable","18":"purchasable","19":"product-type-simple"},"df_price":1729,"df_sale_price":"","df_regular_price":1729,"df_image_link":"https:\/\/projectfood.fr\/wp-content\/uploads\/2020\/07\/products-kb-kxl-kt_1_1_2_1_1_1_1_1_1.jpg","_links":{"self":[{"href":"https:\/\/projectfood.fr\/index.php?rest_route=\/wp\/v2\/product\/105223","targetHints":{"allow":["GET"]}}],"collection":[{"href":"https:\/\/projectfood.fr\/index.php?rest_route=\/wp\/v2\/product"}],"about":[{"href":"https:\/\/projectfood.fr\/index.php?rest_route=\/wp\/v2\/types\/product"}],"wp:featuredmedia":[{"embeddable":true,"href":"https:\/\/projectfood.fr\/index.php?rest_route=\/wp\/v2\/media\/43683"}],"wp:attachment":[{"href":"https:\/\/projectfood.fr\/index.php?rest_route=%2Fwp%2Fv2%2Fmedia&parent=105223"}],"wp:term":[{"taxonomy":"product_brand","embeddable":true,"href":"https:\/\/projectfood.fr\/index.php?rest_route=%2Fwp%2Fv2%2Fproduct_brand&post=105223"},{"taxonomy":"product_cat","embeddable":true,"href":"https:\/\/projectfood.fr\/index.php?rest_route=%2Fwp%2Fv2%2Fproduct_cat&post=105223"},{"taxonomy":"product_tag","embeddable":true,"href":"https:\/\/projectfood.fr\/index.php?rest_route=%2Fwp%2Fv2%2Fproduct_tag&post=105223"}],"curies":[{"name":"wp","href":"https:\/\/api.w.org\/{rel}","templated":true}]}}