{"id":105277,"date":"2024-04-10T12:39:13","date_gmt":"2024-04-10T10:39:13","guid":{"rendered":"https:\/\/projectfood-fr.stackstaging.com\/?post_type=product&#038;p=105277"},"modified":"2024-04-10T12:49:53","modified_gmt":"2024-04-10T10:49:53","slug":"revetement-de-four-en-marbre-travertin-blanc","status":"publish","type":"product","link":"https:\/\/projectfood.fr\/?product=revetement-de-four-en-marbre-travertin-blanc","title":{"rendered":"Rev\u00eatement de four en marbre travertin blanc"},"content":{"rendered":"<h2 style=\"text-align: left;\"><span style=\"font-size: 15px; color: #2185c2;\"><strong>Rev\u00eatement de four en marbre travertin blanc<\/strong><\/span><\/h2>\n<p><span style=\"color: #000000;\"><span style=\"font-size: 15px;\">Le rev\u00eatement est d\u00e9j\u00e0 appliqu\u00e9 au four choisi <\/span><\/span><\/p>\n","protected":false},"excerpt":{"rendered":"<p style=\"text-align: center;\"><span style=\"font-size: 16px;\"><strong><span style=\"color: #ff0000;\"><span style=\"color: #2185c2;\">ACCESSOIRE<\/span><\/span><\/strong><\/span><\/p>\n","protected":false},"featured_media":105278,"template":"","meta":{"inline_featured_image":false},"product_brand":[],"product_cat":[],"product_tag":[],"class_list":{"0":"post-105277","1":"product","2":"type-product","3":"status-publish","4":"has-post-thumbnail","6":"pa_codice-produttore-rivpianofissopm01","7":"pa_ean-24042","8":"pa_fornitore-ceky","9":"pa_madeinitaly-oui","10":"pa_materiel-de-construction-marbre-travertin","12":"first","13":"instock","14":"taxable","15":"shipping-taxable","16":"purchasable","17":"product-type-simple"},"df_price":3060,"df_sale_price":"","df_regular_price":3060,"df_image_link":"https:\/\/projectfood.fr\/wp-content\/uploads\/2024\/04\/PFAC01FP-PFAC01RP_RIVESTIMENTO-BIANCO-min-600x600-1-300x300.jpg","_links":{"self":[{"href":"https:\/\/projectfood.fr\/index.php?rest_route=\/wp\/v2\/product\/105277","targetHints":{"allow":["GET"]}}],"collection":[{"href":"https:\/\/projectfood.fr\/index.php?rest_route=\/wp\/v2\/product"}],"about":[{"href":"https:\/\/projectfood.fr\/index.php?rest_route=\/wp\/v2\/types\/product"}],"wp:featuredmedia":[{"embeddable":true,"href":"https:\/\/projectfood.fr\/index.php?rest_route=\/wp\/v2\/media\/105278"}],"wp:attachment":[{"href":"https:\/\/projectfood.fr\/index.php?rest_route=%2Fwp%2Fv2%2Fmedia&parent=105277"}],"wp:term":[{"taxonomy":"product_brand","embeddable":true,"href":"https:\/\/projectfood.fr\/index.php?rest_route=%2Fwp%2Fv2%2Fproduct_brand&post=105277"},{"taxonomy":"product_cat","embeddable":true,"href":"https:\/\/projectfood.fr\/index.php?rest_route=%2Fwp%2Fv2%2Fproduct_cat&post=105277"},{"taxonomy":"product_tag","embeddable":true,"href":"https:\/\/projectfood.fr\/index.php?rest_route=%2Fwp%2Fv2%2Fproduct_tag&post=105277"}],"curies":[{"name":"wp","href":"https:\/\/api.w.org\/{rel}","templated":true}]}}