{"id":106165,"date":"2024-05-27T18:03:06","date_gmt":"2024-05-27T16:03:06","guid":{"rendered":"https:\/\/projectfood-fr.stackstaging.com\/?post_type=product&#038;p=106165"},"modified":"2024-05-27T18:06:47","modified_gmt":"2024-05-27T16:06:47","slug":"cuve-supplementaire-pour-planetaire-pfp60pl","status":"publish","type":"product","link":"https:\/\/projectfood.fr\/?product=cuve-supplementaire-pour-planetaire-pfp60pl","title":{"rendered":"Cuve suppl\u00e9mentaire pour plan\u00e9taire PFP60PL"},"content":{"rendered":"<h2><span style=\"font-size: 16px;\"><strong><span style=\"color: #2185c2;\">Cuve pour p\u00e9trisseuse plan\u00e9taire (mod\u00e8le PFP60PL)<\/span><\/strong><\/span><\/h2>\n<p><span style=\"color: #000000; font-size: 15px;\">Cuve pour p\u00e9trisseuse plan\u00e9taire (mod\u00e8le PFP60PL), accessoire pour plan\u00e9taires.<\/span><\/p>\n","protected":false},"excerpt":{"rendered":"<p style=\"text-align: center;\"><span style=\"color: #2185c2;\"><strong><span style=\"font-size: medium;\">LIVRAISON PROMTE\u00a0<\/span><\/strong><\/span><\/p>\n","protected":false},"featured_media":106071,"template":"","meta":{"inline_featured_image":false},"product_brand":[],"product_cat":[23153],"product_tag":[],"class_list":{"0":"post-106165","1":"product","2":"type-product","3":"status-publish","4":"has-post-thumbnail","6":"product_cat-accessoires-equipement-de-cuisine","7":"pa_codice-produttore-acpln60bl","8":"pa_ean-19821","9":"pa_fornitore-fimar","10":"pa_prontaconsegna-oui","12":"first","13":"instock","14":"taxable","15":"shipping-taxable","16":"purchasable","17":"product-type-simple"},"df_price":744,"df_sale_price":"","df_regular_price":744,"df_image_link":"https:\/\/projectfood.fr\/wp-content\/uploads\/2024\/05\/products-vasap5_2_1_1-300x300.jpg","_links":{"self":[{"href":"https:\/\/projectfood.fr\/index.php?rest_route=\/wp\/v2\/product\/106165","targetHints":{"allow":["GET"]}}],"collection":[{"href":"https:\/\/projectfood.fr\/index.php?rest_route=\/wp\/v2\/product"}],"about":[{"href":"https:\/\/projectfood.fr\/index.php?rest_route=\/wp\/v2\/types\/product"}],"wp:featuredmedia":[{"embeddable":true,"href":"https:\/\/projectfood.fr\/index.php?rest_route=\/wp\/v2\/media\/106071"}],"wp:attachment":[{"href":"https:\/\/projectfood.fr\/index.php?rest_route=%2Fwp%2Fv2%2Fmedia&parent=106165"}],"wp:term":[{"taxonomy":"product_brand","embeddable":true,"href":"https:\/\/projectfood.fr\/index.php?rest_route=%2Fwp%2Fv2%2Fproduct_brand&post=106165"},{"taxonomy":"product_cat","embeddable":true,"href":"https:\/\/projectfood.fr\/index.php?rest_route=%2Fwp%2Fv2%2Fproduct_cat&post=106165"},{"taxonomy":"product_tag","embeddable":true,"href":"https:\/\/projectfood.fr\/index.php?rest_route=%2Fwp%2Fv2%2Fproduct_tag&post=106165"}],"curies":[{"name":"wp","href":"https:\/\/api.w.org\/{rel}","templated":true}]}}