{"id":106169,"date":"2024-05-28T14:16:06","date_gmt":"2024-05-28T12:16:06","guid":{"rendered":"https:\/\/projectfood-fr.stackstaging.com\/?post_type=product&#038;p=106169"},"modified":"2024-05-28T14:42:33","modified_gmt":"2024-05-28T12:42:33","slug":"petrisseuse-planetaire-monophase-de-40-litres-avec-3-vitesses","status":"publish","type":"product","link":"https:\/\/projectfood.fr\/?product=petrisseuse-planetaire-monophase-de-40-litres-avec-3-vitesses","title":{"rendered":"P\u00e9trisseuse plan\u00e9taire monophas\u00e9 de 40 litres avec 3 vitesses"},"content":{"rendered":"<h2 dir=\"ltr\"><span style=\"color: #2185c2; font-size: 16px;\"><strong>P\u00e9trisseuse plan\u00e9taire monophas\u00e9 capacit\u00e9 40 litres &#8211; puissance 2100 watt<\/strong><\/span><\/h2>\n<p dir=\"ltr\"><span style=\"font-size: 15px; color: #000000;\">La <strong>machine plan\u00e9taire<\/strong> est con\u00e7ue pour la pr\u00e9paration de produits de consistance moyenne, id\u00e9ale pour <strong>p\u00e2tisseries<\/strong>, <strong>boulangeries<\/strong> et <strong>restaurants<\/strong> n\u00e9cessitant un \u00e9quipement pratique et permettant de gagner du temps.<\/span><\/p>\n<p><span style=\"font-size: 15px; color: #000000;\">La structure est recouvert de <strong>peinture anti-rayures<\/strong>, tandis que le couvercle, la cuve et le fouet sont en<strong> acier inox<\/strong> en revanche, le crochet et la spatule sont en <strong> aluminium.\u00a0<\/strong><\/span><\/p>\n<p><span style=\"font-size: 15px; color: #000000;\">La <strong>t\u00eate<\/strong> de la p\u00e9trisseuse plan\u00e9taire est <strong>relevable<\/strong> par un levier situ\u00e9 sur le c\u00f4t\u00e9 de la machine.<\/span><\/p>\n<p><span style=\"font-size: 15px; color: #000000;\">Le plan\u00e9taire est \u00e9quip\u00e9 d\u2019un interrupteur <strong>ON\/OFF<\/strong> qui permet d\u2019arr\u00eater la machine pendant l\u2019utilisation.<\/span><\/p>\n<p><span style=\"font-size: 15px; color: #000000;\">La <strong>vitesse<\/strong> de rotation peut \u00eatre <strong>r\u00e9gl\u00e9e<\/strong> \u00e0 l\u2019aide d\u2019un s\u00e9lecteur <strong>\u00e0 3 positions<\/strong>, permettant un large choix entre <strong>120 rpm<\/strong> \/ <strong>180 rpm<\/strong> \/ <strong>520<\/strong><\/span><span style=\"font-size: 15px; color: #000000;\"><strong> rpm.<\/strong>\u00a0<\/span><\/p>\n<p><span style=\"font-size: 15px; color: #000000;\">La <strong>transmission<\/strong> de la machine se fait par <strong>courroie<\/strong> et les engrenages sont lubrifi\u00e9s avec de la graisse pour assurer un fonctionnement fluide.<\/span><\/p>\n<p><span style=\"font-size: 15px; color: #000000;\">L\u2019alimentation <strong>monophas\u00e9e<\/strong> par c\u00e2ble avec <strong>prise Schuko<\/strong>.<\/span><\/p>\n<p><span style=\"font-size: 15px;\"><strong><span style=\"color: #2185c2;\">\u00c9QUIPEMENT DE S\u00c9RIE :\u00a0<\/span><\/strong><\/span><\/p>\n<ul>\n<li><span style=\"color: #000000; font-size: 15px;\"><strong>Cuve <\/strong>de 40 litres: amovible et avec lib\u00e9ration rapide pour un nettoyage facile;<\/span><\/li>\n<li><span style=\"color: #000000; font-size: 15px;\"><strong>Crochet:<\/strong> id\u00e9al pour les p\u00e2tes solides telles que celles utilis\u00e9es pour la pizza et les desserts;<\/span><\/li>\n<li><span style=\"color: #000000; font-size: 15px;\"><strong>Spatole:<\/strong> parfait pour m\u00e9langer des compos\u00e9s plus d\u00e9licats tels que des frolles, des p\u00e2tes fouett\u00e9es et des fourrages;<\/span><\/li>\n<li><span id=\"docs-internal-guid-5afa952d-7fff-c20f-0a1d-d12b3cb7a1ad\" style=\"color: #000000; font-size: 15px;\"><strong>Fouet:<\/strong> convient pour les p\u00e9trissages l\u00e9g\u00e8res et moelleuses.<\/span><\/li>\n<\/ul>\n<p dir=\"ltr\"><span style=\"font-size: 15px; color: #000000;\">N\u2019h\u00e9sitez pas \u00e0 nous contacter pour plus de d\u00e9tails sur la plan\u00e9taire et pour discuter de vos besoins sp\u00e9cifiques. Chez <span style=\"color: #2185c2;\"><strong>Projectfood<\/strong>\u00a0<\/span>nous sommes pr\u00eats \u00e0 vous aider \u00e0 trouver la solution la plus adapt\u00e9e \u00e0 vos besoins.<\/span><\/p>\n","protected":false},"excerpt":{"rendered":"<p style=\"text-align: center;\"><span style=\"color: #2185c2; font-size: medium;\"><strong>LIVRAISON PROMPTE<\/strong><\/span><\/p>\n<p>&nbsp;<\/p>\n","protected":false},"featured_media":105955,"template":"","meta":{"inline_featured_image":false},"product_brand":[],"product_cat":[1399,1722],"product_tag":[],"class_list":{"0":"post-106169","1":"product","2":"type-product","3":"status-publish","4":"has-post-thumbnail","6":"product_cat-melangeur-planetarie","7":"product_cat-planetaire-professionnelle","8":"pa_24-heures-oui","9":"pa_alimentation-monophase-230v-1n-50hz","10":"pa_capacite-litres-reservoir-minimun-4-litres-maximum-40-litres","11":"pa_caracteristiques-outils-aluminium-acier-inox","12":"pa_caracteristiques-reservoir-acier-inoxydable","13":"pa_codice-produttore-mzpl040","14":"pa_dimension-baignoire-o-400-x-h-380-mm","15":"pa_dimension-exterieure-lxp-l650xp620xh1120-mm","16":"pa_ean-24278","17":"pa_equipement-de-serie-cuve-crochet-spatule-et-fouet","18":"pa_fornitore-prismafood","19":"pa_prontaconsegna-oui","20":"pa_puissance-2100-watt","21":"pa_structure-du-melangeur-aluminium-prelaque-blanc","22":"pa_type-de-moteur-transmission-a-3-vitesses-avec-courroie-et-engrenages","23":"pa_vitesse-1-vitesse-120-rpm-2-vitesse-187-rpm-3-vitesse-520-rpm","25":"first","26":"instock","27":"taxable","28":"shipping-taxable","29":"purchasable","30":"product-type-simple"},"df_price":1427,"df_sale_price":"","df_regular_price":1427,"df_image_link":"https:\/\/projectfood.fr\/wp-content\/uploads\/2024\/05\/PFP30PL_PLANETARIA-MONOFASE-30-LITRI-min-600x600-1-300x300.jpg","_links":{"self":[{"href":"https:\/\/projectfood.fr\/index.php?rest_route=\/wp\/v2\/product\/106169","targetHints":{"allow":["GET"]}}],"collection":[{"href":"https:\/\/projectfood.fr\/index.php?rest_route=\/wp\/v2\/product"}],"about":[{"href":"https:\/\/projectfood.fr\/index.php?rest_route=\/wp\/v2\/types\/product"}],"wp:featuredmedia":[{"embeddable":true,"href":"https:\/\/projectfood.fr\/index.php?rest_route=\/wp\/v2\/media\/105955"}],"wp:attachment":[{"href":"https:\/\/projectfood.fr\/index.php?rest_route=%2Fwp%2Fv2%2Fmedia&parent=106169"}],"wp:term":[{"taxonomy":"product_brand","embeddable":true,"href":"https:\/\/projectfood.fr\/index.php?rest_route=%2Fwp%2Fv2%2Fproduct_brand&post=106169"},{"taxonomy":"product_cat","embeddable":true,"href":"https:\/\/projectfood.fr\/index.php?rest_route=%2Fwp%2Fv2%2Fproduct_cat&post=106169"},{"taxonomy":"product_tag","embeddable":true,"href":"https:\/\/projectfood.fr\/index.php?rest_route=%2Fwp%2Fv2%2Fproduct_tag&post=106169"}],"curies":[{"name":"wp","href":"https:\/\/api.w.org\/{rel}","templated":true}]}}