{"id":106389,"date":"2024-06-13T16:38:14","date_gmt":"2024-06-13T14:38:14","guid":{"rendered":"https:\/\/projectfood-fr.stackstaging.com\/?post_type=product&#038;p=106389"},"modified":"2024-06-13T16:56:02","modified_gmt":"2024-06-13T14:56:02","slug":"chariot-a-farine-sur-roues-en-polycarbonate-de-102-litres","status":"publish","type":"product","link":"https:\/\/projectfood.fr\/?product=chariot-a-farine-sur-roues-en-polycarbonate-de-102-litres","title":{"rendered":"Chariot \u00e0 farine sur roues en polycarbonate de 102 litres"},"content":{"rendered":"<h2><span style=\"color: #2185c2ff; font-size: medium;\"><strong>Chariot \u00e0 farine sur roues en polycarbonate de 102 litres<\/strong><\/span><\/h2>\n<p><span style=\"color: #000000; font-size: 15px;\">Le chariot \u00e0 farine sur roues est <strong>enti\u00e8rement construite en polycarbonate\u00a0<\/strong><\/span><\/p>\n<p><span style=\"color: #000000; font-size: 15px;\">Poss\u00e8de un <strong>couvercle amovible en polycarbonate <\/strong>transparent inclin\u00e9 avec fermeture \u00e0 glissi\u00e8re pour demi-ouverture<\/span><\/p>\n<p><span style=\"color: #000000; font-size: 15px;\">Capacit\u00e9 maximale:<strong> 102 litres\u00a0<\/strong><\/span><\/p>\n<p>&nbsp;<\/p>\n","protected":false},"excerpt":{"rendered":"<p style=\"text-align: center;\"><span style=\"color: #0000ff; font-size: medium;\"><strong><span style=\"color: #000000;\"><span style=\"color: #2185c2;\">LIVRAISON PROMPTE<\/span><\/span><\/strong><\/span><\/p>\n","protected":false},"featured_media":106390,"template":"","meta":{"inline_featured_image":false},"product_brand":[],"product_cat":[24343],"product_tag":[],"class_list":{"0":"post-106389","1":"product","2":"type-product","3":"status-publish","4":"has-post-thumbnail","6":"product_cat-chariot-a-farine","7":"pa_capacite-102-litres","8":"pa_codice-produttore-trpp102","9":"pa_dimension-exterieure-lxp-l350xp720xh720-mm","10":"pa_ean-19886","11":"pa_fornitore-karel","12":"pa_materiel-de-construction-polycarbonate","13":"pa_prontaconsegna-oui","15":"first","16":"instock","17":"taxable","18":"shipping-taxable","19":"purchasable","20":"product-type-simple"},"df_price":163,"df_sale_price":"","df_regular_price":163,"df_image_link":"https:\/\/projectfood.fr\/wp-content\/uploads\/2024\/06\/PF102TR-min-600x600-1-300x300.jpg","_links":{"self":[{"href":"https:\/\/projectfood.fr\/index.php?rest_route=\/wp\/v2\/product\/106389","targetHints":{"allow":["GET"]}}],"collection":[{"href":"https:\/\/projectfood.fr\/index.php?rest_route=\/wp\/v2\/product"}],"about":[{"href":"https:\/\/projectfood.fr\/index.php?rest_route=\/wp\/v2\/types\/product"}],"wp:featuredmedia":[{"embeddable":true,"href":"https:\/\/projectfood.fr\/index.php?rest_route=\/wp\/v2\/media\/106390"}],"wp:attachment":[{"href":"https:\/\/projectfood.fr\/index.php?rest_route=%2Fwp%2Fv2%2Fmedia&parent=106389"}],"wp:term":[{"taxonomy":"product_brand","embeddable":true,"href":"https:\/\/projectfood.fr\/index.php?rest_route=%2Fwp%2Fv2%2Fproduct_brand&post=106389"},{"taxonomy":"product_cat","embeddable":true,"href":"https:\/\/projectfood.fr\/index.php?rest_route=%2Fwp%2Fv2%2Fproduct_cat&post=106389"},{"taxonomy":"product_tag","embeddable":true,"href":"https:\/\/projectfood.fr\/index.php?rest_route=%2Fwp%2Fv2%2Fproduct_tag&post=106389"}],"curies":[{"name":"wp","href":"https:\/\/api.w.org\/{rel}","templated":true}]}}