{"id":33389,"date":"2018-09-04T04:00:38","date_gmt":"2018-09-04T04:00:38","guid":{"rendered":"https:\/\/projectfood-fr.stackstaging.com\/?post_type=product&#038;p=33389"},"modified":"2023-01-18T12:29:55","modified_gmt":"2023-01-18T11:29:55","slug":"kit-de-pompe-de-dechargement-installe-par-nous","status":"publish","type":"product","link":"https:\/\/projectfood.fr\/?product=kit-de-pompe-de-dechargement-installe-par-nous","title":{"rendered":"Kit de pompe de d\u00e9chargement, Install\u00e9 par nous"},"content":{"rendered":"<p><span style=\"color: #000000;\">Pompe de d\u00e9chargement pour lave-verres et lave-vaisselle, d\u00e9j\u00e0 mont\u00e9e par nos m\u00eame<\/span><br \/>\n<span style=\"color: #000000;\">La machine est pr\u00eate \u00e0 l\u2019emploi<\/span><\/p>\n","protected":false},"excerpt":{"rendered":"<p><span style=\"color: #000000;\">Pompe de d\u00e9chargement pour lave-verre et lave-vaisselle<\/span><\/p>\n","protected":false},"featured_media":33390,"template":"","meta":{"inline_featured_image":false},"product_brand":[],"product_cat":[],"product_tag":[],"class_list":{"0":"post-33389","1":"product","2":"type-product","3":"status-publish","4":"has-post-thumbnail","6":"pa_allow-quotation-2352","7":"pa_codice-produttore-k-ext001","8":"pa_dimensions-exterieures-lxpxh-5x5x7","9":"pa_ean-2656","10":"pa_fornitore-sistema-project","11":"pa_product-image-size-0-2","12":"pa_prontaconsegna-oui","14":"first","15":"instock","16":"sale","17":"taxable","18":"shipping-taxable","19":"purchasable","20":"product-type-simple"},"df_price":70,"df_sale_price":70,"df_regular_price":129,"df_image_link":"https:\/\/projectfood.fr\/wp-content\/uploads\/2020\/07\/products-k-ext001.jpg","_links":{"self":[{"href":"https:\/\/projectfood.fr\/index.php?rest_route=\/wp\/v2\/product\/33389","targetHints":{"allow":["GET"]}}],"collection":[{"href":"https:\/\/projectfood.fr\/index.php?rest_route=\/wp\/v2\/product"}],"about":[{"href":"https:\/\/projectfood.fr\/index.php?rest_route=\/wp\/v2\/types\/product"}],"wp:featuredmedia":[{"embeddable":true,"href":"https:\/\/projectfood.fr\/index.php?rest_route=\/wp\/v2\/media\/33390"}],"wp:attachment":[{"href":"https:\/\/projectfood.fr\/index.php?rest_route=%2Fwp%2Fv2%2Fmedia&parent=33389"}],"wp:term":[{"taxonomy":"product_brand","embeddable":true,"href":"https:\/\/projectfood.fr\/index.php?rest_route=%2Fwp%2Fv2%2Fproduct_brand&post=33389"},{"taxonomy":"product_cat","embeddable":true,"href":"https:\/\/projectfood.fr\/index.php?rest_route=%2Fwp%2Fv2%2Fproduct_cat&post=33389"},{"taxonomy":"product_tag","embeddable":true,"href":"https:\/\/projectfood.fr\/index.php?rest_route=%2Fwp%2Fv2%2Fproduct_tag&post=33389"}],"curies":[{"name":"wp","href":"https:\/\/api.w.org\/{rel}","templated":true}]}}