{"id":33486,"date":"2018-09-05T05:08:06","date_gmt":"2018-09-05T03:08:06","guid":{"rendered":"https:\/\/projectfood-fr.stackstaging.com\/?post_type=product&#038;p=33486"},"modified":"2024-02-24T12:30:24","modified_gmt":"2024-02-24T11:30:24","slug":"lave-verres-mecanique-avec-panier-o-41-cm-avec-doseur-de-rincage-et-detergent","status":"publish","type":"product","link":"https:\/\/projectfood.fr\/?product=lave-verres-mecanique-avec-panier-o-41-cm-avec-doseur-de-rincage-et-detergent","title":{"rendered":"Lave-verres m\u00e9canique avec panier \u00d8 41 cm avec doseur de rin\u00e7age et d\u00e9tergent"},"content":{"rendered":"<p style=\"text-align: justify;\"><span style=\"color: #2185c2; font-size: medium;\"><strong>Pourquoi acheter une lave-verres Project Food ?<\/strong><\/span><\/p>\n<p><span style=\"color: #000000;\"><span style=\"text-align: justify;\">G\u00e9rez les cycles de lavage avec quelques boutons et gagnez un temps pr\u00e9cieux! <\/span><strong>Le cycle de lavage fixe de 120 secondes<\/strong><span style=\"text-align: justify;\"> garantit une capacit\u00e9 de lavage de <\/span><strong>30 paniers par heure.<\/strong><\/span><\/p>\n<p><span style=\"color: #000000; text-align: justify;\">Apr\u00e8s la phase de chauffage initiale, appuyez simplement sur les boutons d\u2019alimentation et d\u00e9marrez pour d\u00e9marrer, attendez 2 minutes, t\u00e9l\u00e9chargez le panier, et d\u00e9marrez le deuxi\u00e8me cycle.<\/span><\/p>\n<p><span style=\"color: #000000;\"><strong style=\"text-align: justify;\">La hauteur utile de 28 cm <\/strong><span style=\"text-align: justify;\">perm<span style=\"color: #000000;\">et d\u2019accueillir des verres de cette taille. Cela rend le lave-verres id\u00e9al pour \u00eatre utilis\u00e9 comme lave-vaisselle et comme lave-verres.<\/span><\/span><\/span><\/p>\n<p><span style=\"color: #000000;\"><span style=\"text-align: justify;\">Ce mod\u00e8le de lave-verres a un <\/span><strong style=\"text-align: justify;\"><strong style=\"text-align: justify;\">panier de diam\u00e8tre<\/strong>\u00a041 cm.<\/strong><\/span><\/p>\n<p><span style=\"color: #000000;\"><strong style=\"text-align: justify;\">Structure<\/strong><span style=\"text-align: justify;\"> enti\u00e8rement construite en <\/span><strong style=\"text-align: justify;\">acier inox.<\/strong><\/span><\/p>\n<p><span style=\"color: #000000;\"><span style=\"text-align: justify;\">La<strong style=\"text-align: justify;\">\u00a0lave-verres est \u00e9quip\u00e9 d\u2019une d\u00e9charge \u00e0 chute avec troppopieno<\/strong>.<\/span><\/span><\/p>\n<p style=\"text-align: justify;\"><span style=\"color: #000000;\"><strong style=\"text-align: justify;\">Doseur<\/strong><span style=\"text-align: justify;\"> p\u00e9ristaltique temporis\u00e9 de <\/span><strong style=\"text-align: justify;\">rin\u00e7age et d\u00e9tergent de s\u00e9rie.<\/strong><\/span><\/p>\n<p><span style=\"color: #000000; text-align: justify;\">Acc\u00e8s frontal \u00e0 tous les composants.<\/span><\/p>\n<p><span style=\"color: #000000; text-align: justify;\">Disposition interne des composants con\u00e7ue pour assurer une accessibilit\u00e9 rapide pendant les interventions de maintenance.<\/span><\/p>\n<p><span style=\"color: #000000; text-align: justify;\">Automatisation compl\u00e8te des op\u00e9rations de chargement du bassin et du chauffage.<\/span><\/p>\n<p><span style=\"color: #000000;\"><strong style=\"text-align: justify;\">Chauffe-eau int\u00e9gr\u00e9 en acier inox <\/strong><span style=\"text-align: justify;\">avec thermostat r\u00e9glable et thermostat de s\u00e9curit\u00e9 pour arr\u00eater le chauffage en cas de manque d\u2019eau.<\/span><\/span><\/p>\n<p><span style=\"color: #000000; text-align: justify;\">Microfiltre sur l\u2019aspiration de la pompe pour assurer une filtration parfaite de l\u2019eau.<\/span><\/p>\n<p><span style=\"color: #000000; text-align: justify;\">Vanne anti-retour pour \u00e9viter les reflux d\u2019eau dans le r\u00e9seau hydrique.<\/span><\/p>\n<p><span style=\"color: #000000; text-align: justify;\">Micro-interrupteur de s\u00e9curit\u00e9 pour \u00e9viter la fuite d\u2019eau nettoy\u00e9e en cas d\u2019ouverture de la porte \u00e0 boucle ouverte<\/span><\/p>\n<p><span style=\"color: #000000;\">Comme accessoire, il y a des <strong>bras de lavage en acier inoxydable<\/strong><\/span><\/p>\n<p><strong style=\"color: #2185c2; text-align: justify;\">COMMENT FONCTIONNE LA PERSONNALISATION DES LAVE-VERRES?<\/strong><\/p>\n<p><span style=\"color: #000000;\"><span style=\"text-align: justify;\">Projectfood vous donne la possibilit\u00e9 de personnaliser <\/span><strong style=\"text-align: justify;\">la lave-verres avec des graphiques personnalis\u00e9s<\/strong><span style=\"text-align: justify;\">, ce qui permet d\u2019avoir un lave-verres fonctionnel et d\u2019ameublement<\/span><\/span><\/p>\n<p><span style=\"color: #000000; text-align: justify;\">Les co\u00fbts de personnalisation sont \u00e9num\u00e9r\u00e9s dans les accessoires\u00a0<\/span><\/p>\n<p><span style=\"text-align: justify; color: #000000;\">Une fois que vous avez achet\u00e9 la personnalisation, vous devrez nous fournir le graphique \u00e0 appliquer ou demander \u00e0 un de nos graphistes de le d\u00e9velopper<\/span><\/p>\n<p><strong style=\"color: #2185c2;\">\u00c9QUIPEMENT DE S\u00c9RIE:<\/strong><\/p>\n<ul>\n<li><span style=\"color: #000000;\">N.2 <span style=\"text-align: justify;\">Paniers<\/span> diam\u00e8tre 41 cm<\/span><\/li>\n<li><span style=\"color: #000000;\">N.1 <span style=\"text-align: justify;\"><span style=\"text-align: justify;\">Porte-cuill\u00e8res<\/span><\/span><\/span><\/li>\n<li><span style=\"color: #000000;\"><span style=\"text-align: justify;\">Distributeur de liquide de rin\u00e7age et d\u00e9tergent inclus<\/span><\/span><\/li>\n<\/ul>\n<p><strong style=\"color: #2185c2; text-align: justify;\">Pour toute information, nous sommes \u00e0 votre disposition<\/strong><\/p>\n","protected":false},"excerpt":{"rendered":"<p style=\"text-align: center;\"><span style=\"color: #3366ff;\"><strong><span style=\"color: #339966;\"><strong><span style=\"color: #000000;\">\u00a0<\/span><\/strong>MADE<\/span><span style=\"color: #c0c0c0;\"> IN<\/span> <span style=\"color: #ff0000;\">ITALY<\/span> &#8211; <span style=\"color: #339966; font-size: medium;\"><span style=\"color: #2185c2;\">LIVRAISON PROMPTE<\/span><\/span><\/strong><\/span><\/p>\n<p style=\"text-align: center;\"><div class=\"su-youtube su-u-responsive-media-yes\"><iframe width=\"500\" height=\"400\" src=\"https:\/\/www.youtube.com\/embed\/HhXq0hP4pW0?autohide=2&amp;autoplay=1&amp;mute=1&amp;controls=1&amp;fs=1&amp;loop=1&amp;modestbranding=1&amp;playlist=HhXq0hP4pW0&amp;rel=0&amp;showinfo=1&amp;theme=dark&amp;wmode=opaco&amp;playsinline=0\" frameborder=\"0\" allowfullscreen allow=\"autoplay; encrypted-media; picture-in-picture\" title=\"\"><\/iframe><\/div><\/p>\n","protected":false},"featured_media":88281,"template":"","meta":{"inline_featured_image":false},"product_brand":[],"product_cat":[1501,1502],"product_tag":[],"class_list":{"0":"post-33486","1":"product","2":"type-product","3":"status-publish","4":"has-post-thumbnail","6":"product_cat-lave-verres-professionnel","7":"product_cat-mecanique-2","8":"pa_alimentation-monophase","9":"pa_capacite-reservoir-lt-8-5-lt","10":"pa_codice-produttore-jet40rd","11":"pa_dimension-exterieure-lxp-l450xp520xh692-mm","12":"pa_dimensions-panier-cm-oe41","13":"pa_doseur-rincage-oui","14":"pa_ean-2784","15":"pa_equipement-de-serie-n-2-paniers-ronds-n-1-porte-cuilleres-2","16":"pa_fornitore-sistema-project","17":"pa_madeinitaly-oui","18":"pa_panneau-de-commande-mecanique","19":"pa_passage-utile-310-mm","20":"pa_pompe-de-decharge-non","21":"pa_portata-pommm-q-120-lt-m-hmax-72-mt","22":"pa_pression-alimentation-eau-2-atm-3-4-gaz","23":"pa_production-horaire-1500-tasses-ou-verres","24":"pa_prontaconsegna-oui","25":"pa_puissance-absorbee-watt-3180-watt","26":"pa_resistance-bassin-500-watt","27":"pa_resistance-chauffe-eau-2400-watt-2","28":"pa_temps-restant-120-secondes","29":"pa_type-de-panier-rond","31":"first","32":"instock","33":"sale","34":"taxable","35":"shipping-taxable","36":"purchasable","37":"product-type-simple"},"df_price":829,"df_sale_price":829,"df_regular_price":924,"df_image_link":"https:\/\/projectfood.fr\/wp-content\/uploads\/2018\/09\/EC35-40RD_IMMAGINE-min-600x600-2-300x300.jpg","_links":{"self":[{"href":"https:\/\/projectfood.fr\/index.php?rest_route=\/wp\/v2\/product\/33486","targetHints":{"allow":["GET"]}}],"collection":[{"href":"https:\/\/projectfood.fr\/index.php?rest_route=\/wp\/v2\/product"}],"about":[{"href":"https:\/\/projectfood.fr\/index.php?rest_route=\/wp\/v2\/types\/product"}],"wp:featuredmedia":[{"embeddable":true,"href":"https:\/\/projectfood.fr\/index.php?rest_route=\/wp\/v2\/media\/88281"}],"wp:attachment":[{"href":"https:\/\/projectfood.fr\/index.php?rest_route=%2Fwp%2Fv2%2Fmedia&parent=33486"}],"wp:term":[{"taxonomy":"product_brand","embeddable":true,"href":"https:\/\/projectfood.fr\/index.php?rest_route=%2Fwp%2Fv2%2Fproduct_brand&post=33486"},{"taxonomy":"product_cat","embeddable":true,"href":"https:\/\/projectfood.fr\/index.php?rest_route=%2Fwp%2Fv2%2Fproduct_cat&post=33486"},{"taxonomy":"product_tag","embeddable":true,"href":"https:\/\/projectfood.fr\/index.php?rest_route=%2Fwp%2Fv2%2Fproduct_tag&post=33486"}],"curies":[{"name":"wp","href":"https:\/\/api.w.org\/{rel}","templated":true}]}}