{"id":33510,"date":"2018-09-06T12:49:05","date_gmt":"2018-09-06T12:49:05","guid":{"rendered":"https:\/\/projectfood-fr.stackstaging.com\/?post_type=product&#038;p=33510"},"modified":"2024-02-24T12:30:24","modified_gmt":"2024-02-24T11:30:24","slug":"lave-verres-electronique-monophase-avec-panier-35x35-complete-de-doseur-de-rincage-et-detergent","status":"publish","type":"product","link":"https:\/\/projectfood.fr\/?product=lave-verres-electronique-monophase-avec-panier-35x35-complete-de-doseur-de-rincage-et-detergent","title":{"rendered":"Lave-verres \u00e9lectronique monophas\u00e9 avec panier 35&#215;35 compl\u00e8te de doseur de rin\u00e7age et d\u00e9tergent"},"content":{"rendered":"<p style=\"text-align: justify;\"><span style=\"color: #2185c2; font-size: medium;\"><strong>Pourquoi acheter une lave-verres Project Food ?<\/strong><\/span><\/p>\n<p style=\"text-align: justify;\"><span style=\"color: #000000;\"><strong>Project Food <\/strong>propose la s\u00e9rie <strong>TP<\/strong> comme point de rencontre entre une machine de s\u00e9rie \u00e9conomique et une de haute gamme, combinant le meilleur des deux: <strong>fiab<\/strong><strong>ilit\u00e9<\/strong> et <strong>design de haut niveau \u00e0 un prix raisonnable.<\/strong><\/span><\/p>\n<p style=\"text-align: justify;\"><span style=\"color: #000000;\">Le fonctionnement de la machine est enti\u00e8rement automatique avec le <strong>syst\u00e8me thermostop<\/strong>, une fois allum\u00e9e il suffit de fermer la porte est la machine partie avec le <strong>cycle de <\/strong><strong>lavage qui peut \u00eatre de 90 ou 120 secondes<\/strong>\u00a0et garantit une capacit\u00e9 de lavage de <strong>30-40 paniers par heure<\/strong>. <\/span><span style=\"color: #000000;\">Attendez 2 minutes, t\u00e9l\u00e9chargez le panier, et commencez le deuxi\u00e8me cycle.<\/span><\/p>\n<p style=\"text-align: justify;\"><span style=\"color: #000000;\"><strong style=\"text-align: justify;\">La hauteur utile de 24 cm <\/strong><span style=\"text-align: justify;\">permet d\u2019accueillir des verres de cette taille. <\/span><\/span><\/p>\n<p style=\"text-align: justify;\"><span style=\"color: #000000;\"><span style=\"text-align: justify;\">Cela rend la lave-verres id\u00e9al pour \u00eatre utilis\u00e9 comme lave-vaisselle et comme lave-verres.<\/span><\/span><\/p>\n<p style=\"text-align: justify;\"><span style=\"color: #000000;\"><span style=\"text-align: justify;\">Ce mod\u00e8le de lave-verres a un <\/span><strong><strong style=\"text-align: justify;\">panier de <\/strong>35&#215;35 cm.<\/strong><\/span><\/p>\n<p><span style=\"color: #000000;\"><strong style=\"text-align: justify;\">La lave-verres est \u00e9quip\u00e9 de pompe de vindage <\/strong>qui permet de d\u00e9charger la machine m\u00eame si vous n\u2019avez pas de d\u00e9chargement en pente<span style=\"text-align: justify;\">.\u00a0<\/span><\/span><\/p>\n<p><span style=\"color: #000000;\"><strong>Structure<\/strong> enti\u00e8rement construite en <strong>acier inox.<\/strong><\/span><\/p>\n<p style=\"text-align: justify;\"><span style=\"color: #000000;\"><strong style=\"text-align: justify;\">Doseur<\/strong><span style=\"text-align: justify;\"> p\u00e9ristaltique temporis\u00e9 de <\/span><strong style=\"text-align: justify;\">rin\u00e7age et d\u00e9tergent de s\u00e9rie.<\/strong><\/span><\/p>\n<p><span style=\"color: #000000; text-align: justify;\">Acc\u00e8s frontal \u00e0 tous les composants\u00a0pour faciliter l&#8217;entretien<\/span><\/p>\n<p><span style=\"color: #000000; text-align: justify;\">Disposition interne des composants con\u00e7ue pour assurer une accessibilit\u00e9 rapide pendant les interventions de maintenance.<\/span><\/p>\n<p><span style=\"color: #000000; text-align: justify;\">Automatisation compl\u00e8te des op\u00e9rations de chargement du bassin et du chauffage.<\/span><\/p>\n<p><span style=\"color: #000000;\"><strong style=\"text-align: justify;\">Chauffe-eau int\u00e9gr\u00e9 en acier inox <\/strong><span style=\"text-align: justify;\">avec thermostat r\u00e9glable et thermostat de s\u00e9curit\u00e9 pour arr\u00eater le chauffage en cas de manque d\u2019eau.<\/span><\/span><\/p>\n<p><span style=\"color: #000000; text-align: justify;\">Vanne anti-retour pour \u00e9viter les reflux d\u2019eau dans le r\u00e9seau hydrique.<\/span><\/p>\n<p><span style=\"color: #000000; text-align: justify;\">Microfiltre sur l\u2019aspiration de la pompe pour assurer une filtration parfaite de l\u2019eau.<\/span><\/p>\n<p style=\"text-align: justify;\"><span style=\"color: #000000;\">Toute <strong>erreur ou demande de maintenance sera signal\u00e9e directement \u00e0 l\u2019\u00e9cran.<\/strong><\/span><\/p>\n<p><span style=\"color: #000000;\">Comme accessoire, il y a des <strong>bras de lavage en acier inoxydable <\/strong><\/span><\/p>\n<p style=\"text-align: justify;\"><strong style=\"color: #2185c2; text-align: justify;\">COMMENT FONCTIONNE LA PERSONNALISATION DES LAVE-VERRES?<\/strong><\/p>\n<p><span style=\"color: #000000;\"><span style=\"text-align: justify;\">Projectfood vous donne la possibilit\u00e9 de personnaliser <\/span><strong style=\"text-align: justify;\">la lave-verres avec des graphiques personnalis\u00e9s<\/strong><span style=\"text-align: justify;\">, ce qui permet d\u2019avoir un lave-verres fonctionnel et d\u2019ameublement<\/span><\/span><\/p>\n<p><span style=\"color: #000000; text-align: justify;\">Les co\u00fbts de personnalisation sont \u00e9num\u00e9r\u00e9s dans les accessoires\u00a0<\/span><\/p>\n<p><span style=\"color: #000000; text-align: justify;\">Une fois que vous avez achet\u00e9 la personnalisation, vous devrez nous fournir le graphique \u00e0 appliquer ou demander \u00e0 un de nos graphistes de le d\u00e9velopper<\/span><\/p>\n<p style=\"text-align: justify;\"><strong style=\"color: #2185c2;\">\u00c9QUIPEMENT DE S\u00c9RIE:<\/strong><\/p>\n<ul>\n<li style=\"text-align: justify;\"><span style=\"color: #000000;\">N.2 Paniers 35&#215;35 cm<\/span><\/li>\n<li style=\"text-align: justify;\"><span style=\"color: #000000;\">N.1 Porte-Plats<\/span><\/li>\n<li style=\"text-align: justify;\"><span style=\"color: #000000;\">N.1 <span style=\"text-align: justify;\"><span style=\"text-align: justify;\">Porte-cuill\u00e8res<\/span><\/span><\/span><\/li>\n<li>Pompe de vindage<\/li>\n<li style=\"text-align: justify;\"><span style=\"color: #000000;\"><span style=\"text-align: justify;\"><span style=\"text-align: justify;\">Doseur de liquide de rin\u00e7age et d\u00e9tergent inclus<\/span><\/span><\/span><\/li>\n<\/ul>\n<p><strong style=\"color: #2185c2; text-align: justify;\">Pour toute information, nous sommes \u00e0 votre disposition<\/strong><\/p>\n","protected":false},"excerpt":{"rendered":"<p style=\"text-align: center;\"><span style=\"color: #3366ff; font-size: 16px;\"><strong><span style=\"color: #339966;\">MADE<\/span><span style=\"color: #c0c0c0;\"> IN<\/span> <span style=\"color: #ff0000;\">ITALY<\/span> &#8211; <span style=\"color: #339966;\"><span style=\"color: #2185c2;\">LIVRAISON PROMPTE<\/span><\/span><span style=\"color: #2185c2;\"><strong>\u00a0<\/strong><\/span><\/strong><\/span><\/p>\n","protected":false},"featured_media":88365,"template":"","meta":{"inline_featured_image":false},"product_brand":[],"product_cat":[1503,1501],"product_tag":[],"class_list":{"0":"post-33510","1":"product","2":"type-product","3":"status-publish","4":"has-post-thumbnail","6":"product_cat-electronique-ligne-lavage","7":"product_cat-lave-verres-professionnel","8":"pa_24-heures-oui","9":"pa_alimentation-monophase","10":"pa_capacite-reservoir-lt-75-lt","11":"pa_codice-produttore-alpha35qdps","12":"pa_dimension-exterieure-lxp-l400xp470xh610-mm","13":"pa_dimensions-panier-cm-35x35-2","14":"pa_doseur-rincage-oui","15":"pa_ean-23432","16":"pa_equipement-de-serie-n-2-paniers-carrees-35x35-n-1-porte-cuilleres-n-1-porte-plats","17":"pa_fornitore-sistema-project","18":"pa_madeinitaly-oui","19":"pa_panneau-de-commande-electronique","20":"pa_passage-utile-255-mm","21":"pa_pompe-de-decharge-oui","22":"pa_portata-pommm-q-120lt-m-hmax-72-mt","23":"pa_pression-alimentation-eau-2-atm-3-4-gaz","24":"pa_production-horaire-1100-tasses-ou-verres","25":"pa_prontaconsegna-oui","26":"pa_puissance-absorbee-watt-3280-watts","27":"pa_resistance-bassin-500-watt","28":"pa_resistance-chauffe-eau-3000-watts","29":"pa_temps-restant-90-ou-120-secondes","30":"pa_type-de-panier-carre","32":"first","33":"instock","34":"taxable","35":"shipping-taxable","36":"purchasable","37":"product-type-simple"},"df_price":989,"df_sale_price":"","df_regular_price":989,"df_image_link":"https:\/\/projectfood.fr\/wp-content\/uploads\/2018\/09\/MED35QD-2-min-600x600-1-300x300.jpg","_links":{"self":[{"href":"https:\/\/projectfood.fr\/index.php?rest_route=\/wp\/v2\/product\/33510","targetHints":{"allow":["GET"]}}],"collection":[{"href":"https:\/\/projectfood.fr\/index.php?rest_route=\/wp\/v2\/product"}],"about":[{"href":"https:\/\/projectfood.fr\/index.php?rest_route=\/wp\/v2\/types\/product"}],"wp:featuredmedia":[{"embeddable":true,"href":"https:\/\/projectfood.fr\/index.php?rest_route=\/wp\/v2\/media\/88365"}],"wp:attachment":[{"href":"https:\/\/projectfood.fr\/index.php?rest_route=%2Fwp%2Fv2%2Fmedia&parent=33510"}],"wp:term":[{"taxonomy":"product_brand","embeddable":true,"href":"https:\/\/projectfood.fr\/index.php?rest_route=%2Fwp%2Fv2%2Fproduct_brand&post=33510"},{"taxonomy":"product_cat","embeddable":true,"href":"https:\/\/projectfood.fr\/index.php?rest_route=%2Fwp%2Fv2%2Fproduct_cat&post=33510"},{"taxonomy":"product_tag","embeddable":true,"href":"https:\/\/projectfood.fr\/index.php?rest_route=%2Fwp%2Fv2%2Fproduct_tag&post=33510"}],"curies":[{"name":"wp","href":"https:\/\/api.w.org\/{rel}","templated":true}]}}