{"id":33736,"date":"2018-09-08T06:25:50","date_gmt":"2018-09-08T06:25:50","guid":{"rendered":"https:\/\/projectfood-fr.stackstaging.com\/?post_type=product&#038;p=33736"},"modified":"2023-01-18T12:29:52","modified_gmt":"2023-01-18T11:29:52","slug":"kit-de-pompe-de-dechargement-installe-par-nous-2","status":"publish","type":"product","link":"https:\/\/projectfood.fr\/?product=kit-de-pompe-de-dechargement-installe-par-nous-2","title":{"rendered":"Kit de pompe de d\u00e9chargement, Install\u00e9 par nous"},"content":{"rendered":"<p><span style=\"color: #000000;\">Pompe de d\u00e9chargement pour lave-verres et lave-vaisselle, d\u00e9j\u00e0 mont\u00e9e par nos m\u00eame<\/span><br \/>\n<span style=\"color: #000000;\">La machine est pr\u00eate \u00e0 l\u2019emploi<\/span><\/p>\n","protected":false},"excerpt":{"rendered":"<p><span style=\"color: #2185c2;\"><strong>Pompe de d\u00e9chargement pour lave-verre et lave-vaisselle<\/strong><\/span><\/p>\n","protected":false},"featured_media":33737,"template":"","meta":{"inline_featured_image":false},"product_brand":[],"product_cat":[],"product_tag":[],"class_list":{"0":"post-33736","1":"product","2":"type-product","3":"status-publish","4":"has-post-thumbnail","6":"pa_allow-quotation-2352","7":"pa_codice-produttore-pds","8":"pa_dimensions-exterieures-lxpxh-5x5x7","9":"pa_ean-2963","10":"pa_fornitore-sistema-project","11":"pa_product-image-size-0-2","13":"first","14":"instock","15":"taxable","16":"shipping-taxable","17":"purchasable","18":"product-type-simple"},"df_price":199,"df_sale_price":"","df_regular_price":199,"df_image_link":"https:\/\/projectfood.fr\/wp-content\/uploads\/2020\/07\/products-pompa_di_scarico.jpg","_links":{"self":[{"href":"https:\/\/projectfood.fr\/index.php?rest_route=\/wp\/v2\/product\/33736","targetHints":{"allow":["GET"]}}],"collection":[{"href":"https:\/\/projectfood.fr\/index.php?rest_route=\/wp\/v2\/product"}],"about":[{"href":"https:\/\/projectfood.fr\/index.php?rest_route=\/wp\/v2\/types\/product"}],"wp:featuredmedia":[{"embeddable":true,"href":"https:\/\/projectfood.fr\/index.php?rest_route=\/wp\/v2\/media\/33737"}],"wp:attachment":[{"href":"https:\/\/projectfood.fr\/index.php?rest_route=%2Fwp%2Fv2%2Fmedia&parent=33736"}],"wp:term":[{"taxonomy":"product_brand","embeddable":true,"href":"https:\/\/projectfood.fr\/index.php?rest_route=%2Fwp%2Fv2%2Fproduct_brand&post=33736"},{"taxonomy":"product_cat","embeddable":true,"href":"https:\/\/projectfood.fr\/index.php?rest_route=%2Fwp%2Fv2%2Fproduct_cat&post=33736"},{"taxonomy":"product_tag","embeddable":true,"href":"https:\/\/projectfood.fr\/index.php?rest_route=%2Fwp%2Fv2%2Fproduct_tag&post=33736"}],"curies":[{"name":"wp","href":"https:\/\/api.w.org\/{rel}","templated":true}]}}