{"id":33771,"date":"2018-09-08T08:55:43","date_gmt":"2018-09-08T08:55:43","guid":{"rendered":"https:\/\/projectfood-fr.stackstaging.com\/?post_type=product&#038;p=33771"},"modified":"2024-02-24T12:28:22","modified_gmt":"2024-02-24T11:28:22","slug":"salamandre-electrique-de-table-avec-resistances-blindees-puissance-3200-watts","status":"publish","type":"product","link":"https:\/\/projectfood.fr\/?product=salamandre-electrique-de-table-avec-resistances-blindees-puissance-3200-watts","title":{"rendered":"Salamandre \u00e9lectrique de table avec r\u00e9sistances blind\u00e9es &#8211; puissance 3200 watts"},"content":{"rendered":"<div class=\"answer-detail Fw-n\">\n<div class=\"answer-detail Fw-n\">\n<p><strong><span style=\"font-size: 16px; color: #2185c2;\">Salamandre \u00e9lectrique de table avec r\u00e9sistances blind\u00e9es &#8211; puissance 3200 watts<\/span><\/strong><\/p>\n<p><strong style=\"color: #000000;\">La Salamandre<\/strong><span style=\"color: #000000;\">\u00a0est utile pour <\/span><strong style=\"color: #000000;\">maintenir la temp\u00e9rature des aliments, <\/strong><span style=\"color: #000000;\">elle est \u00e9galement utilis\u00e9e pour <\/span><strong style=\"color: #000000;\">griller<\/strong><span style=\"color: #000000;\"> et <\/span><strong style=\"color: #000000;\">gratiner.\u00a0<\/strong><\/p>\n<p><span style=\"color: #000000;\">La Salamandre a une structure <\/span><strong style=\"color: #000000;\"> robuste en Acier Inox et la<\/strong><span style=\"color: #000000;\">\u00a0<\/span><strong style=\"color: #000000;\"> chaleur est produite par des tubes en quartz<\/strong><span style=\"color: #000000;\"> situ\u00e9s dans la partie haute\u00a0\u00a0<\/span><\/p>\n<p><span style=\"color: #000000;\">Pour<\/span><strong style=\"color: #000000;\"> r\u00e9gler la temp\u00e9rature, <\/strong><span style=\"color: #000000;\">on dispose d\u2019un<\/span><strong style=\"color: #000000;\"> thermostat m\u00e9canique<\/strong><\/p>\n<\/div>\n<p><strong style=\"color: #000000;\"><span style=\"color: #000000;\">La <\/span>Grille a une taille de L630xP350 mm et est<span style=\"color: #000000;\">\u00a0\u00e9quip\u00e9e de<\/span> deux poign\u00e9es en plastique r\u00e9sistant \u00e0 la chaleur<\/strong><\/p>\n<p><strong style=\"color: #2185c2;\">ENTRETIEN ORDINAIRE ET NETTOYAGE<\/strong><\/p>\n<p><span style=\"color: #000000;\">-La Salamandre doit \u00eatre nettoy\u00e9e quotidiennement pour assurer le fonctionnement de la machine dans le temps<\/span><\/p>\n<p><span style=\"color: #000000;\">-Seuls des produits appropri\u00e9s doivent \u00eatre utilis\u00e9s pour nettoyer l\u2019appareil , ils ne doivent pas \u00eatre trop acides s\u2019ils ne nuisent pas \u00e0 la structure de la salamandre<\/span><\/p>\n<p><span style=\"color: #000000;\">-Ne jamais utiliser de paillettes abrasives car elles ab\u00eement la salamandre<\/span><\/p>\n<p><strong style=\"color: #2185c2;\">-Pour toute information, nous sommes \u00e0 votre disposition\u00a0<\/strong><\/p>\n<\/div>\n","protected":false},"excerpt":{"rendered":"<p style=\"text-align: center;\"><span style=\"font-size: medium;\"><strong><span style=\"color: #339966;\">MADE<\/span> <span style=\"color: #c0c0c0;\">IN<\/span> <span style=\"color: #ff6600;\"><span style=\"color: #ff0000;\">ITALY<\/span>\u00a0 <span style=\"color: #000000;\">&#8211;<\/span> <span style=\"color: #2185c2;\">LIVRAISON PROMPTE<\/span><\/span><\/strong><\/span><\/p>\n","protected":false},"featured_media":33772,"template":"","meta":{"inline_featured_image":false},"product_brand":[],"product_cat":[1440],"product_tag":[],"class_list":{"0":"post-33771","1":"product","2":"type-product","3":"status-publish","4":"has-post-thumbnail","6":"product_cat-salamandres-collation","7":"pa_alimentation-monophase-230v-1n-50-60hz","8":"pa_allow-quotation-2352","9":"pa_codice-produttore-sa70","10":"pa_dimensions-exterieures-lxpxh-l760xp360xh470-mm","11":"pa_ean-3014","12":"pa_fornitore-amitek","13":"pa_hauteur-utile-mm-12-22","14":"pa_madeinitaly-oui","15":"pa_product-image-size-0-2","16":"pa_prontaconsegna-oui","17":"pa_puissance-watt-3200-watt","18":"pa_voltage-230v-1n-50-60hz-2","20":"first","21":"instock","22":"taxable","23":"shipping-taxable","24":"purchasable","25":"product-type-simple"},"df_price":495,"df_sale_price":"","df_regular_price":495,"df_image_link":"https:\/\/projectfood.fr\/wp-content\/uploads\/2020\/07\/products-pfsa70.jpg","_links":{"self":[{"href":"https:\/\/projectfood.fr\/index.php?rest_route=\/wp\/v2\/product\/33771","targetHints":{"allow":["GET"]}}],"collection":[{"href":"https:\/\/projectfood.fr\/index.php?rest_route=\/wp\/v2\/product"}],"about":[{"href":"https:\/\/projectfood.fr\/index.php?rest_route=\/wp\/v2\/types\/product"}],"wp:featuredmedia":[{"embeddable":true,"href":"https:\/\/projectfood.fr\/index.php?rest_route=\/wp\/v2\/media\/33772"}],"wp:attachment":[{"href":"https:\/\/projectfood.fr\/index.php?rest_route=%2Fwp%2Fv2%2Fmedia&parent=33771"}],"wp:term":[{"taxonomy":"product_brand","embeddable":true,"href":"https:\/\/projectfood.fr\/index.php?rest_route=%2Fwp%2Fv2%2Fproduct_brand&post=33771"},{"taxonomy":"product_cat","embeddable":true,"href":"https:\/\/projectfood.fr\/index.php?rest_route=%2Fwp%2Fv2%2Fproduct_cat&post=33771"},{"taxonomy":"product_tag","embeddable":true,"href":"https:\/\/projectfood.fr\/index.php?rest_route=%2Fwp%2Fv2%2Fproduct_tag&post=33771"}],"curies":[{"name":"wp","href":"https:\/\/api.w.org\/{rel}","templated":true}]}}