{"id":33821,"date":"2018-09-08T13:29:57","date_gmt":"2018-09-08T11:29:57","guid":{"rendered":"https:\/\/projectfood-fr.stackstaging.com\/?post_type=product&#038;p=33821"},"modified":"2024-07-19T12:33:39","modified_gmt":"2024-07-19T10:33:39","slug":"presse-agrumes-electrique-professionnel-en-aluminium-peint-1800-rpm","status":"publish","type":"product","link":"https:\/\/projectfood.fr\/?product=presse-agrumes-electrique-professionnel-en-aluminium-peint-1800-rpm","title":{"rendered":"Presse-agrumes \u00e9lectrique professionnel en aluminium peint 1800 rpm"},"content":{"rendered":"<h2 style=\"text-align: left;\"><span style=\"color: #1784c4; font-size: 16px;\"><strong><span style=\"font-family: helvetica;\">Presse-agrumes \u00e9lectrique monophas\u00e9 en aluminium peint puissance 180 Watt\u00a0<\/span><\/strong><\/span><\/h2>\n<p><span style=\"color: #000000; font-size: 15px;\">Le <strong>presse-agrumes<\/strong> est utile dans les\u00a0<strong>bars, restaurants, h\u00f4tels<\/strong> et m\u00eame \u00e0 la <strong>maison<\/strong> pour pr\u00e9parer d\u2019excellents <strong>jus en peu de temps\u00a0<\/strong>\u00a0<\/span><\/p>\n<p><span style=\"color: #000000; font-size: 15px;\">Le presse-agrumes a une <strong>structure<\/strong> <strong>robuste <\/strong><strong>en aluminium peint<\/strong><strong> avec inserts en plastique<\/strong><\/span><\/p>\n<p><span style=\"color: #000000; font-size: 15px;\">Le presse-agrumes est \u00e9galement \u00e9quip\u00e9 d\u2019une<strong> triple pomme de pin extractible <\/strong>qui permet de presser des agrumes de diff\u00e9rentes tailles<\/span><\/p>\n<p><span style=\"font-size: 15px;\"><strong style=\"color: #2185c2;\">\u00c9QUIPEMENT DE S\u00c9RIE<\/strong><\/span><\/p>\n<ul>\n<li><span style=\"color: #000000; font-size: 15px;\">C\u00e2ble et prise d\u2019alimentation<\/span><\/li>\n<\/ul>\n<p><span style=\"font-size: 15px;\"><strong style=\"color: #2185c2;\">ENTRETIEN ORDINAIRE ET NETTOYAGE<\/strong><\/span><\/p>\n<ul>\n<li><span style=\"color: #000000; font-size: 15px;\">Le presse-agrumes doit \u00eatre nettoy\u00e9e quotidiennement pour assurer le fonctionnement de la machine dans le temps<\/span><\/li>\n<li><span style=\"color: #000000; font-size: 15px;\">Seuls des produits appropri\u00e9s doivent \u00eatre utilis\u00e9s pour nettoyer l\u2019appareil, ils ne doivent pas \u00eatre trop acides sinon ils ruinent la structure du mixeur<\/span><\/li>\n<li><span style=\"color: #000000; font-size: 15px;\">Ne jamais utiliser de paillettes abrasives car elles ruinent la machine<\/span><\/li>\n<\/ul>\n<p><span style=\"font-size: 15px;\"><strong style=\"color: #2185c2;\">Pour toute information, nous sommes \u00e0 votre disposition<\/strong><\/span><\/p>\n","protected":false},"excerpt":{"rendered":"<p style=\"text-align: center;\"><span style=\"font-size: small;\"><strong><span style=\"color: #ff6600;\"><span style=\"color: #3366ff;\"><span style=\"font-size: medium;\"><span style=\"color: #2185c2;\"><span style=\"color: #339966;\">LIGNE \u00c9CO<\/span> &#8211; LIVRAISON PROMPTE<\/span><\/span><\/span><\/span><\/strong><\/span><\/p>\n","protected":false},"featured_media":33822,"template":"","meta":{"inline_featured_image":false},"product_brand":[],"product_cat":[1441],"product_tag":[],"class_list":{"0":"post-33821","1":"product","2":"type-product","3":"status-publish","4":"has-post-thumbnail","6":"product_cat-presse-agrumes","7":"pa_alimentation-230-1n-50-monophase","8":"pa_allow-quotation-2352","9":"pa_codice-produttore-sm-cj4","10":"pa_dimensions-l220xp310xh360-mm","11":"pa_ean-3061","12":"pa_fornitore-fimar","13":"pa_product-image-size-0-2","14":"pa_prontaconsegna-oui","15":"pa_puissance-absorbee-watt-180-watt","16":"pa_vitesse-rpm-1800-rpm","18":"first","19":"instock","20":"taxable","21":"shipping-taxable","22":"purchasable","23":"product-type-simple"},"df_price":123,"df_sale_price":"","df_regular_price":123,"df_image_link":"https:\/\/projectfood.fr\/wp-content\/uploads\/2020\/07\/products-sm-cj4.jpg","_links":{"self":[{"href":"https:\/\/projectfood.fr\/index.php?rest_route=\/wp\/v2\/product\/33821","targetHints":{"allow":["GET"]}}],"collection":[{"href":"https:\/\/projectfood.fr\/index.php?rest_route=\/wp\/v2\/product"}],"about":[{"href":"https:\/\/projectfood.fr\/index.php?rest_route=\/wp\/v2\/types\/product"}],"wp:featuredmedia":[{"embeddable":true,"href":"https:\/\/projectfood.fr\/index.php?rest_route=\/wp\/v2\/media\/33822"}],"wp:attachment":[{"href":"https:\/\/projectfood.fr\/index.php?rest_route=%2Fwp%2Fv2%2Fmedia&parent=33821"}],"wp:term":[{"taxonomy":"product_brand","embeddable":true,"href":"https:\/\/projectfood.fr\/index.php?rest_route=%2Fwp%2Fv2%2Fproduct_brand&post=33821"},{"taxonomy":"product_cat","embeddable":true,"href":"https:\/\/projectfood.fr\/index.php?rest_route=%2Fwp%2Fv2%2Fproduct_cat&post=33821"},{"taxonomy":"product_tag","embeddable":true,"href":"https:\/\/projectfood.fr\/index.php?rest_route=%2Fwp%2Fv2%2Fproduct_tag&post=33821"}],"curies":[{"name":"wp","href":"https:\/\/api.w.org\/{rel}","templated":true}]}}