{"id":34427,"date":"2018-09-11T07:33:27","date_gmt":"2018-09-11T05:33:27","guid":{"rendered":"https:\/\/projectfood-fr.stackstaging.com\/?post_type=product&#038;p=34427"},"modified":"2024-11-06T17:43:45","modified_gmt":"2024-11-06T16:43:45","slug":"table-en-acier-inoxydable-sans-etagere-de-fond-avec-dosseret-l1300xp700xh850-mm-ligne-premium","status":"publish","type":"product","link":"https:\/\/projectfood.fr\/?product=table-en-acier-inoxydable-sans-etagere-de-fond-avec-dosseret-l1300xp700xh850-mm-ligne-premium","title":{"rendered":"Table ouvert en acier inoxydable sans \u00e9tag\u00e8re de fond avec dosseret L1300xP700xH850 mm &#8211; ligne premium"},"content":{"rendered":"<h2><span style=\"color: #3366ff;\"><strong><span style=\"color: #2185c2;\"><span style=\"font-size: 16px;\">Table ouvert en acier inox sans \u00e9tag\u00e8re de fond avec dosseret &#8211; L1300xP700xH850 mm<\/span>\u00a0<\/span><\/strong><\/span><\/h2>\n<p><span style=\"color: #000000; font-size: 15px;\">La table a une <strong>robuste structure en acier inox<\/strong> aisi 304 avec finition scotch brite<strong>.<\/strong><\/span><\/p>\n<p><span style=\"color: #000000; font-size: 15px;\">La tablette de travail est en <strong>acier inox aisi 304<\/strong> avec \u00e9paisseur de 40 mm<strong> renforc\u00e9 en bois agglom\u00e9r\u00e9 bilamin\u00e9 hydrofuge.<\/strong><\/span><\/p>\n<p><span style=\"color: #000000; font-size: 15px;\">La table peut \u00eatre r\u00e9gl\u00e9 en hauteur gr\u00e2ce aux <strong>quatre<\/strong> <strong>pieds r\u00e9glables.<\/strong><\/span><\/p>\n<p><span style=\"font-size: 15px; color: #000000;\">Le\u00a0<strong>dosseret<\/strong>\u00a0en acier inoxydable de la table est\u00a0<strong>haut 10 cm.<\/strong><\/span><\/p>\n<p><span style=\"color: #000000; font-size: 15px;\">La table arrive d\u00e9mont\u00e9e.<\/span><\/p>\n<p><span style=\"color: #000000; font-size: 15px;\"><strong>Notre acier est certifi\u00e9 MOCA pour une utilisation alimentaire.<\/strong><\/span><\/p>\n<p><span style=\"color: #000000; font-size: 15px;\">La<strong> charge du plateau sup\u00e9rieur<\/strong> est d\u2019environ <strong>100 kg par m\u00e8tre lin\u00e9aire<\/strong> uniform\u00e9ment r\u00e9parti.<\/span><\/p>\n<p><span style=\"color: #2185c2; font-size: 15px;\"><strong style=\"color: #2185c2;\">\u00c9QUIPEMENT DE S\u00c9RIE:<\/strong><\/span><\/p>\n<ul>\n<li><span style=\"color: #000000; font-size: 15px;\">Pieds r\u00e9glables<\/span><\/li>\n<\/ul>\n<p><span style=\"font-size: 15px;\"><strong style=\"color: #2185c2;\">NETTOYANT ET ENTRETIEN\u00a0<\/strong><\/span><\/p>\n<p><span style=\"font-size: 15px; color: #000000;\">La table a besoin d\u2019un nettoyage constant pour durer<\/span><\/p>\n<p><span style=\"font-size: 15px; color: #000000;\"><strong><span style=\"text-decoration: underline;\">Ne pas utiliser de produits acides et agressifs<\/span><\/strong> pour le nettoyage de l\u2019acier<\/span><\/p>\n<p><span style=\"font-size: 15px; color: #000000;\">Pour toute information, le personnel de <strong>Projectfood<\/strong> est \u00e0 votre disposition<\/span><\/p>\n","protected":false},"excerpt":{"rendered":"<p style=\"text-align: center;\"><strong><span style=\"color: #339966;\">MADE<\/span> <span style=\"color: #c0c0c0;\">IN<\/span><span style=\"color: #ff0000;\"> ITALY<\/span> &#8211; <span style=\"color: #2185c2;\">ACIER INOX AISI 304<\/span><\/strong><\/p>\n","protected":false},"featured_media":66306,"template":"","meta":{"inline_featured_image":false},"product_brand":[],"product_cat":[1678,1791,2092],"product_tag":[],"class_list":{"0":"post-34427","1":"product","2":"type-product","3":"status-publish","4":"has-post-thumbnail","6":"product_cat-table-prof-700","7":"product_cat-tables-inox-sans-etagere-de-fond-ligne-premium","8":"product_cat-tables-ouvertes","9":"pa_allow-quotation-2352","10":"pa_codice-produttore-dstgsr137a","11":"pa_commode-non","12":"pa_dosseret-oui","13":"pa_ean-3647","14":"pa_etagere-intermediaire-non-2","15":"pa_fornitore-ristopro","16":"pa_hauteur-comptoir-850-mm-2","17":"pa_longueur-table-1300-mm-3","18":"pa_madeinitaly-oui","19":"pa_product-image-size-0-2","20":"pa_profondita-ta-700-mm-5","21":"pa_typologie-comptoir-tables-simples","22":"pa_typologie-dacier-aisi-304","24":"first","25":"instock","26":"taxable","27":"shipping-taxable","28":"purchasable","29":"product-type-simple"},"df_price":324,"df_sale_price":"","df_regular_price":324,"df_image_link":"https:\/\/projectfood.fr\/wp-content\/uploads\/2018\/09\/PFETGSR137A-300x300.jpg","_links":{"self":[{"href":"https:\/\/projectfood.fr\/index.php?rest_route=\/wp\/v2\/product\/34427","targetHints":{"allow":["GET"]}}],"collection":[{"href":"https:\/\/projectfood.fr\/index.php?rest_route=\/wp\/v2\/product"}],"about":[{"href":"https:\/\/projectfood.fr\/index.php?rest_route=\/wp\/v2\/types\/product"}],"wp:featuredmedia":[{"embeddable":true,"href":"https:\/\/projectfood.fr\/index.php?rest_route=\/wp\/v2\/media\/66306"}],"wp:attachment":[{"href":"https:\/\/projectfood.fr\/index.php?rest_route=%2Fwp%2Fv2%2Fmedia&parent=34427"}],"wp:term":[{"taxonomy":"product_brand","embeddable":true,"href":"https:\/\/projectfood.fr\/index.php?rest_route=%2Fwp%2Fv2%2Fproduct_brand&post=34427"},{"taxonomy":"product_cat","embeddable":true,"href":"https:\/\/projectfood.fr\/index.php?rest_route=%2Fwp%2Fv2%2Fproduct_cat&post=34427"},{"taxonomy":"product_tag","embeddable":true,"href":"https:\/\/projectfood.fr\/index.php?rest_route=%2Fwp%2Fv2%2Fproduct_tag&post=34427"}],"curies":[{"name":"wp","href":"https:\/\/api.w.org\/{rel}","templated":true}]}}