{"id":35057,"date":"2018-09-13T15:44:29","date_gmt":"2018-09-13T15:44:29","guid":{"rendered":"https:\/\/projectfood-fr.stackstaging.com\/?post_type=product&#038;p=35057"},"modified":"2024-07-30T15:20:56","modified_gmt":"2024-07-30T13:20:56","slug":"plateau-chaud-avec-plaque-en-vitroceramique-l500xp500xh70-mm","status":"publish","type":"product","link":"https:\/\/projectfood.fr\/?product=plateau-chaud-avec-plaque-en-vitroceramique-l500xp500xh70-mm","title":{"rendered":"Plateau chaud avec plaque en vitroc\u00e9ramique L500xP500xH70 mm"},"content":{"rendered":"<h2><span style=\"color: #2185c2; font-size: 16px;\"><strong>Plateau chaud en verre tremp\u00e9 dimensions L500xP500xH70 mm\u00a0<\/strong><\/span><\/h2>\n<p><span style=\"color: #000000; font-size: 15px;\">Le<strong> plateau chaud de comptoir<\/strong> est utile pour maintenir la temp\u00e9rature des aliments \u00e0 servir aux clients.<\/span><\/p>\n<p><span style=\"font-size: 15px; color: #000000;\">Le plateau chaud a une <strong>structure <strong>robuste en acier<\/strong> inox 304<\/strong>\u00a0et <strong> \u00e9tag\u00e8re en verre tremp\u00e9 <\/strong>facilement nettoyable et hygi\u00e9nique.<\/span><\/p>\n<p><span style=\"color: #000000; font-size: 15px;\">Pour r\u00e9gler la <strong>temp\u00e9rature de 0\u00b0C \u00e0 +90\u00b0C <\/strong>un <strong>thermostat m\u00e9canique<\/strong> est disponible \u00e0 l\u2019avant avec l\u2019interrupteur ON\/OFF.<\/span><\/p>\n<p><span style=\"font-size: 15px; color: #000000;\">Ce type de plateau a une <strong>plaque chauffante<\/strong> qui garantit <strong>un meilleur rendement.<\/strong><\/span><\/p>\n<p><span style=\"font-size: 15px; color: #000000;\">\u00c9tag\u00e8re d\u2019appui plan chaud <strong>est de L500xP500 mm.<\/strong><\/span><\/p>\n<p><span style=\"color: #000000; font-size: 15px;\"><strong>C\u00e2ble d\u2019alimentation inclus dans le prix<\/strong><\/span><\/p>\n<p><span style=\"font-size: 15px;\"><strong style=\"color: #2185c2;\">ENTRETIEN ORDINAIRE ET NETTOYAGE<\/strong><\/span><\/p>\n<ul>\n<li><span style=\"color: #000000; font-size: 15px;\">Le plateau chaud doit \u00eatre nettoy\u00e9 quotidiennement pour assurer le fonctionnement de la machine dans le temps<\/span><\/li>\n<li><span style=\"color: #000000; font-size: 15px;\">Pour nettoyer l\u2019appareil, il ne faut utiliser que des produits appropri\u00e9s pour l\u2019\u00e9quipement alimentaire (le produit classique pour la vaisselle est \u00e9galement acceptable)<\/span><\/li>\n<li><span style=\"color: #000000; font-size: 15px;\">Il ne faut jamais utiliser de paillettes abrasives car elles ab\u00eement la machine \u00a0<\/span><\/li>\n<li><span style=\"font-size: 15px;\"><span style=\"color: #ff0000;\">Il ne faut pas mettre des produits avec une temp\u00e9rature plus \u00e9lev\u00e9e que 90\u00b0C parce que vous pouvez br\u00fbler la r\u00e9sistance<\/span><\/span><\/li>\n<\/ul>\n<p><span style=\"font-size: 15px;\"><strong style=\"color: #2185c2;\">Pour toute information, nous sommes \u00e0 votre disposition<\/strong><\/span><\/p>\n","protected":false},"excerpt":{"rendered":"<p style=\"text-align: center;\"><strong><span style=\"font-size: medium;\"><span style=\"color: #339966;\">MADE<\/span> <span style=\"color: #c0c0c0;\">IN<\/span> <span style=\"color: #ff6600;\"><span style=\"color: #ff0000;\">ITALY\u00a0 &#8211; <span style=\"color: #2185c2; font-size: medium;\"><span style=\"font-size: medium; color: #888888;\"><span style=\"color: #000000;\"><span style=\"color: #2185c2;\">LIVRAISON <\/span><span style=\"color: #2185c2;\">PROMPTE<\/span><\/span><\/span><\/span><\/span><\/span>\u00a0<\/span><\/strong><\/p>\n","protected":false},"featured_media":35058,"template":"","meta":{"inline_featured_image":false},"product_brand":[],"product_cat":[1419],"product_tag":[],"class_list":{"0":"post-35057","1":"product","2":"type-product","3":"status-publish","4":"has-post-thumbnail","6":"product_cat-plancher-chauds","7":"pa_alimentation-monophase-230v-1n-50hz","8":"pa_allow-quotation-2352","9":"pa_codice-produttore-pv50","10":"pa_dimensions-l500xp500xh70-mm","11":"pa_ean-4180","12":"pa_fornitore-amitek","13":"pa_madeinitaly-oui","14":"pa_product-image-size-0-2","15":"pa_prontaconsegna-oui","16":"pa_puissance-600-watt-2","18":"first","19":"instock","20":"taxable","21":"shipping-taxable","22":"purchasable","23":"product-type-simple"},"df_price":227,"df_sale_price":"","df_regular_price":227,"df_image_link":"https:\/\/projectfood.fr\/wp-content\/uploads\/2020\/07\/products-pv50.jpg","_links":{"self":[{"href":"https:\/\/projectfood.fr\/index.php?rest_route=\/wp\/v2\/product\/35057","targetHints":{"allow":["GET"]}}],"collection":[{"href":"https:\/\/projectfood.fr\/index.php?rest_route=\/wp\/v2\/product"}],"about":[{"href":"https:\/\/projectfood.fr\/index.php?rest_route=\/wp\/v2\/types\/product"}],"wp:featuredmedia":[{"embeddable":true,"href":"https:\/\/projectfood.fr\/index.php?rest_route=\/wp\/v2\/media\/35058"}],"wp:attachment":[{"href":"https:\/\/projectfood.fr\/index.php?rest_route=%2Fwp%2Fv2%2Fmedia&parent=35057"}],"wp:term":[{"taxonomy":"product_brand","embeddable":true,"href":"https:\/\/projectfood.fr\/index.php?rest_route=%2Fwp%2Fv2%2Fproduct_brand&post=35057"},{"taxonomy":"product_cat","embeddable":true,"href":"https:\/\/projectfood.fr\/index.php?rest_route=%2Fwp%2Fv2%2Fproduct_cat&post=35057"},{"taxonomy":"product_tag","embeddable":true,"href":"https:\/\/projectfood.fr\/index.php?rest_route=%2Fwp%2Fv2%2Fproduct_tag&post=35057"}],"curies":[{"name":"wp","href":"https:\/\/api.w.org\/{rel}","templated":true}]}}