{"id":35539,"date":"2018-09-17T11:58:20","date_gmt":"2018-09-17T11:58:20","guid":{"rendered":"https:\/\/projectfood-fr.stackstaging.com\/?post_type=product&#038;p=35539"},"modified":"2024-02-24T12:29:59","modified_gmt":"2024-02-24T11:29:59","slug":"grille-plastifiee-l505-mm-x-p415-mm-500","status":"publish","type":"product","link":"https:\/\/projectfood.fr\/?product=grille-plastifiee-l505-mm-x-p415-mm-500","title":{"rendered":"Grille plastifi\u00e9e L505 mm x P415 mm"},"content":{"rendered":"<p><span style=\"font-size: 15px; color: #2185c2;\"><strong>Grille plastifi\u00e9e pour armoire r\u00e9frig\u00e9r\u00e9e\u00a0<\/strong><\/span><\/p>\n","protected":false},"excerpt":{"rendered":"<p style=\"text-align: center;\"><span style=\"color: #2185c2;\"><strong>LIVRAISON PROMPTE\u00a0<\/strong><\/span><\/p>\n","protected":false},"featured_media":35540,"template":"","meta":{"inline_featured_image":false},"product_brand":[],"product_cat":[1374],"product_tag":[],"class_list":{"0":"post-35539","1":"product","2":"type-product","3":"status-publish","4":"has-post-thumbnail","6":"product_cat-griglie-per-frigo","7":"pa_ean-4577","8":"pa_prontaconsegna-oui","10":"first","11":"instock","12":"taxable","13":"shipping-taxable","14":"purchasable","15":"product-type-simple"},"df_price":21,"df_sale_price":"","df_regular_price":21,"df_image_link":"https:\/\/projectfood.fr\/wp-content\/uploads\/2020\/07\/products-she16_1_1_1_1_2_1.jpg","_links":{"self":[{"href":"https:\/\/projectfood.fr\/index.php?rest_route=\/wp\/v2\/product\/35539","targetHints":{"allow":["GET"]}}],"collection":[{"href":"https:\/\/projectfood.fr\/index.php?rest_route=\/wp\/v2\/product"}],"about":[{"href":"https:\/\/projectfood.fr\/index.php?rest_route=\/wp\/v2\/types\/product"}],"wp:featuredmedia":[{"embeddable":true,"href":"https:\/\/projectfood.fr\/index.php?rest_route=\/wp\/v2\/media\/35540"}],"wp:attachment":[{"href":"https:\/\/projectfood.fr\/index.php?rest_route=%2Fwp%2Fv2%2Fmedia&parent=35539"}],"wp:term":[{"taxonomy":"product_brand","embeddable":true,"href":"https:\/\/projectfood.fr\/index.php?rest_route=%2Fwp%2Fv2%2Fproduct_brand&post=35539"},{"taxonomy":"product_cat","embeddable":true,"href":"https:\/\/projectfood.fr\/index.php?rest_route=%2Fwp%2Fv2%2Fproduct_cat&post=35539"},{"taxonomy":"product_tag","embeddable":true,"href":"https:\/\/projectfood.fr\/index.php?rest_route=%2Fwp%2Fv2%2Fproduct_tag&post=35539"}],"curies":[{"name":"wp","href":"https:\/\/api.w.org\/{rel}","templated":true}]}}