{"id":36036,"date":"2018-09-18T11:01:21","date_gmt":"2018-09-18T09:01:21","guid":{"rendered":"https:\/\/projectfood-fr.stackstaging.com\/?post_type=product&#038;p=36036"},"modified":"2024-11-26T11:56:15","modified_gmt":"2024-11-26T10:56:15","slug":"table-en-acier-inoxydable-avec-porte-l1900xp700xh850-mm-ligne-premium","status":"publish","type":"product","link":"https:\/\/projectfood.fr\/?product=table-en-acier-inoxydable-avec-porte-l1900xp700xh850-mm-ligne-premium","title":{"rendered":"Table en acier inoxydable sans dosseret L1900xP700xH850 mm &#8211; ligne premium"},"content":{"rendered":"<h2><span style=\"color: #3366ff; font-size: 16px;\"><strong><span style=\"color: #2185c2;\">Table armoire en acier inox sans dosseret &#8211; L1900xP700xH850 mm <\/span><\/strong><\/span><\/h2>\n<p><span style=\"color: #000000; font-size: 15px;\">La table a une <strong>robuste structure en acier inox<\/strong> aisi 304 avec finition scotch brite<strong>.<\/strong><\/span><\/p>\n<p><span style=\"color: #000000; font-size: 15px;\">La tablette de travail est en <strong>acier inox aisi 304<\/strong> avec \u00e9paisseur de 40 mm<strong> renforc\u00e9 en bois agglom\u00e9r\u00e9 bilamin\u00e9 hydrofuge.<\/strong><\/span><\/p>\n<p><span style=\"color: #000000; font-size: 15px;\">La table peut \u00eatre r\u00e9gl\u00e9 en hauteur gr\u00e2ce aux <strong>quatre<\/strong> <strong>pieds r\u00e9glables.<\/strong><\/span><\/p>\n<p><span style=\"font-size: 15px; color: #000000;\">La table est \u00e9quip\u00e9e d\u2019une porte battante.<\/span><\/p>\n<p><span style=\"color: #000000; font-size: 15px;\">La table arrive d\u00e9mont\u00e9e<\/span><\/p>\n<p><span style=\"color: #000000; font-size: 15px;\"><strong>Notre acier est certifi\u00e9 MOCA pour une utilisation alimentaire.<\/strong><\/span><\/p>\n<p><span style=\"color: #000000; font-size: 15px;\">La<strong> charge du plateau sup\u00e9rieur<\/strong> est d\u2019environ <strong>100 kg par m\u00e8tre lin\u00e9aire<\/strong> uniform\u00e9ment r\u00e9parti.<\/span><\/p>\n<p><span style=\"color: #2185c2; font-size: 15px;\"><strong style=\"color: #2185c2;\">\u00c9QUIPEMENT DE S\u00c9RIE:<\/strong><\/span><\/p>\n<ul>\n<li><span style=\"color: #000000; font-size: 15px;\">Pieds r\u00e9glables<\/span><\/li>\n<li><span style=\"font-size: 15px; color: #000000;\">N.1 \u00e9tag\u00e8re interm\u00e9diaire\u00a0<\/span><\/li>\n<\/ul>\n<p><span style=\"font-size: 15px;\"><strong style=\"color: #2185c2;\">NETTOYANT ET ENTRETIEN\u00a0<\/strong><\/span><\/p>\n<p><span style=\"font-size: 15px; color: #000000;\">La table a besoin d\u2019un nettoyage constant pour durer<\/span><\/p>\n<p><span style=\"font-size: 15px; color: #000000;\"><strong><span style=\"text-decoration: underline;\">Ne pas utiliser de produits acides et agressifs<\/span><\/strong> pour le nettoyage de l\u2019acier<\/span><\/p>\n<p><span style=\"font-size: 15px; color: #000000;\">Pour toute information, le personnel de <strong>Projectfood<\/strong> est \u00e0 votre disposition<\/span><\/p>\n<p>&nbsp;<\/p>\n<p>&nbsp;<\/p>\n","protected":false},"excerpt":{"rendered":"<p style=\"text-align: center;\"><strong><span style=\"color: #339966;\">MADE<\/span> <span style=\"color: #c0c0c0;\">IN<\/span><span style=\"color: #ff0000;\"> ITALY<\/span> &#8211; <span style=\"color: #2185c2;\">ACIER INOX<\/span><\/strong><\/p>\n","protected":false},"featured_media":67462,"template":"","meta":{"inline_featured_image":false},"product_brand":[],"product_cat":[1694,1800],"product_tag":[],"class_list":{"0":"post-36036","1":"product","2":"type-product","3":"status-publish","4":"has-post-thumbnail","6":"product_cat-tables-prof-700-9","7":"product_cat-tables-armoires-avec-portes-ligne-premium","8":"pa_allow-quotation-2352","9":"pa_codice-produttore-dsta197","10":"pa_dosseret-non","11":"pa_ean-4983","12":"pa_etagere-intermediaire-oui","13":"pa_fornitore-ristopro","14":"pa_hauteur-comptoir-850-mm-2","15":"pa_longueur-table-1900-mm-3","16":"pa_madeinitaly-oui","17":"pa_nombre-portes-n-2-portes","18":"pa_product-image-size-0-2","19":"pa_profondita-ta-700-mm-5","20":"pa_typologie-comptoir-table-equipe","21":"pa_typologie-dacier-aisi-304","22":"pa_typologie-porte-inox-porta-scorrevole","24":"first","25":"instock","26":"taxable","27":"shipping-taxable","28":"purchasable","29":"product-type-simple"},"df_price":822,"df_sale_price":"","df_regular_price":822,"df_image_link":"https:\/\/projectfood.fr\/wp-content\/uploads\/2018\/09\/PFETA197-min-300x300.jpg","_links":{"self":[{"href":"https:\/\/projectfood.fr\/index.php?rest_route=\/wp\/v2\/product\/36036","targetHints":{"allow":["GET"]}}],"collection":[{"href":"https:\/\/projectfood.fr\/index.php?rest_route=\/wp\/v2\/product"}],"about":[{"href":"https:\/\/projectfood.fr\/index.php?rest_route=\/wp\/v2\/types\/product"}],"wp:featuredmedia":[{"embeddable":true,"href":"https:\/\/projectfood.fr\/index.php?rest_route=\/wp\/v2\/media\/67462"}],"wp:attachment":[{"href":"https:\/\/projectfood.fr\/index.php?rest_route=%2Fwp%2Fv2%2Fmedia&parent=36036"}],"wp:term":[{"taxonomy":"product_brand","embeddable":true,"href":"https:\/\/projectfood.fr\/index.php?rest_route=%2Fwp%2Fv2%2Fproduct_brand&post=36036"},{"taxonomy":"product_cat","embeddable":true,"href":"https:\/\/projectfood.fr\/index.php?rest_route=%2Fwp%2Fv2%2Fproduct_cat&post=36036"},{"taxonomy":"product_tag","embeddable":true,"href":"https:\/\/projectfood.fr\/index.php?rest_route=%2Fwp%2Fv2%2Fproduct_tag&post=36036"}],"curies":[{"name":"wp","href":"https:\/\/api.w.org\/{rel}","templated":true}]}}