{"id":37989,"date":"2018-09-24T08:15:15","date_gmt":"2018-09-24T06:15:15","guid":{"rendered":"https:\/\/projectfood-fr.stackstaging.com\/?post_type=product&#038;p=37989"},"modified":"2024-09-09T09:38:52","modified_gmt":"2024-09-09T07:38:52","slug":"evier-en-acier-inoxydable-avec-dosseret-l1800xp600xh850-mm-ligne-premium","status":"publish","type":"product","link":"https:\/\/projectfood.fr\/?product=evier-en-acier-inoxydable-avec-dosseret-l1800xp600xh850-mm-ligne-premium","title":{"rendered":"\u00c9vier armoire en acier inoxydable avec une cuve L1800xP600xH850 mm &#8211; ligne premium"},"content":{"rendered":"<p><span style=\"color: #2185c2;\"><strong>\u00c9vier armoire en acier inox avec une cuve &#8211; L1800xP600xH850 mm\u00a0<\/strong><\/span><\/p>\n<p><span style=\"color: #000000; font-size: 15px;\">L\u2019\u00e9vier a une<strong> robuste structure en acier inoxydable aisi <\/strong>304 avec finition scotch brite.<\/span><\/p>\n<p><span style=\"color: #000000; font-size: 15px;\"><strong>La cuve est en acier inoxydable aisi<\/strong> 304 moul\u00e9 et soud\u00e9.<\/span><\/p>\n<p><span style=\"color: #000000; font-size: 15px;\"><strong>Taille du bac L800xP400xH350 mm.<\/strong> Il est id\u00e9al pour \u00eatre utilis\u00e9 comme un<strong> lave-casseroles.<\/strong><\/span><\/p>\n<p><span style=\"color: #000000; font-size: 15px;\">L\u2019\u00e9vier est \u00e9quip\u00e9 de <strong>portes coulissantes amovibles.<\/strong><\/span><\/p>\n<p><span style=\"color: #000000; font-size: 15px;\">Le rebord arri\u00e8re en acier inoxydable de l\u2019\u00e9vier est <strong>haut 10 cm.<\/strong><\/span><\/p>\n<p><span style=\"color: #000000; font-size: 15px;\">L\u2019\u00e9vier peut \u00eatre r\u00e9gl\u00e9 en hauteur gr\u00e2ce aux quatre <strong>pieds r\u00e9glables.<\/strong><\/span><\/p>\n<p><span style=\"color: #000000; font-size: 15px;\"><strong>Notre acier est certifi\u00e9 MOCA pour usage alimentaire.<\/strong><\/span><\/p>\n<p><span style=\"color: #2185c2; font-size: 15px;\"><strong style=\"color: #2185c2;\">\u00c9QUIPEMENT DE S\u00c9RIE:<\/strong><\/span><\/p>\n<ul>\n<li><span style=\"font-size: 15px; color: #000000;\">Tube trop plein<\/span><\/li>\n<li><span style=\"font-size: 15px; color: #000000;\">Orifice d&#8217;\u00e9coulement<\/span><\/li>\n<li><span style=\"font-size: 15px; color: #000000;\">Bonde pouvant de 1&#8243; 1\/2<\/span><\/li>\n<\/ul>\n<p><span style=\"color: #2185c2; font-size: 15px;\"><strong>ACCESSOIRES NON INCLUS:<\/strong><\/span><\/p>\n<ul>\n<li><span style=\"font-size: 15px; color: #000000;\">Trou du robinet\u00a0\u00a0<\/span><\/li>\n<li><span style=\"font-size: 15px; color: #000000;\">Siphon d&#8217; \u00e9chappement\u00a0\u00a0<\/span><\/li>\n<li><span style=\"color: #000000; font-size: 15px;\">Robinet\u00a0 \u00a0\u00a0<\/span><\/li>\n<\/ul>\n<p><span style=\"font-size: 15px;\"><strong style=\"color: #2185c2;\">NETTOYANT ET ENTRETIEN\u00a0<\/strong><\/span><\/p>\n<p><span style=\"color: #000000; font-size: 15px;\">L\u2019\u00e9vier a besoin d\u2019un nettoyage constant pour durer<\/span><\/p>\n<p><span style=\"color: #000000; font-size: 15px;\"><strong><span style=\"text-decoration: underline;\">Ne pas utiliser de produits acides et agressifs<\/span><\/strong> pour le nettoyage de l\u2019acier\u00a0<\/span><\/p>\n<p><span style=\"color: #000000; font-size: 15px;\">Pour toute information, le personnel de <strong>Projectfood<\/strong> est \u00e0 votre disposition<\/span><\/p>\n","protected":false},"excerpt":{"rendered":"<p style=\"text-align: center;\"><strong><span style=\"color: #339966;\">MADE<\/span> <span style=\"color: #c0c0c0;\">IN<\/span><span style=\"color: #ff0000;\"> ITALY<\/span> &#8211; <span style=\"color: #2185c2;\">ACIER INOX\u00a0<\/span><\/strong><\/p>\n","protected":false},"featured_media":65038,"template":"","meta":{"inline_featured_image":false},"product_brand":[],"product_cat":[1890,2094,1846,1381,1891],"product_tag":[],"class_list":{"0":"post-37989","1":"product","2":"type-product","3":"status-publish","4":"has-post-thumbnail","6":"product_cat-evier-armoire-ligne-premium","7":"product_cat-eviers-ligne-premium","8":"product_cat-lave-casseroles-ligne-premium","9":"product_cat-profondeur-600","10":"product_cat-profondeur-600-eviers-armoires-ligne-premium","11":"pa_allow-quotation-2352","12":"pa_codice-produttore-dsla1v186","13":"pa_dimension-baignoire-lxpxh-mm-l1600xp400xh350","14":"pa_dosseret-oui","15":"pa_ean-6250","16":"pa_etagere-oui","17":"pa_fornitore-ristopro","18":"pa_hauteur-evier-850-mm-100-mm-dosseret","19":"pa_longueur-evier-1800-mm-4","20":"pa_madeinitaly-oui","21":"pa_nombre-bassins-1-baignoire","22":"pa_product-image-size-0-2","23":"pa_profondeur-evier-600-mm-5","24":"pa_typologie-dacier-aisi-304","25":"pa_typologie-evier-ferme","26":"pa_typologie-porte-coulissant","28":"first","29":"instock","30":"taxable","31":"shipping-taxable","32":"purchasable","33":"product-type-simple"},"df_price":1124,"df_sale_price":"","df_regular_price":1124,"df_image_link":"https:\/\/projectfood.fr\/wp-content\/uploads\/2018\/09\/PFELA1V186-300x300.jpg","_links":{"self":[{"href":"https:\/\/projectfood.fr\/index.php?rest_route=\/wp\/v2\/product\/37989","targetHints":{"allow":["GET"]}}],"collection":[{"href":"https:\/\/projectfood.fr\/index.php?rest_route=\/wp\/v2\/product"}],"about":[{"href":"https:\/\/projectfood.fr\/index.php?rest_route=\/wp\/v2\/types\/product"}],"wp:featuredmedia":[{"embeddable":true,"href":"https:\/\/projectfood.fr\/index.php?rest_route=\/wp\/v2\/media\/65038"}],"wp:attachment":[{"href":"https:\/\/projectfood.fr\/index.php?rest_route=%2Fwp%2Fv2%2Fmedia&parent=37989"}],"wp:term":[{"taxonomy":"product_brand","embeddable":true,"href":"https:\/\/projectfood.fr\/index.php?rest_route=%2Fwp%2Fv2%2Fproduct_brand&post=37989"},{"taxonomy":"product_cat","embeddable":true,"href":"https:\/\/projectfood.fr\/index.php?rest_route=%2Fwp%2Fv2%2Fproduct_cat&post=37989"},{"taxonomy":"product_tag","embeddable":true,"href":"https:\/\/projectfood.fr\/index.php?rest_route=%2Fwp%2Fv2%2Fproduct_tag&post=37989"}],"curies":[{"name":"wp","href":"https:\/\/api.w.org\/{rel}","templated":true}]}}