{"id":38029,"date":"2018-09-24T09:33:35","date_gmt":"2018-09-24T07:33:35","guid":{"rendered":"https:\/\/projectfood-fr.stackstaging.com\/?post_type=product&#038;p=38029"},"modified":"2024-09-11T17:22:55","modified_gmt":"2024-09-11T15:22:55","slug":"evier-en-acier-inoxydable-avec-dosseret-l800x700xh850-mm-ligne-premium","status":"publish","type":"product","link":"https:\/\/projectfood.fr\/?product=evier-en-acier-inoxydable-avec-dosseret-l800x700xh850-mm-ligne-premium","title":{"rendered":"\u00c9vier armoire en acier inoxydable avec une cuve L800x700xH850 mm &#8211; ligne premium"},"content":{"rendered":"<h2><span style=\"color: #2185c2; font-size: 16px;\"><strong>\u00c9vier armoire en acier inox avec une cuve &#8211; L800x700xH850 mm\u00a0<\/strong><\/span><\/h2>\n<p><span style=\"color: #000000; font-size: 15px;\">L\u2019\u00e9vier a une<strong>\u00a0robuste structure en acier inoxydable aisi\u00a0<\/strong>304 avec finition scotch brite.<\/span><\/p>\n<p><span style=\"color: #000000; font-size: 15px;\">L\u2019\u00e9vier est \u00e9quip\u00e9 d\u2019un\u00a0<strong>dosseret arri\u00e8re et <\/strong><strong>d\u2019une \u00e9tag\u00e8re de fond.<\/strong><\/span><\/p>\n<p><span style=\"color: #000000; font-size: 15px;\">La\u00a0<strong>cuve et en acier inox aisi 304<\/strong>\u00a0moul\u00e9 et soud\u00e9.<\/span><\/p>\n<p><span style=\"color: #000000; font-size: 15px;\">L\u2019\u00e9vier peut \u00eatre r\u00e9gl\u00e9 en hauteur gr\u00e2ce aux quatre\u00a0<strong>pieds r\u00e9glables.<\/strong><\/span><\/p>\n<p><span style=\"color: #000000; font-size: 15px;\"><strong>Notre acier est certifi\u00e9 MOCA pour usage alimentaire.<\/strong><\/span><\/p>\n<p><span style=\"color: #2185c2; font-size: 15px;\"><strong style=\"color: #2185c2;\">\u00c9QUIPEMENT DE S\u00c9RIE:<\/strong><\/span><\/p>\n<ul>\n<li><span style=\"color: #000000; font-size: 15px;\">Tube trop plein<\/span><\/li>\n<li><span style=\"color: #000000; font-size: 15px;\">Orifice d\u2019\u00e9coulement<\/span><\/li>\n<li><span style=\"color: #000000; font-size: 15px;\">Bonde pouvant de 1\u2033 1\/2<\/span><\/li>\n<\/ul>\n<p><span style=\"color: #2185c2; font-size: 15px;\"><strong>ACCESSOIRES NON INCLUS:<\/strong><\/span><\/p>\n<ul>\n<li><span style=\"color: #000000; font-size: 15px;\">Trou du robinet\u00a0\u00a0<\/span><\/li>\n<li><span style=\"color: #000000; font-size: 15px;\">Siphon d\u2019 \u00e9chappement\u00a0\u00a0<\/span><\/li>\n<li><span style=\"color: #000000; font-size: 15px;\">Robinet<\/span><\/li>\n<\/ul>\n<p><span style=\"font-size: 15px;\"><strong style=\"color: #2185c2;\">NETTOYANT ET ENTRETIEN\u00a0<\/strong><\/span><\/p>\n<p><span style=\"color: #000000; font-size: 15px;\">L\u2019\u00e9vier a besoin d\u2019un nettoyage constant pour durer<\/span><\/p>\n<p><span style=\"color: #000000; font-size: 15px;\"><strong><span style=\"text-decoration: underline;\">Ne pas utiliser de produits acides et agressifs<\/span><\/strong> pour le nettoyage de l\u2019acier\u00a0<\/span><\/p>\n<p><span style=\"color: #000000; font-size: 15px;\">Pour toute information, le personnel de <strong>Projectfood<\/strong> est \u00e0 votre disposition<\/span><\/p>\n","protected":false},"excerpt":{"rendered":"<p style=\"text-align: center;\"><strong><span style=\"color: #339966;\">MADE<\/span> <span style=\"color: #c0c0c0;\">IN<\/span><span style=\"color: #ff0000;\"> ITALY<\/span> &#8211; <span style=\"color: #2185c2;\">ACIER INOX\u00a0<\/span><\/strong><\/p>\n","protected":false},"featured_media":65268,"template":"","meta":{"inline_featured_image":false},"product_brand":[],"product_cat":[1890,2094,1892],"product_tag":[],"class_list":{"0":"post-38029","1":"product","2":"type-product","3":"status-publish","4":"has-post-thumbnail","6":"product_cat-evier-armoire-ligne-premium","7":"product_cat-eviers-ligne-premium","8":"product_cat-profondeur-700-eviers-armoires-ligne-premium","9":"pa_allow-quotation-2352","10":"pa_codice-produttore-dsla1v087","11":"pa_dimension-baignoire-lxpxh-mm-l600xp500xh300","12":"pa_dosseret-oui","13":"pa_ean-6268","14":"pa_equipement-de-serie-tube-trop-plein-trou-de-vidange","15":"pa_etagere-oui","16":"pa_fornitore-ristopro","17":"pa_hauteur-evier-850-mm-100-mm-dosseret","18":"pa_longueur-evier-800-mm-5","19":"pa_madeinitaly-oui","20":"pa_nombre-bassins-1-baignoire","21":"pa_product-image-size-0-2","22":"pa_profondeur-evier-700-mm-8","23":"pa_typologie-dacier-acciaio-inox-aisi-304","24":"pa_typologie-evier-equipe","25":"pa_typologie-porte-battant","27":"first","28":"instock","29":"taxable","30":"shipping-taxable","31":"purchasable","32":"product-type-simple"},"df_price":545,"df_sale_price":"","df_regular_price":545,"df_image_link":"https:\/\/projectfood.fr\/wp-content\/uploads\/2018\/09\/PFELA1V087-min-300x300.jpg","_links":{"self":[{"href":"https:\/\/projectfood.fr\/index.php?rest_route=\/wp\/v2\/product\/38029","targetHints":{"allow":["GET"]}}],"collection":[{"href":"https:\/\/projectfood.fr\/index.php?rest_route=\/wp\/v2\/product"}],"about":[{"href":"https:\/\/projectfood.fr\/index.php?rest_route=\/wp\/v2\/types\/product"}],"wp:featuredmedia":[{"embeddable":true,"href":"https:\/\/projectfood.fr\/index.php?rest_route=\/wp\/v2\/media\/65268"}],"wp:attachment":[{"href":"https:\/\/projectfood.fr\/index.php?rest_route=%2Fwp%2Fv2%2Fmedia&parent=38029"}],"wp:term":[{"taxonomy":"product_brand","embeddable":true,"href":"https:\/\/projectfood.fr\/index.php?rest_route=%2Fwp%2Fv2%2Fproduct_brand&post=38029"},{"taxonomy":"product_cat","embeddable":true,"href":"https:\/\/projectfood.fr\/index.php?rest_route=%2Fwp%2Fv2%2Fproduct_cat&post=38029"},{"taxonomy":"product_tag","embeddable":true,"href":"https:\/\/projectfood.fr\/index.php?rest_route=%2Fwp%2Fv2%2Fproduct_tag&post=38029"}],"curies":[{"name":"wp","href":"https:\/\/api.w.org\/{rel}","templated":true}]}}