{"id":39139,"date":"2018-09-29T10:00:40","date_gmt":"2018-09-29T08:00:40","guid":{"rendered":"https:\/\/projectfood-fr.stackstaging.com\/?post_type=product&#038;p=39139"},"modified":"2023-01-18T12:13:40","modified_gmt":"2023-01-18T11:13:40","slug":"camino-anti-vento-per-forni-pizzeria-a-gas","status":"publish","type":"product","link":"https:\/\/projectfood.fr\/?product=camino-anti-vento-per-forni-pizzeria-a-gas","title":{"rendered":"Chemin\u00e9e anti-vent pour fours \u00e0 pizza \u00e0 gaz"},"content":{"rendered":"<p><span style=\"color: #000000;\"><strong>Ceci est une option qui convient uniquement aux fours pizzeria Project Food!<\/strong><\/span><\/p>\n","protected":false},"excerpt":{"rendered":"<p style=\"text-align: center;\"><span style=\"font-size: medium;\"><strong><span style=\"color: #339966;\">MADE<\/span><span style=\"color: #c0c0c0;\"> IN<\/span> <span style=\"color: #ff0000;\">ITALY<\/span><\/strong><\/span><\/p>\n<p style=\"text-align: center;\">\n","protected":false},"featured_media":39140,"template":"","meta":{"inline_featured_image":false},"product_brand":[],"product_cat":[1611],"product_tag":[],"class_list":{"0":"post-39139","1":"product","2":"type-product","3":"status-publish","4":"has-post-thumbnail","6":"product_cat-supports-et-hottes","7":"pa_allow-quotation-2352","8":"pa_codice-produttore-windproofchimney","9":"pa_dimensions-exterieures-lxpxh-6923","10":"pa_ean-7016","11":"pa_fornitore-prismafood","12":"pa_madeinitaly-oui","13":"pa_product-image-size-0-2","15":"first","16":"instock","17":"taxable","18":"shipping-taxable","19":"purchasable","20":"product-type-simple"},"df_price":225,"df_sale_price":"","df_regular_price":225,"df_image_link":"https:\/\/projectfood.fr\/wp-content\/uploads\/2020\/07\/products-camin.jpg","_links":{"self":[{"href":"https:\/\/projectfood.fr\/index.php?rest_route=\/wp\/v2\/product\/39139","targetHints":{"allow":["GET"]}}],"collection":[{"href":"https:\/\/projectfood.fr\/index.php?rest_route=\/wp\/v2\/product"}],"about":[{"href":"https:\/\/projectfood.fr\/index.php?rest_route=\/wp\/v2\/types\/product"}],"wp:featuredmedia":[{"embeddable":true,"href":"https:\/\/projectfood.fr\/index.php?rest_route=\/wp\/v2\/media\/39140"}],"wp:attachment":[{"href":"https:\/\/projectfood.fr\/index.php?rest_route=%2Fwp%2Fv2%2Fmedia&parent=39139"}],"wp:term":[{"taxonomy":"product_brand","embeddable":true,"href":"https:\/\/projectfood.fr\/index.php?rest_route=%2Fwp%2Fv2%2Fproduct_brand&post=39139"},{"taxonomy":"product_cat","embeddable":true,"href":"https:\/\/projectfood.fr\/index.php?rest_route=%2Fwp%2Fv2%2Fproduct_cat&post=39139"},{"taxonomy":"product_tag","embeddable":true,"href":"https:\/\/projectfood.fr\/index.php?rest_route=%2Fwp%2Fv2%2Fproduct_tag&post=39139"}],"curies":[{"name":"wp","href":"https:\/\/api.w.org\/{rel}","templated":true}]}}