{"id":40285,"date":"2018-10-08T13:04:43","date_gmt":"2018-10-08T11:04:43","guid":{"rendered":"https:\/\/projectfood-fr.stackstaging.com\/?post_type=product&#038;p=40285"},"modified":"2025-03-14T09:55:12","modified_gmt":"2025-03-14T08:55:12","slug":"pala-in-alluminio-per-forni-elettrici-e-a-gas-l33xp35xh70","status":"publish","type":"product","link":"https:\/\/projectfood.fr\/?product=pala-in-alluminio-per-forni-elettrici-e-a-gas-l33xp35xh70","title":{"rendered":"Pale en aluminium pour fours \u00e9lectriques et \u00e0 gaz L33xP35xH70"},"content":{"rendered":"<h2><span style=\"font-size: 16px;\"><strong><span style=\"color: #2185c2;\">Pale en aluminium pour fours \u00e9lectriques et \u00e0 gaz: longueur 33 cm, profondeur 35 cm, hauteur 70 cm<\/span><\/strong><\/span><\/h2>\n<p><span style=\"font-size: 15px; color: #000000;\">Pale en aluminium pour fours \u00e9lectriques et \u00e0 gaz, accessoire pour Pizzeria.<\/span><\/p>\n","protected":false},"excerpt":{"rendered":"<p>Pale en aluminium pour fours \u00e9lectriques et \u00e0 gaz: longueur 33 cm, profondeur 35 cm, hauteur 70 cm Pale en aluminium pour fours \u00e9lectriques et \u00e0 gaz, accessoire pour Pizzeria.<\/p>\n","protected":false},"featured_media":40286,"template":"","meta":{"inline_featured_image":false},"product_brand":[],"product_cat":[1600],"product_tag":[],"class_list":{"0":"post-40285","1":"product","2":"type-product","3":"status-publish","4":"has-post-thumbnail","6":"product_cat-pelles-a-pizza-et-supports","7":"pa_allow-quotation-2352","8":"pa_codice-produttore-av4965","9":"pa_dimensions-l330xp350xh700-mm","10":"pa_ean-7958","11":"pa_fornitore-forcar","12":"pa_product-image-size-0-2","13":"pa_prontaconsegna-oui","15":"first","16":"instock","17":"taxable","18":"shipping-taxable","19":"purchasable","20":"product-type-simple"},"df_price":46,"df_sale_price":"","df_regular_price":46,"df_image_link":"https:\/\/projectfood.fr\/wp-content\/uploads\/2020\/07\/products-av4965.jpg","_links":{"self":[{"href":"https:\/\/projectfood.fr\/index.php?rest_route=\/wp\/v2\/product\/40285","targetHints":{"allow":["GET"]}}],"collection":[{"href":"https:\/\/projectfood.fr\/index.php?rest_route=\/wp\/v2\/product"}],"about":[{"href":"https:\/\/projectfood.fr\/index.php?rest_route=\/wp\/v2\/types\/product"}],"wp:featuredmedia":[{"embeddable":true,"href":"https:\/\/projectfood.fr\/index.php?rest_route=\/wp\/v2\/media\/40286"}],"wp:attachment":[{"href":"https:\/\/projectfood.fr\/index.php?rest_route=%2Fwp%2Fv2%2Fmedia&parent=40285"}],"wp:term":[{"taxonomy":"product_brand","embeddable":true,"href":"https:\/\/projectfood.fr\/index.php?rest_route=%2Fwp%2Fv2%2Fproduct_brand&post=40285"},{"taxonomy":"product_cat","embeddable":true,"href":"https:\/\/projectfood.fr\/index.php?rest_route=%2Fwp%2Fv2%2Fproduct_cat&post=40285"},{"taxonomy":"product_tag","embeddable":true,"href":"https:\/\/projectfood.fr\/index.php?rest_route=%2Fwp%2Fv2%2Fproduct_tag&post=40285"}],"curies":[{"name":"wp","href":"https:\/\/api.w.org\/{rel}","templated":true}]}}