{"id":40289,"date":"2018-10-08T13:32:59","date_gmt":"2018-10-08T11:32:59","guid":{"rendered":"https:\/\/projectfood-fr.stackstaging.com\/?post_type=product&#038;p=40289"},"modified":"2024-02-24T12:31:08","modified_gmt":"2024-02-24T11:31:08","slug":"kit-3-pezzi-h170-pala-oe33-pallino-oe18-spazzola","status":"publish","type":"product","link":"https:\/\/projectfood.fr\/?product=kit-3-pezzi-h170-pala-oe33-pallino-oe18-spazzola","title":{"rendered":"Kit 3 pi\u00e8ces H170 &#8211; Pale \u00d833, Petite Balle \u00d818, Brosse"},"content":{"rendered":"<p><span style=\"font-size: medium;\"><strong><span style=\"color: #2185c2;\">Kit 3 pi\u00e8ces hauteur 170 cm\u00a0: Pale diam\u00e8tre 33 cm, Petite Balle diam\u00e8tre 18 cm, Brosse<\/span><\/strong><\/span><\/p>\n<p><span style=\"color: #000000;\">Kit 3 pi\u00e8ces (pelle, petite balle et brosse), accessoire pour Pizzeria<\/span><\/p>\n","protected":false},"excerpt":{"rendered":"<p style=\"text-align: center;\"><strong><span style=\"color: #2185c2;\">LIVRAISON PROMPTE<\/span><\/strong><\/p>\n","protected":false},"featured_media":40290,"template":"","meta":{"inline_featured_image":false},"product_brand":[],"product_cat":[1600],"product_tag":[],"class_list":{"0":"post-40289","1":"product","2":"type-product","3":"status-publish","4":"has-post-thumbnail","6":"product_cat-pelles-a-pizza-et-supports","7":"pa_allow-quotation-2352","8":"pa_codice-produttore-av4970","9":"pa_dimensions-h170-pelle-o33-balle-o18-brosse","10":"pa_ean-7964","11":"pa_fornitore-forcar","12":"pa_product-image-size-0-2","13":"pa_prontaconsegna-oui","15":"first","16":"instock","17":"taxable","18":"shipping-taxable","19":"purchasable","20":"product-type-simple"},"df_price":203,"df_sale_price":"","df_regular_price":203,"df_image_link":"https:\/\/projectfood.fr\/wp-content\/uploads\/2020\/07\/products-av4970.jpg","_links":{"self":[{"href":"https:\/\/projectfood.fr\/index.php?rest_route=\/wp\/v2\/product\/40289","targetHints":{"allow":["GET"]}}],"collection":[{"href":"https:\/\/projectfood.fr\/index.php?rest_route=\/wp\/v2\/product"}],"about":[{"href":"https:\/\/projectfood.fr\/index.php?rest_route=\/wp\/v2\/types\/product"}],"wp:featuredmedia":[{"embeddable":true,"href":"https:\/\/projectfood.fr\/index.php?rest_route=\/wp\/v2\/media\/40290"}],"wp:attachment":[{"href":"https:\/\/projectfood.fr\/index.php?rest_route=%2Fwp%2Fv2%2Fmedia&parent=40289"}],"wp:term":[{"taxonomy":"product_brand","embeddable":true,"href":"https:\/\/projectfood.fr\/index.php?rest_route=%2Fwp%2Fv2%2Fproduct_brand&post=40289"},{"taxonomy":"product_cat","embeddable":true,"href":"https:\/\/projectfood.fr\/index.php?rest_route=%2Fwp%2Fv2%2Fproduct_cat&post=40289"},{"taxonomy":"product_tag","embeddable":true,"href":"https:\/\/projectfood.fr\/index.php?rest_route=%2Fwp%2Fv2%2Fproduct_tag&post=40289"}],"curies":[{"name":"wp","href":"https:\/\/api.w.org\/{rel}","templated":true}]}}