{"id":40374,"date":"2018-10-09T07:05:34","date_gmt":"2018-10-09T05:05:34","guid":{"rendered":"https:\/\/projectfood-fr.stackstaging.com\/?post_type=product&#038;p=40374"},"modified":"2024-06-12T14:59:42","modified_gmt":"2024-06-12T12:59:42","slug":"couvercle-a-bac-pour-pate-a-pizza-l60xp40","status":"publish","type":"product","link":"https:\/\/projectfood.fr\/?product=couvercle-a-bac-pour-pate-a-pizza-l60xp40","title":{"rendered":"Couvercle \u00e0 bac pour p\u00e2te \u00e0 pizza L60xP40"},"content":{"rendered":"<p><span style=\"font-size: medium;\"><strong><span style=\"color: #2185c2ff;\">Couvercle \u00e0 bac pour p\u00e2te \u00e0 pizza, longueur 60 cm, profondeur 40 cm<\/span><\/strong><\/span><\/p>\n<p><span style=\"color: #000000;\">Couvercle\u00a0 pour r\u00e9cipient pour petites balles, pour p\u00e2tes pizza. Accessoire pizzeria.<\/span><\/p>\n","protected":false},"excerpt":{"rendered":"<p style=\"text-align: center;\"><strong><span style=\"color: #2185c2;\">LIVRAISON PROMPTE\u00a0<\/span><\/strong><\/p>\n","protected":false},"featured_media":40375,"template":"","meta":{"inline_featured_image":false},"product_brand":[],"product_cat":[1601,1718],"product_tag":[],"class_list":{"0":"post-40374","1":"product","2":"type-product","3":"status-publish","4":"has-post-thumbnail","6":"product_cat-accessoires-pour-pizza","7":"product_cat-conteneurs-petrissages","8":"pa_allow-quotation-2352","9":"pa_codice-produttore-av4939","10":"pa_dimensions-l600xp400-mm-2","11":"pa_ean-8083","12":"pa_fornitore-forcar","13":"pa_product-image-size-0-2","14":"pa_prontaconsegna-oui","16":"first","17":"instock","18":"taxable","19":"shipping-taxable","20":"purchasable","21":"product-type-simple"},"df_price":10,"df_sale_price":"","df_regular_price":10,"df_image_link":"https:\/\/projectfood.fr\/wp-content\/uploads\/2020\/07\/products-av4939.jpg","_links":{"self":[{"href":"https:\/\/projectfood.fr\/index.php?rest_route=\/wp\/v2\/product\/40374","targetHints":{"allow":["GET"]}}],"collection":[{"href":"https:\/\/projectfood.fr\/index.php?rest_route=\/wp\/v2\/product"}],"about":[{"href":"https:\/\/projectfood.fr\/index.php?rest_route=\/wp\/v2\/types\/product"}],"wp:featuredmedia":[{"embeddable":true,"href":"https:\/\/projectfood.fr\/index.php?rest_route=\/wp\/v2\/media\/40375"}],"wp:attachment":[{"href":"https:\/\/projectfood.fr\/index.php?rest_route=%2Fwp%2Fv2%2Fmedia&parent=40374"}],"wp:term":[{"taxonomy":"product_brand","embeddable":true,"href":"https:\/\/projectfood.fr\/index.php?rest_route=%2Fwp%2Fv2%2Fproduct_brand&post=40374"},{"taxonomy":"product_cat","embeddable":true,"href":"https:\/\/projectfood.fr\/index.php?rest_route=%2Fwp%2Fv2%2Fproduct_cat&post=40374"},{"taxonomy":"product_tag","embeddable":true,"href":"https:\/\/projectfood.fr\/index.php?rest_route=%2Fwp%2Fv2%2Fproduct_tag&post=40374"}],"curies":[{"name":"wp","href":"https:\/\/api.w.org\/{rel}","templated":true}]}}