{"id":41020,"date":"2018-10-11T13:44:45","date_gmt":"2018-10-11T13:44:45","guid":{"rendered":"https:\/\/projectfood-fr.stackstaging.com\/?post_type=product&#038;p=41020"},"modified":"2023-01-18T17:24:40","modified_gmt":"2023-01-18T16:24:40","slug":"cuve-pour-petrisseuse-planetaire-pf7ap","status":"publish","type":"product","link":"https:\/\/projectfood.fr\/?product=cuve-pour-petrisseuse-planetaire-pf7ap","title":{"rendered":"Cuve pour p\u00e9trisseuse plan\u00e9taire (PF7AP)"},"content":{"rendered":"<p><strong><span style=\"color: #2185c2; font-size: medium;\">Cuve pour p\u00e9trisseuse plan\u00e9taire (PF7AP)<\/span><\/strong><\/p>\n<p>Cuve pour p\u00e9trisseuse plan\u00e9taire (PF7AP), accessoire pour plan\u00e9taire.<\/p>\n","protected":false},"excerpt":{"rendered":"<p style=\"text-align: center;\"><span style=\"color: #2185c2; font-size: medium;\"><strong>LIVRAISON PROMPTE <span style=\"color: #000000;\">&#8211;<\/span> <span style=\"color: #339966;\">ACCESSOIRE<\/span><\/strong><\/span><\/p>\n","protected":false},"featured_media":41021,"template":"","meta":{"inline_featured_image":false},"product_brand":[],"product_cat":[],"product_tag":[],"class_list":{"0":"post-41020","1":"product","2":"type-product","3":"status-publish","4":"has-post-thumbnail","6":"pa_allow-quotation-2352","7":"pa_codice-produttore-vasap7","8":"pa_ean-8523","9":"pa_fornitore-amitek","10":"pa_product-image-size-0-2","11":"pa_prontaconsegna-oui","13":"first","14":"instock","15":"taxable","16":"shipping-taxable","17":"purchasable","18":"product-type-simple"},"df_price":52,"df_sale_price":"","df_regular_price":52,"df_image_link":"https:\/\/projectfood.fr\/wp-content\/uploads\/2020\/07\/products-vasap5_1.jpg","_links":{"self":[{"href":"https:\/\/projectfood.fr\/index.php?rest_route=\/wp\/v2\/product\/41020","targetHints":{"allow":["GET"]}}],"collection":[{"href":"https:\/\/projectfood.fr\/index.php?rest_route=\/wp\/v2\/product"}],"about":[{"href":"https:\/\/projectfood.fr\/index.php?rest_route=\/wp\/v2\/types\/product"}],"wp:featuredmedia":[{"embeddable":true,"href":"https:\/\/projectfood.fr\/index.php?rest_route=\/wp\/v2\/media\/41021"}],"wp:attachment":[{"href":"https:\/\/projectfood.fr\/index.php?rest_route=%2Fwp%2Fv2%2Fmedia&parent=41020"}],"wp:term":[{"taxonomy":"product_brand","embeddable":true,"href":"https:\/\/projectfood.fr\/index.php?rest_route=%2Fwp%2Fv2%2Fproduct_brand&post=41020"},{"taxonomy":"product_cat","embeddable":true,"href":"https:\/\/projectfood.fr\/index.php?rest_route=%2Fwp%2Fv2%2Fproduct_cat&post=41020"},{"taxonomy":"product_tag","embeddable":true,"href":"https:\/\/projectfood.fr\/index.php?rest_route=%2Fwp%2Fv2%2Fproduct_tag&post=41020"}],"curies":[{"name":"wp","href":"https:\/\/api.w.org\/{rel}","templated":true}]}}