{"id":41272,"date":"2018-10-12T09:46:59","date_gmt":"2018-10-12T09:46:59","guid":{"rendered":"https:\/\/projectfood-fr.stackstaging.com\/?post_type=product&#038;p=41272"},"modified":"2024-05-28T09:34:40","modified_gmt":"2024-05-28T07:34:40","slug":"cuve-supplementaire-pour-planetaire-pf155pl","status":"publish","type":"product","link":"https:\/\/projectfood.fr\/?product=cuve-supplementaire-pour-planetaire-pf155pl","title":{"rendered":"Cuve suppl\u00e9mentaire pour plan\u00e9taire PF155PL"},"content":{"rendered":"<p><span style=\"color: #2185c2;\"><strong><span style=\"font-size: medium;\">Cuve suppl\u00e9mentaire pour p\u00e9trisseuse plan\u00e9taire (mod\u00e8le <strong>PF155PL<\/strong>)<\/span><\/strong><\/span><\/p>\n<p><span style=\"color: #000000;\">Cuve suppl\u00e9mentaire pour p\u00e9trisseuse plan\u00e9taire (mod\u00e8le PF155PL)<\/span><\/p>\n","protected":false},"excerpt":{"rendered":"<p style=\"text-align: center;\"><span style=\"color: #2185c2; font-size: large;\"><strong>LIVRAISON PROMPTE\u00a0<\/strong><\/span><\/p>\n","protected":false},"featured_media":41273,"template":"","meta":{"inline_featured_image":false},"product_brand":[],"product_cat":[],"product_tag":[],"class_list":{"0":"post-41272","1":"product","2":"type-product","3":"status-publish","4":"has-post-thumbnail","6":"pa_codice-produttore-sl-b5-v","7":"pa_ean-8728","8":"pa_fornitore-fimar","9":"pa_prontaconsegna-oui","11":"first","12":"instock","13":"taxable","14":"shipping-taxable","15":"purchasable","16":"product-type-simple"},"df_price":46,"df_sale_price":"","df_regular_price":46,"df_image_link":"https:\/\/projectfood.fr\/wp-content\/uploads\/2020\/07\/products-sl-b5-v.jpg","_links":{"self":[{"href":"https:\/\/projectfood.fr\/index.php?rest_route=\/wp\/v2\/product\/41272","targetHints":{"allow":["GET"]}}],"collection":[{"href":"https:\/\/projectfood.fr\/index.php?rest_route=\/wp\/v2\/product"}],"about":[{"href":"https:\/\/projectfood.fr\/index.php?rest_route=\/wp\/v2\/types\/product"}],"wp:featuredmedia":[{"embeddable":true,"href":"https:\/\/projectfood.fr\/index.php?rest_route=\/wp\/v2\/media\/41273"}],"wp:attachment":[{"href":"https:\/\/projectfood.fr\/index.php?rest_route=%2Fwp%2Fv2%2Fmedia&parent=41272"}],"wp:term":[{"taxonomy":"product_brand","embeddable":true,"href":"https:\/\/projectfood.fr\/index.php?rest_route=%2Fwp%2Fv2%2Fproduct_brand&post=41272"},{"taxonomy":"product_cat","embeddable":true,"href":"https:\/\/projectfood.fr\/index.php?rest_route=%2Fwp%2Fv2%2Fproduct_cat&post=41272"},{"taxonomy":"product_tag","embeddable":true,"href":"https:\/\/projectfood.fr\/index.php?rest_route=%2Fwp%2Fv2%2Fproduct_tag&post=41272"}],"curies":[{"name":"wp","href":"https:\/\/api.w.org\/{rel}","templated":true}]}}