{"id":41424,"date":"2018-10-13T08:27:48","date_gmt":"2018-10-13T06:27:48","guid":{"rendered":"https:\/\/projectfood-fr.stackstaging.com\/?post_type=product&#038;p=41424"},"modified":"2023-10-02T11:15:20","modified_gmt":"2023-10-02T09:15:20","slug":"filiere-en-bronze-pour-machine-a-pates-fraiches-pf15amp-spaghetti","status":"publish","type":"product","link":"https:\/\/projectfood.fr\/?product=filiere-en-bronze-pour-machine-a-pates-fraiches-pf15amp-spaghetti","title":{"rendered":"Fili\u00e8re en bronze pour machine \u00e0 p\u00e2tes fra\u00eeches (PF15AMP), Spaghetti"},"content":{"rendered":"<p><span style=\"color: #2185c2;\"><strong><span style=\"font-size: medium;\">Fili\u00e8re en bronze pour machine \u00e0 p\u00e2tes fra\u00eeches (mod\u00e8le PF15AMP), Spaghetti 1,7 mm<\/span><\/strong><\/span><\/p>\n<p><span style=\"color: #000000;\">Fili\u00e8re en bronze pour machine \u00e0 p\u00e2tes fra\u00eeches (mod\u00e8le PF15AMP), Spaghetti 1,7 mm<\/span><\/p>\n<div id=\"tab-content\" class=\"tab-content\">\n<div id=\"description\" class=\"tab-pane fade active in\">\n<div class=\"product-description\">\n<div class=\"rte\">\n<div class=\"rte\">\n<p>&nbsp;<\/p>\n<p>&nbsp;<\/p>\n<p>&nbsp;<\/p>\n<p>&nbsp;<\/p>\n<\/div>\n<p>&nbsp;<\/p>\n<\/div>\n<p>&nbsp;<\/p>\n<\/div>\n<p>&nbsp;<\/p>\n<\/div>\n<p>&nbsp;<\/p>\n<\/div>\n","protected":false},"excerpt":{"rendered":"<p><span style=\"color: #000000;\">Fili\u00e8re en bronze pour machine \u00e0 p\u00e2tes fra\u00eeches (mod\u00e8le PF15AMP), Spaghetti 1,7 mm<\/span><\/p>\n","protected":false},"featured_media":41425,"template":"","meta":{"inline_featured_image":false},"product_brand":[],"product_cat":[1728],"product_tag":[],"class_list":{"0":"post-41424","1":"product","2":"type-product","3":"status-publish","4":"has-post-thumbnail","6":"product_cat-accessoires-9","7":"pa_allow-quotation-2352","8":"pa_codice-produttore-sppma15","10":"first","11":"instock","12":"taxable","13":"shipping-taxable","14":"purchasable","15":"product-type-simple"},"df_price":35.75,"df_sale_price":"","df_regular_price":35.75,"df_image_link":"https:\/\/projectfood.fr\/wp-content\/uploads\/2020\/07\/products-cppma_2.jpg","_links":{"self":[{"href":"https:\/\/projectfood.fr\/index.php?rest_route=\/wp\/v2\/product\/41424","targetHints":{"allow":["GET"]}}],"collection":[{"href":"https:\/\/projectfood.fr\/index.php?rest_route=\/wp\/v2\/product"}],"about":[{"href":"https:\/\/projectfood.fr\/index.php?rest_route=\/wp\/v2\/types\/product"}],"wp:featuredmedia":[{"embeddable":true,"href":"https:\/\/projectfood.fr\/index.php?rest_route=\/wp\/v2\/media\/41425"}],"wp:attachment":[{"href":"https:\/\/projectfood.fr\/index.php?rest_route=%2Fwp%2Fv2%2Fmedia&parent=41424"}],"wp:term":[{"taxonomy":"product_brand","embeddable":true,"href":"https:\/\/projectfood.fr\/index.php?rest_route=%2Fwp%2Fv2%2Fproduct_brand&post=41424"},{"taxonomy":"product_cat","embeddable":true,"href":"https:\/\/projectfood.fr\/index.php?rest_route=%2Fwp%2Fv2%2Fproduct_cat&post=41424"},{"taxonomy":"product_tag","embeddable":true,"href":"https:\/\/projectfood.fr\/index.php?rest_route=%2Fwp%2Fv2%2Fproduct_tag&post=41424"}],"curies":[{"name":"wp","href":"https:\/\/api.w.org\/{rel}","templated":true}]}}