{"id":41640,"date":"2018-10-15T09:23:58","date_gmt":"2018-10-15T09:23:58","guid":{"rendered":"https:\/\/projectfood-fr.stackstaging.com\/?post_type=product&#038;p=41640"},"modified":"2024-07-18T12:01:46","modified_gmt":"2024-07-18T10:01:46","slug":"filiere-pour-machine-a-pates-fraiches-gnocchi-3","status":"publish","type":"product","link":"https:\/\/projectfood.fr\/?product=filiere-pour-machine-a-pates-fraiches-gnocchi-3","title":{"rendered":"Fili\u00e8re pour machine \u00e0 p\u00e2tes fra\u00eeches, gnocchi"},"content":{"rendered":"<h2><span style=\"font-size: 16px;\"><strong><span style=\"color: #2185c2;\"><span style=\"color: #2185c2;\">Fili\u00e8re pour machine \u00e0 p\u00e2tes fra\u00eeches<\/span>, gnocchi \u00d8 12 mm<\/span><\/strong><\/span><\/h2>\n<p><span style=\"color: #000000; font-size: 15px;\">Fili\u00e8re pour machine \u00e0 p\u00e2tes fra\u00eeches.<\/span><\/p>\n","protected":false},"excerpt":{"rendered":"<p style=\"text-align: center;\"><strong><span style=\"font-size: medium;\"><span style=\"font-size: small;\"><span style=\"color: #ff6600;\"><span style=\"color: #3366ff; font-size: medium;\"><span style=\"color: #2185c2;\">LIVRAISON PROMPTE<\/span><\/span><\/span><\/span> &#8211; <span style=\"color: #339966;\">ACCESSORI<\/span><\/span><\/strong><\/p>\n","protected":false},"featured_media":41641,"template":"","meta":{"inline_featured_image":false},"product_brand":[],"product_cat":[1728],"product_tag":[],"class_list":{"0":"post-41640","1":"product","2":"type-product","3":"status-publish","4":"has-post-thumbnail","6":"product_cat-accessoires-9","7":"pa_allow-quotation-2352","8":"pa_codice-produttore-gn2-5n","9":"pa_ean-9047","10":"pa_fornitore-fimar","11":"pa_product-image-size-0-2","12":"pa_prontaconsegna-oui","14":"first","15":"instock","16":"taxable","17":"shipping-taxable","18":"purchasable","19":"product-type-simple"},"df_price":51,"df_sale_price":"","df_regular_price":51,"df_image_link":"https:\/\/projectfood.fr\/wp-content\/uploads\/2020\/07\/products-gnocchi_1.jpg","_links":{"self":[{"href":"https:\/\/projectfood.fr\/index.php?rest_route=\/wp\/v2\/product\/41640","targetHints":{"allow":["GET"]}}],"collection":[{"href":"https:\/\/projectfood.fr\/index.php?rest_route=\/wp\/v2\/product"}],"about":[{"href":"https:\/\/projectfood.fr\/index.php?rest_route=\/wp\/v2\/types\/product"}],"wp:featuredmedia":[{"embeddable":true,"href":"https:\/\/projectfood.fr\/index.php?rest_route=\/wp\/v2\/media\/41641"}],"wp:attachment":[{"href":"https:\/\/projectfood.fr\/index.php?rest_route=%2Fwp%2Fv2%2Fmedia&parent=41640"}],"wp:term":[{"taxonomy":"product_brand","embeddable":true,"href":"https:\/\/projectfood.fr\/index.php?rest_route=%2Fwp%2Fv2%2Fproduct_brand&post=41640"},{"taxonomy":"product_cat","embeddable":true,"href":"https:\/\/projectfood.fr\/index.php?rest_route=%2Fwp%2Fv2%2Fproduct_cat&post=41640"},{"taxonomy":"product_tag","embeddable":true,"href":"https:\/\/projectfood.fr\/index.php?rest_route=%2Fwp%2Fv2%2Fproduct_tag&post=41640"}],"curies":[{"name":"wp","href":"https:\/\/api.w.org\/{rel}","templated":true}]}}