{"id":41722,"date":"2018-10-15T15:49:00","date_gmt":"2018-10-15T15:49:00","guid":{"rendered":"https:\/\/projectfood-fr.stackstaging.com\/?post_type=product&#038;p=41722"},"modified":"2024-02-24T12:31:05","modified_gmt":"2024-02-24T11:31:05","slug":"tablier-en-acier-inox-de-securite-avec-bretelles","status":"publish","type":"product","link":"https:\/\/projectfood.fr\/?product=tablier-en-acier-inox-de-securite-avec-bretelles","title":{"rendered":"Tablier en acier inox de s\u00e9curit\u00e9 avec bretelles"},"content":{"rendered":"<p><span style=\"font-size: medium;\"><strong><span style=\"color: #2185c2;\">Tablier en acier inox de s\u00e9curit\u00e9 avec bretelles<\/span><\/strong><\/span><\/p>\n<p><span style=\"color: #000000;\">Indispensable dans les <strong>Boucheries<\/strong> et <strong>les Industries <\/strong>de Transformation de la Viande.<\/span><\/p>\n<p><span style=\"color: #000000;\">Il permet \u00e0 tout boucher un maximum <strong>de confort<\/strong>, <strong>de l\u00e9g\u00e8ret\u00e9<\/strong> et <strong>de commodit\u00e9<\/strong>, assurant une <strong>s\u00fbre <\/strong>des parties couvertes.<\/span><\/p>\n","protected":false},"excerpt":{"rendered":"<p style=\"text-align: center;\"><span style=\"color: #2185c2; font-size: large;\"><strong><span style=\"font-size: 16px;\">LIVRAISON PROMPTE<\/span><\/strong><\/span><\/p>\n","protected":false},"featured_media":41723,"template":"","meta":{"inline_featured_image":false},"product_brand":[],"product_cat":[1734],"product_tag":[],"class_list":{"0":"post-41722","1":"product","2":"type-product","3":"status-publish","4":"has-post-thumbnail","6":"product_cat-materiel-de-securite","7":"pa_allow-quotation-2352","8":"pa_codice-produttore-av4898","9":"pa_ean-9121","10":"pa_fornitore-fimar","11":"pa_product-image-size-0-2","13":"first","14":"instock","15":"taxable","16":"shipping-taxable","17":"purchasable","18":"product-type-simple"},"df_price":144,"df_sale_price":"","df_regular_price":144,"df_image_link":"https:\/\/projectfood.fr\/wp-content\/uploads\/2020\/07\/products-2_3.jpg","_links":{"self":[{"href":"https:\/\/projectfood.fr\/index.php?rest_route=\/wp\/v2\/product\/41722","targetHints":{"allow":["GET"]}}],"collection":[{"href":"https:\/\/projectfood.fr\/index.php?rest_route=\/wp\/v2\/product"}],"about":[{"href":"https:\/\/projectfood.fr\/index.php?rest_route=\/wp\/v2\/types\/product"}],"wp:featuredmedia":[{"embeddable":true,"href":"https:\/\/projectfood.fr\/index.php?rest_route=\/wp\/v2\/media\/41723"}],"wp:attachment":[{"href":"https:\/\/projectfood.fr\/index.php?rest_route=%2Fwp%2Fv2%2Fmedia&parent=41722"}],"wp:term":[{"taxonomy":"product_brand","embeddable":true,"href":"https:\/\/projectfood.fr\/index.php?rest_route=%2Fwp%2Fv2%2Fproduct_brand&post=41722"},{"taxonomy":"product_cat","embeddable":true,"href":"https:\/\/projectfood.fr\/index.php?rest_route=%2Fwp%2Fv2%2Fproduct_cat&post=41722"},{"taxonomy":"product_tag","embeddable":true,"href":"https:\/\/projectfood.fr\/index.php?rest_route=%2Fwp%2Fv2%2Fproduct_tag&post=41722"}],"curies":[{"name":"wp","href":"https:\/\/api.w.org\/{rel}","templated":true}]}}