{"id":42107,"date":"2018-10-17T09:49:48","date_gmt":"2018-10-17T09:49:48","guid":{"rendered":"https:\/\/projectfood-fr.stackstaging.com\/?post_type=product&#038;p=42107"},"modified":"2024-02-24T12:31:01","modified_gmt":"2024-02-24T11:31:01","slug":"copri-ceppo-in-polietilene-alimentare-bianco-dimensioni-l70xp70xh80-cm","status":"publish","type":"product","link":"https:\/\/projectfood.fr\/?product=copri-ceppo-in-polietilene-alimentare-bianco-dimensioni-l70xp70xh80-cm","title":{"rendered":"Couvre-b\u00fbche en Poly\u00e9thyl\u00e8ne alimentaire blanc dimensions L70xP70xH80 cm"},"content":{"rendered":"<p style=\"text-align: justify;\"><span style=\"color: #2185c2; font-size: medium;\"><strong>Couvre-b\u00fbche en Poly\u00e9thyl\u00e8ne \u00a0<\/strong><\/span><\/p>\n<p>Couvre-b\u00fbche<strong> en Poly\u00e9thyl\u00e8ne <\/strong>press\u00e9 et rectifi\u00e9 de couleur blanche.<\/p>\n<p><strong><span style=\"color: #2185c2;\">NETTOYAGE ET ENTRETIEN\u00a0<\/span><\/strong><\/p>\n<p><span style=\"color: #000000;\">Le B\u00fbche a besoin d\u2019un nettoyage constant pour durer.<\/span><\/p>\n<p>Pour toute information, le personnel de<strong> <span style=\"color: #2185c2;\">Projectfood<\/span><\/strong> e<span style=\"color: #000000;\">st \u00e0 votre disposition\u00a0<\/span><\/p>\n<p><span style=\"color: #000000;\">\u00a0<\/span><\/p>\n","protected":false},"excerpt":{"rendered":"<p style=\"text-align: center;\"><span style=\"font-size: medium;\"><strong style=\"color: #2185c2;\"><span style=\"color: #2185c2; font-size: large;\"><strong><span style=\"color: #2185c2; font-size: 18px;\"><span style=\"color: #2185c2;\">LIVRAISON PROMPTE<\/span><\/span> &#8211; <\/strong><\/span><span style=\"font-size: 18px;\"><span style=\"color: #339966;\">MADE<\/span><span style=\"color: #c0c0c0;\"> IN<\/span> <span style=\"color: #ff0000;\">ITALY<\/span><\/span><\/strong><\/span><\/p>\n","protected":false},"featured_media":42108,"template":"","meta":{"inline_featured_image":false},"product_brand":[],"product_cat":[1632],"product_tag":[],"class_list":{"0":"post-42107","1":"product","2":"type-product","3":"status-publish","4":"has-post-thumbnail","6":"product_cat-piani-polietilene","7":"pa_allow-quotation-2352","8":"pa_codice-produttore-cpe70708","9":"pa_dimension-exterieure-lxp-l700xp700xh800-mm","10":"pa_ean-9418","11":"pa_epaisseur-8-cm","12":"pa_fornitore-fimar","13":"pa_madeinitaly-oui","14":"pa_materiel-de-construction-polyethylene","15":"pa_product-image-size-0-2","16":"pa_prontaconsegna-oui","18":"first","19":"instock","20":"taxable","21":"shipping-taxable","22":"purchasable","23":"product-type-simple"},"df_price":349,"df_sale_price":"","df_regular_price":349,"df_image_link":"https:\/\/projectfood.fr\/wp-content\/uploads\/2020\/07\/products-cpe40408a100508_1_1_1_1.jpg","_links":{"self":[{"href":"https:\/\/projectfood.fr\/index.php?rest_route=\/wp\/v2\/product\/42107","targetHints":{"allow":["GET"]}}],"collection":[{"href":"https:\/\/projectfood.fr\/index.php?rest_route=\/wp\/v2\/product"}],"about":[{"href":"https:\/\/projectfood.fr\/index.php?rest_route=\/wp\/v2\/types\/product"}],"wp:featuredmedia":[{"embeddable":true,"href":"https:\/\/projectfood.fr\/index.php?rest_route=\/wp\/v2\/media\/42108"}],"wp:attachment":[{"href":"https:\/\/projectfood.fr\/index.php?rest_route=%2Fwp%2Fv2%2Fmedia&parent=42107"}],"wp:term":[{"taxonomy":"product_brand","embeddable":true,"href":"https:\/\/projectfood.fr\/index.php?rest_route=%2Fwp%2Fv2%2Fproduct_brand&post=42107"},{"taxonomy":"product_cat","embeddable":true,"href":"https:\/\/projectfood.fr\/index.php?rest_route=%2Fwp%2Fv2%2Fproduct_cat&post=42107"},{"taxonomy":"product_tag","embeddable":true,"href":"https:\/\/projectfood.fr\/index.php?rest_route=%2Fwp%2Fv2%2Fproduct_tag&post=42107"}],"curies":[{"name":"wp","href":"https:\/\/api.w.org\/{rel}","templated":true}]}}