{"id":42226,"date":"2018-10-17T13:42:01","date_gmt":"2018-10-17T13:42:01","guid":{"rendered":"https:\/\/projectfood-fr.stackstaging.com\/?post_type=product&#038;p=42226"},"modified":"2024-08-09T10:24:34","modified_gmt":"2024-08-09T08:24:34","slug":"poubelle-pour-tri-selectif-couleur-marron-120-litres","status":"publish","type":"product","link":"https:\/\/projectfood.fr\/?product=poubelle-pour-tri-selectif-couleur-marron-120-litres","title":{"rendered":"Poubelle pour tri s\u00e9lectif couleur marron &#8211; 120 litres"},"content":{"rendered":"<h2><span style=\"color: #2185c2; font-size: 16px;\"><strong>Poubelle pour tri s\u00e9lectif\u00a0<\/strong><\/span><\/h2>\n<p><span style=\"font-size: 15px; color: #000000;\">R\u00e9cipient en poly\u00e9thyl\u00e8ne litres 120. Roues\u00a0 \u00d8 200.<\/span><\/p>\n","protected":false},"excerpt":{"rendered":"<p style=\"text-align: center;\"><span style=\"color: #0000ff; font-size: medium;\"><strong><span style=\"color: #000000;\"><span style=\"color: #2185c2;\">LIVRAISON PROMPTE<\/span><\/span><\/strong><\/span><\/p>\n","protected":false},"featured_media":42227,"template":"","meta":{"inline_featured_image":false},"product_brand":[],"product_cat":[1654],"product_tag":[],"class_list":{"0":"post-42226","1":"product","2":"type-product","3":"status-publish","4":"has-post-thumbnail","6":"product_cat-poubelles","7":"pa_allow-quotation-2352","8":"pa_capacite-9255","9":"pa_codice-produttore-av4679","10":"pa_dimensions-lxp-mm-l540xp490xh850","11":"pa_ean-9511","12":"pa_fornitore-forcar","13":"pa_product-image-size-0-2","14":"pa_prontaconsegna-oui","16":"first","17":"instock","18":"taxable","19":"shipping-taxable","20":"purchasable","21":"product-type-simple"},"df_price":92,"df_sale_price":"","df_regular_price":92,"df_image_link":"https:\/\/projectfood.fr\/wp-content\/uploads\/2020\/07\/products-av4679.jpg","_links":{"self":[{"href":"https:\/\/projectfood.fr\/index.php?rest_route=\/wp\/v2\/product\/42226","targetHints":{"allow":["GET"]}}],"collection":[{"href":"https:\/\/projectfood.fr\/index.php?rest_route=\/wp\/v2\/product"}],"about":[{"href":"https:\/\/projectfood.fr\/index.php?rest_route=\/wp\/v2\/types\/product"}],"wp:featuredmedia":[{"embeddable":true,"href":"https:\/\/projectfood.fr\/index.php?rest_route=\/wp\/v2\/media\/42227"}],"wp:attachment":[{"href":"https:\/\/projectfood.fr\/index.php?rest_route=%2Fwp%2Fv2%2Fmedia&parent=42226"}],"wp:term":[{"taxonomy":"product_brand","embeddable":true,"href":"https:\/\/projectfood.fr\/index.php?rest_route=%2Fwp%2Fv2%2Fproduct_brand&post=42226"},{"taxonomy":"product_cat","embeddable":true,"href":"https:\/\/projectfood.fr\/index.php?rest_route=%2Fwp%2Fv2%2Fproduct_cat&post=42226"},{"taxonomy":"product_tag","embeddable":true,"href":"https:\/\/projectfood.fr\/index.php?rest_route=%2Fwp%2Fv2%2Fproduct_tag&post=42226"}],"curies":[{"name":"wp","href":"https:\/\/api.w.org\/{rel}","templated":true}]}}