{"id":42363,"date":"2018-10-18T09:29:49","date_gmt":"2018-10-18T09:29:49","guid":{"rendered":"https:\/\/projectfood-fr.stackstaging.com\/?post_type=product&#038;p=42363"},"modified":"2024-08-29T10:02:39","modified_gmt":"2024-08-29T08:02:39","slug":"chariot-porte-plats-environ-200-plates-vides","status":"publish","type":"product","link":"https:\/\/projectfood.fr\/?product=chariot-porte-plats-environ-200-plates-vides","title":{"rendered":"Chariot porte-plats environ 200 plates vides"},"content":{"rendered":"<h2><span style=\"color: #2185c2; font-size: 16px;\"><strong>Porte-plats \u00e0 chariot\u00a0<\/strong><\/span><\/h2>\n<p><span style=\"color: #000000; font-size: 15px;\">Capacit\u00e9: environ 200 assiettes vides.<\/span><\/p>\n<p><span style=\"color: #000000; font-size: 15px;\">Structure en tube de acier inox.<\/span><br \/>\n<span style=\"color: #000000; font-size: 15px;\">\u00c9tag\u00e8re \u00e0 assiettes et panneaux en t\u00f4le d\u2019acier inox.<\/span><br \/>\n<span style=\"color: #000000; font-size: 15px;\">Roues pivotantes.<\/span><\/p>\n<p><span style=\"color: #2185c2; font-size: 15px;\"><strong>N\u2019h\u00e9sitez pas \u00e0 nous contacter pour toute information!<\/strong><\/span><\/p>\n","protected":false},"excerpt":{"rendered":"<p style=\"text-align: center;\"><strong><span style=\"color: #2185c2;\">LIVRAISON PROMPTE<\/span><\/strong><\/p>\n","protected":false},"featured_media":42364,"template":"","meta":{"inline_featured_image":false},"product_brand":[],"product_cat":[1657],"product_tag":[],"class_list":{"0":"post-42363","1":"product","2":"type-product","3":"status-publish","4":"has-post-thumbnail","6":"product_cat-chariot-de-transport-plats","7":"pa_allow-quotation-2352","8":"pa_codice-produttore-cp1441","9":"pa_dimensions-lxp-mm-l910xp570xh1010","10":"pa_ean-9694","11":"pa_fornitore-forcar","12":"pa_madeinitaly-oui","13":"pa_materiel-de-construction-acier-inoxydable","14":"pa_product-image-size-0-2","15":"pa_prontaconsegna-oui","17":"first","18":"instock","19":"taxable","20":"shipping-taxable","21":"purchasable","22":"product-type-simple"},"df_price":298,"df_sale_price":"","df_regular_price":298,"df_image_link":"https:\/\/projectfood.fr\/wp-content\/uploads\/2020\/07\/products-cp1441.jpg","_links":{"self":[{"href":"https:\/\/projectfood.fr\/index.php?rest_route=\/wp\/v2\/product\/42363","targetHints":{"allow":["GET"]}}],"collection":[{"href":"https:\/\/projectfood.fr\/index.php?rest_route=\/wp\/v2\/product"}],"about":[{"href":"https:\/\/projectfood.fr\/index.php?rest_route=\/wp\/v2\/types\/product"}],"wp:featuredmedia":[{"embeddable":true,"href":"https:\/\/projectfood.fr\/index.php?rest_route=\/wp\/v2\/media\/42364"}],"wp:attachment":[{"href":"https:\/\/projectfood.fr\/index.php?rest_route=%2Fwp%2Fv2%2Fmedia&parent=42363"}],"wp:term":[{"taxonomy":"product_brand","embeddable":true,"href":"https:\/\/projectfood.fr\/index.php?rest_route=%2Fwp%2Fv2%2Fproduct_brand&post=42363"},{"taxonomy":"product_cat","embeddable":true,"href":"https:\/\/projectfood.fr\/index.php?rest_route=%2Fwp%2Fv2%2Fproduct_cat&post=42363"},{"taxonomy":"product_tag","embeddable":true,"href":"https:\/\/projectfood.fr\/index.php?rest_route=%2Fwp%2Fv2%2Fproduct_tag&post=42363"}],"curies":[{"name":"wp","href":"https:\/\/api.w.org\/{rel}","templated":true}]}}