{"id":42467,"date":"2018-10-19T09:44:11","date_gmt":"2018-10-19T09:44:11","guid":{"rendered":"https:\/\/projectfood-fr.stackstaging.com\/?post_type=product&#038;p=42467"},"modified":"2024-08-29T13:00:07","modified_gmt":"2024-08-29T11:00:07","slug":"chariot-porte-plateaux-en-acier-inox-20-plateaux-2","status":"publish","type":"product","link":"https:\/\/projectfood.fr\/?product=chariot-porte-plateaux-en-acier-inox-20-plateaux-2","title":{"rendered":"Chariot porte-plateaux en acier inox 20 plateaux"},"content":{"rendered":"<h2><span style=\"color: #2185c2; font-size: 16px;\"><strong><span style=\"color: #2185c2;\">Chariot de <\/span>service<\/strong><\/span><\/h2>\n<p><span style=\"color: #000000; font-size: 15px;\">Capacit\u00e9: 20 plateaux<\/span><br \/>\n<span style=\"color: #000000; font-size: 15px;\">Guides en acier inox<\/span><br \/>\n<span style=\"color: #000000; font-size: 15px;\">Roues multidirectionnelles<\/span><br \/>\n<span style=\"color: #000000; font-size: 15px;\">Pare-chocs en caoutchouc<\/span><\/p>\n<p><span style=\"color: #000000; font-size: 15px;\">Chariots \u00e9quip\u00e9s de s\u00e9rie pour plateaux GN 1\/1 (530&#215;325)<\/span><\/p>\n<p><span style=\"color: #2185c2; font-size: 15px;\"><strong>N\u2019h\u00e9sitez pas \u00e0 nous contacter pour toute information!<\/strong><\/span><\/p>\n","protected":false},"excerpt":{"rendered":"<p style=\"text-align: center;\"><strong><span style=\"color: #2185c2;\">LIVRAISON PROMPTE<\/span><\/strong><\/p>\n","protected":false},"featured_media":42468,"template":"","meta":{"inline_featured_image":false},"product_brand":[],"product_cat":[1660],"product_tag":[],"class_list":{"0":"post-42467","1":"product","2":"type-product","3":"status-publish","4":"has-post-thumbnail","6":"product_cat-chariots-de-transport-plateaux","7":"pa_allow-quotation-2352","8":"pa_codice-produttore-ca1460","9":"pa_dimensions-lxp-mm-l740xp620xh1750","10":"pa_ean-9834","11":"pa_fornitore-forcar","12":"pa_madeinitaly-oui","13":"pa_materiel-de-construction-acier-inoxydable","14":"pa_product-image-size-0-2","15":"pa_prontaconsegna-oui","17":"first","18":"instock","19":"taxable","20":"shipping-taxable","21":"purchasable","22":"product-type-simple"},"df_price":411,"df_sale_price":"","df_regular_price":411,"df_image_link":"https:\/\/projectfood.fr\/wp-content\/uploads\/2020\/07\/products-ca1460.jpg","_links":{"self":[{"href":"https:\/\/projectfood.fr\/index.php?rest_route=\/wp\/v2\/product\/42467","targetHints":{"allow":["GET"]}}],"collection":[{"href":"https:\/\/projectfood.fr\/index.php?rest_route=\/wp\/v2\/product"}],"about":[{"href":"https:\/\/projectfood.fr\/index.php?rest_route=\/wp\/v2\/types\/product"}],"wp:featuredmedia":[{"embeddable":true,"href":"https:\/\/projectfood.fr\/index.php?rest_route=\/wp\/v2\/media\/42468"}],"wp:attachment":[{"href":"https:\/\/projectfood.fr\/index.php?rest_route=%2Fwp%2Fv2%2Fmedia&parent=42467"}],"wp:term":[{"taxonomy":"product_brand","embeddable":true,"href":"https:\/\/projectfood.fr\/index.php?rest_route=%2Fwp%2Fv2%2Fproduct_brand&post=42467"},{"taxonomy":"product_cat","embeddable":true,"href":"https:\/\/projectfood.fr\/index.php?rest_route=%2Fwp%2Fv2%2Fproduct_cat&post=42467"},{"taxonomy":"product_tag","embeddable":true,"href":"https:\/\/projectfood.fr\/index.php?rest_route=%2Fwp%2Fv2%2Fproduct_tag&post=42467"}],"curies":[{"name":"wp","href":"https:\/\/api.w.org\/{rel}","templated":true}]}}