{"id":43217,"date":"2018-11-06T16:07:26","date_gmt":"2018-11-06T16:07:26","guid":{"rendered":"https:\/\/projectfood-fr.stackstaging.com\/?post_type=product&#038;p=43217"},"modified":"2024-07-25T16:48:49","modified_gmt":"2024-07-25T14:48:49","slug":"poubelle-armee-vide-plateaux-en-acier-inox-430-l600xp600x1200-mm","status":"publish","type":"product","link":"https:\/\/projectfood.fr\/?product=poubelle-armee-vide-plateaux-en-acier-inox-430-l600xp600x1200-mm","title":{"rendered":"Poubelle arm\u00e9e vide plateaux en acier inox 430 &#8211; L600xP600x1200 mm"},"content":{"rendered":"<h2><span style=\"color: #2185c2; font-size: 16px;\"><strong>Poubelle arm\u00e9e vide plateaux en acier inox 430 &#8211; L600xP600xH1200mm<\/strong><\/span><\/h2>\n<p><span style=\"color: #000000; font-size: 15px;\">La poubelle arm\u00e9e est <strong>fabriqu\u00e9e en acier inox 430 <\/strong>et se compose d\u2019une <strong> \u00e9tag\u00e8re sup\u00e9rieure <\/strong>pour plateaux et <strong>porte avant avec fermeture \u00e0 cl\u00e9\u00a0<\/strong><\/span><\/p>\n<p><span style=\"color: #339966; font-size: 15px;\">La poubelle <strong>est conforme \u00e0 toutes les normes HACCP.<\/strong><\/span><\/p>\n<p><span style=\"color: #000000; font-size: 15px;\">Des pieds en plastique sont \u00e9galement fournis.<\/span><\/p>\n<p><span style=\"color: #000000; font-size: 15px;\">La poubelle est id\u00e9ale pour une utilisation dans les cantines d\u2019entreprise ou les restaurants\u00a0<\/span><\/p>\n<p><span style=\"color: #2185c2; font-size: 15px;\"><strong>ACCESSOIRES DISPONIBLES NON INCLUS DANS LE PRIX<\/strong><\/span><\/p>\n<ul>\n<li><span style=\"color: #000000; font-size: 15px;\"><strong>Roues avec ou sans frein<\/strong><\/span><\/li>\n<li><span style=\"color: #000000; font-size: 15px;\"><strong>Bidon en plastique \u00e0 mettre dans le compartiment inf\u00e9rieur capacit\u00e9 75 litres<\/strong><\/span><\/li>\n<\/ul>\n<p><span style=\"font-size: 15px;\"><strong><span style=\"color: #2185c2;\">Pour toute information suppl\u00e9mentaire, nous sommes \u00e0 votre disposition\u00a0\u00a0<\/span><\/strong><\/span><\/p>\n","protected":false},"excerpt":{"rendered":"<p style=\"text-align: center;\"><span style=\"color: #0000ff; font-size: medium;\"><strong><span style=\"color: #000000;\"><span style=\"font-size: medium; color: #888888;\"><span style=\"color: #2185c2;\">LIVRAISON PROMPTE<\/span><\/span>&#8211;<\/span><span style=\"color: #339966;\"> MADE<\/span> <span style=\"color: #c0c0c0;\">IN<\/span> <span style=\"color: #ff0000;\">ITALY<\/span><\/strong><\/span><\/p>\n","protected":false},"featured_media":43218,"template":"","meta":{"inline_featured_image":false},"product_brand":[],"product_cat":[1750,1749],"product_tag":[],"class_list":{"0":"post-43217","1":"product","2":"type-product","3":"status-publish","4":"has-post-thumbnail","6":"product_cat-armoires-pour-vider-plateaux-cuisine","7":"product_cat-armoires-vide-plateaux","8":"pa_allow-quotation-2352","9":"pa_codice-produttore-701-01-430","10":"pa_delais-de-livr-5-7-jours-de-paiement","11":"pa_ean-10506","12":"pa_fornitore-inox-power","13":"pa_hauteur-1200-mm-7","14":"pa_longueur-600-mm-11","15":"pa_madeinitaly-oui","16":"pa_materiel-de-construction-acier-inoxydable-aisi-430","17":"pa_product-image-size-0-2","18":"pa_profondeur-600-mm-7","19":"pa_typologie-porte-battant","21":"first","22":"instock","23":"taxable","24":"shipping-taxable","25":"purchasable","26":"product-type-simple"},"df_price":634,"df_sale_price":"","df_regular_price":634,"df_image_link":"https:\/\/projectfood.fr\/wp-content\/uploads\/2020\/07\/products-701.01_1.jpg","_links":{"self":[{"href":"https:\/\/projectfood.fr\/index.php?rest_route=\/wp\/v2\/product\/43217","targetHints":{"allow":["GET"]}}],"collection":[{"href":"https:\/\/projectfood.fr\/index.php?rest_route=\/wp\/v2\/product"}],"about":[{"href":"https:\/\/projectfood.fr\/index.php?rest_route=\/wp\/v2\/types\/product"}],"wp:featuredmedia":[{"embeddable":true,"href":"https:\/\/projectfood.fr\/index.php?rest_route=\/wp\/v2\/media\/43218"}],"wp:attachment":[{"href":"https:\/\/projectfood.fr\/index.php?rest_route=%2Fwp%2Fv2%2Fmedia&parent=43217"}],"wp:term":[{"taxonomy":"product_brand","embeddable":true,"href":"https:\/\/projectfood.fr\/index.php?rest_route=%2Fwp%2Fv2%2Fproduct_brand&post=43217"},{"taxonomy":"product_cat","embeddable":true,"href":"https:\/\/projectfood.fr\/index.php?rest_route=%2Fwp%2Fv2%2Fproduct_cat&post=43217"},{"taxonomy":"product_tag","embeddable":true,"href":"https:\/\/projectfood.fr\/index.php?rest_route=%2Fwp%2Fv2%2Fproduct_tag&post=43217"}],"curies":[{"name":"wp","href":"https:\/\/api.w.org\/{rel}","templated":true}]}}