{"id":43293,"date":"2018-11-08T15:24:55","date_gmt":"2018-11-08T15:24:55","guid":{"rendered":"https:\/\/projectfood-fr.stackstaging.com\/?post_type=product&#038;p=43293"},"modified":"2024-08-08T09:04:03","modified_gmt":"2024-08-08T07:04:03","slug":"armoire-dressing-simple-en-acier-inox-430-l500xp400xh2150-mm","status":"publish","type":"product","link":"https:\/\/projectfood.fr\/?product=armoire-dressing-simple-en-acier-inox-430-l500xp400xh2150-mm","title":{"rendered":"Armoire vestiaire en acier inox 430 \u00e0 une porte &#8211; L500xP400xH2150 mm"},"content":{"rendered":"<h2><span style=\"color: #2185c2; font-size: 16px;\"><strong>Armoire vestiaire en acier inox 430 avec serrure \u00e0 cl\u00e9 L500xP400xH2150 mm<\/strong><\/span><\/h2>\n<p><span style=\"color: #000000; font-size: 15px;\">L\u2019armoire vestiaire <strong><strong>monoplace<\/strong><\/strong> est<strong><strong> construit en <\/strong>acier inox 430<\/strong><\/span><\/p>\n<p><span style=\"color: #000000; font-size: 15px;\">L\u2019armoire se compose de :<\/span><\/p>\n<ul>\n<li><span style=\"color: #000000; font-size: 15px;\">Une \u00e9tag\u00e8re \u00e0 chapeau sup\u00e9rieur\u00a0\u00a0<\/span><\/li>\n<li><span style=\"color: #000000; font-size: 15px;\">Cloison int\u00e9rieure pour sale et propre<\/span><\/li>\n<li><span style=\"color: #000000; font-size: 15px;\">Une \u00e9tag\u00e8re inf\u00e9rieure pour chaussures<\/span><\/li>\n<li><span style=\"color: #000000; font-size: 15px;\">Cintre \u00e0 v\u00eatements<\/span><\/li>\n<\/ul>\n<p><span style=\"color: #000000; font-size: 15px;\">L&#8217; armoire vestiaire a fourni la serrure \u00e0 cl\u00e9<\/span><\/p>\n<p><span style=\"font-size: 15px;\"><span style=\"color: #339966;\">L\u2019armoire respecte toutes les normes HACCP<\/span>.<\/span><\/p>\n<p><span style=\"font-size: 15px;\"><strong><span style=\"color: #000000;\">L&#8217;armoire a fourni le toit inclin\u00e9\u00a0\u00a0<\/span><\/strong><\/span><\/p>\n<p><span style=\"color: #2185c2; font-size: 15px;\"><strong>ACCESSOIRES DISPONIBLES NON INCLUS DANS LE PRIX<\/strong><\/span><\/p>\n<ul>\n<li><span style=\"color: #000000; font-size: 15px;\"><strong>Fermeture avec bouton pivotant et cl\u00e9<\/strong><\/span><\/li>\n<li><span style=\"color: #000000; font-size: 15px;\"><strong>Fermeture avec cadenas \u00a0<\/strong><\/span><\/li>\n<li><span style=\"color: #000000; font-size: 15px;\"><strong>Banc pour se changer<\/strong><\/span><\/li>\n<\/ul>\n<p><span style=\"font-size: 15px;\"><strong><span style=\"color: #2185c2;\">Pour toute information suppl\u00e9mentaire, nous sommes \u00e0 votre disposition\u00a0<\/span><\/strong><\/span><\/p>\n","protected":false},"excerpt":{"rendered":"<p style=\"text-align: center;\"><span style=\"color: #0000ff; font-size: medium;\"><strong><span style=\"color: #000000;\"><span style=\"font-size: medium; color: #888888;\"><span style=\"color: #2185c2;\">LIVRAISON PROMPTE<\/span><\/span><\/span> <span style=\"color: #000000;\">&#8211;<\/span><span style=\"color: #339966;\"> MADE<\/span> <span style=\"color: #c0c0c0;\">IN<\/span> <span style=\"color: #ff0000;\">ITALY<\/span><\/strong><\/span><\/p>\n","protected":false},"featured_media":43294,"template":"","meta":{"inline_featured_image":false},"product_brand":[],"product_cat":[1940,1709],"product_tag":[],"class_list":{"0":"post-43293","1":"product","2":"type-product","3":"status-publish","4":"has-post-thumbnail","6":"product_cat-acier-inox-430-2","7":"product_cat-armoires-dressing","8":"pa_codice-produttore-694-01-43","9":"pa_ean-10564","10":"pa_fermeture-de-porte-battante-2","11":"pa_fornitore-inox-power","12":"pa_hauteur-2150-mm","13":"pa_longueur-500-mm-12","14":"pa_madeinitaly-oui","15":"pa_materiel-de-construction-acier-inoxydable-aisi-430","16":"pa_nombre-portes-n-1-porte","17":"pa_profondeur-400-mm-8","18":"pa_prontaconsegna-oui","19":"pa_separation-interieure-oui","20":"pa_type-darmoire-armoire-dressing","22":"first","23":"instock","24":"sale","25":"taxable","26":"shipping-taxable","27":"purchasable","28":"product-type-simple"},"df_price":473,"df_sale_price":473,"df_regular_price":519,"df_image_link":"https:\/\/projectfood.fr\/wp-content\/uploads\/2020\/07\/products-694.01_2.jpg","_links":{"self":[{"href":"https:\/\/projectfood.fr\/index.php?rest_route=\/wp\/v2\/product\/43293","targetHints":{"allow":["GET"]}}],"collection":[{"href":"https:\/\/projectfood.fr\/index.php?rest_route=\/wp\/v2\/product"}],"about":[{"href":"https:\/\/projectfood.fr\/index.php?rest_route=\/wp\/v2\/types\/product"}],"wp:featuredmedia":[{"embeddable":true,"href":"https:\/\/projectfood.fr\/index.php?rest_route=\/wp\/v2\/media\/43294"}],"wp:attachment":[{"href":"https:\/\/projectfood.fr\/index.php?rest_route=%2Fwp%2Fv2%2Fmedia&parent=43293"}],"wp:term":[{"taxonomy":"product_brand","embeddable":true,"href":"https:\/\/projectfood.fr\/index.php?rest_route=%2Fwp%2Fv2%2Fproduct_brand&post=43293"},{"taxonomy":"product_cat","embeddable":true,"href":"https:\/\/projectfood.fr\/index.php?rest_route=%2Fwp%2Fv2%2Fproduct_cat&post=43293"},{"taxonomy":"product_tag","embeddable":true,"href":"https:\/\/projectfood.fr\/index.php?rest_route=%2Fwp%2Fv2%2Fproduct_tag&post=43293"}],"curies":[{"name":"wp","href":"https:\/\/api.w.org\/{rel}","templated":true}]}}