{"id":43367,"date":"2018-11-08T16:37:55","date_gmt":"2018-11-08T16:37:55","guid":{"rendered":"https:\/\/projectfood-fr.stackstaging.com\/?post_type=product&#038;p=43367"},"modified":"2024-08-07T16:41:38","modified_gmt":"2024-08-07T14:41:38","slug":"armoire-dressing-a-une-porte-en-tole-galvanisee-l450xp400xh1800-mm","status":"publish","type":"product","link":"https:\/\/projectfood.fr\/?product=armoire-dressing-a-une-porte-en-tole-galvanisee-l450xp400xh1800-mm","title":{"rendered":"Armoire vestiaire \u00e0 une porte en zinc plastifi\u00e9 &#8211; L450xP400xH1800 mm"},"content":{"rendered":"<h2><span style=\"color: #2185c2; font-size: 16px;\"><strong>Armoire vestiaire en zin plastifi\u00e9 avec serrure \u00e0 cl\u00e9 L450xP400xH1800 mm<\/strong><\/span><\/h2>\n<p><span style=\"color: #000000; font-size: 15px;\">L\u2019Armoire vestiaire <strong>monoplace<\/strong> est <strong> construit en t\u00f4le en zinc plastifi\u00e9<\/strong><\/span><\/p>\n<p><span style=\"color: #000000; font-size: 15px;\">L\u2019armoire se compose\u00a0: d\u2019une \u00e9tag\u00e8re \u00e0 chapeau et cloison pour la salet\u00e9 et propre<\/span><\/p>\n<p><span style=\"color: #000000; font-size: 15px;\">L\u2019Armoire vestiaire a fourni la serrure \u00e0 cl\u00e9<\/span><\/p>\n<p><span style=\"color: #339966; font-size: 15px;\">L\u2019armoire respecte toutes les normes HACCP.<\/span><\/p>\n<p><span style=\"color: #000000; font-size: 15px;\">Le placard est de couleur grise, sur demande, vous pouvez avoir la couleur beige ou blanc\u00a0\u00a0<\/span><\/p>\n<p><span style=\"color: #2185c2; font-size: 15px;\"><strong>ACCESSOIRES DISPONIBLES NON INCLUS DANS LE PRIX<\/strong><\/span><\/p>\n<ul>\n<li><span style=\"color: #000000; font-size: 15px;\"><strong>Fermeture avec bouton pivotant et cl\u00e9<\/strong><\/span><\/li>\n<li><span style=\"color: #000000; font-size: 15px;\"><strong>Fermeture avec cadenas \u00a0<\/strong><\/span><\/li>\n<li><span style=\"color: #000000; font-size: 15px;\"><strong>Banc pour se changer<\/strong><\/span><\/li>\n<\/ul>\n<p><span style=\"font-size: 15px;\"><strong><span style=\"color: #2185c2;\">Pour toute information suppl\u00e9mentaire, nous sommes \u00e0 votre disposition\u00a0<\/span><\/strong><\/span><\/p>\n","protected":false},"excerpt":{"rendered":"<p style=\"text-align: center;\"><span style=\"color: #0000ff; font-size: medium;\"><strong><span style=\"color: #000000;\"><span style=\"font-size: medium; color: #888888;\"><span style=\"color: #2185c2;\">LIVRAISON PROMPTE<\/span><\/span> &#8211;<\/span><span style=\"color: #339966;\"> MADE<\/span> <span style=\"color: #c0c0c0;\">IN<\/span> <span style=\"color: #ff0000;\">ITALY<\/span><\/strong><\/span><\/p>\n","protected":false},"featured_media":43368,"template":"","meta":{"inline_featured_image":false},"product_brand":[],"product_cat":[1709,1939],"product_tag":[],"class_list":{"0":"post-43367","1":"product","2":"type-product","3":"status-publish","4":"has-post-thumbnail","6":"product_cat-armoires-dressing","7":"product_cat-zincplastifie-2","8":"pa_codice-produttore-z-694-01","9":"pa_ean-10608","10":"pa_fermeture-de-porte-battante-2","11":"pa_fornitore-inox-power","12":"pa_hauteur-1800-mm-7","13":"pa_longueur-450-mm-2","14":"pa_madeinitaly-oui","15":"pa_materiel-de-construction-galvanise","16":"pa_nombre-portes-n-1-porte","17":"pa_profondeur-400-mm-8","18":"pa_prontaconsegna-oui","19":"pa_separation-interieure-oui","20":"pa_type-darmoire-armoire-dressing","22":"first","23":"instock","24":"sale","25":"taxable","26":"shipping-taxable","27":"purchasable","28":"product-type-simple"},"df_price":298,"df_sale_price":298,"df_regular_price":315,"df_image_link":"https:\/\/projectfood.fr\/wp-content\/uploads\/2021\/02\/products-z.694.01.jpg","_links":{"self":[{"href":"https:\/\/projectfood.fr\/index.php?rest_route=\/wp\/v2\/product\/43367","targetHints":{"allow":["GET"]}}],"collection":[{"href":"https:\/\/projectfood.fr\/index.php?rest_route=\/wp\/v2\/product"}],"about":[{"href":"https:\/\/projectfood.fr\/index.php?rest_route=\/wp\/v2\/types\/product"}],"wp:featuredmedia":[{"embeddable":true,"href":"https:\/\/projectfood.fr\/index.php?rest_route=\/wp\/v2\/media\/43368"}],"wp:attachment":[{"href":"https:\/\/projectfood.fr\/index.php?rest_route=%2Fwp%2Fv2%2Fmedia&parent=43367"}],"wp:term":[{"taxonomy":"product_brand","embeddable":true,"href":"https:\/\/projectfood.fr\/index.php?rest_route=%2Fwp%2Fv2%2Fproduct_brand&post=43367"},{"taxonomy":"product_cat","embeddable":true,"href":"https:\/\/projectfood.fr\/index.php?rest_route=%2Fwp%2Fv2%2Fproduct_cat&post=43367"},{"taxonomy":"product_tag","embeddable":true,"href":"https:\/\/projectfood.fr\/index.php?rest_route=%2Fwp%2Fv2%2Fproduct_tag&post=43367"}],"curies":[{"name":"wp","href":"https:\/\/api.w.org\/{rel}","templated":true}]}}