{"id":43454,"date":"2018-11-09T11:16:16","date_gmt":"2018-11-09T11:16:16","guid":{"rendered":"https:\/\/projectfood-fr.stackstaging.com\/?post_type=product&#038;p=43454"},"modified":"2024-08-08T14:33:04","modified_gmt":"2024-08-08T12:33:04","slug":"armoire-dressing-a-six-places-en-tole-galvanisee-l1200xp400xh1800-mm","status":"publish","type":"product","link":"https:\/\/projectfood.fr\/?product=armoire-dressing-a-six-places-en-tole-galvanisee-l1200xp400xh1800-mm","title":{"rendered":"Armoire vestiaire en zinc plastifi\u00e9 \u00e0 six portes &#8211; L1200xP400xH1800 mm"},"content":{"rendered":"<h2><span style=\"color: #2185c2; font-size: 16px;\"><strong>Armoire vestiaire en zinc plastifi\u00e9 avec serrure \u00e0 cl\u00e9 L1200xP400xH1800 mm<\/strong><\/span><\/h2>\n<p><span style=\"color: #000000; font-size: 15px;\">L\u2019armoire vestiaire <strong>6<\/strong> <strong>places<\/strong> est <strong>construit en t\u00f4le en zinc plastifi\u00e9<\/strong><\/span><\/p>\n<p><span style=\"color: #000000; font-size: 15px;\">L\u2019armoire se compose par porte de\u00a0:<\/span><\/p>\n<ul>\n<li><span style=\"color: #000000; font-size: 15px;\">Cloison int\u00e9rieure pour sale et propre<\/span><\/li>\n<li><span style=\"color: #000000; font-size: 15px;\">Cintre \u00e0 v\u00eatements<\/span><\/li>\n<\/ul>\n<p><span style=\"color: #000000; font-size: 15px;\">L&#8217; armoire vestiaire a fourni la serrure \u00e0 cl\u00e9<\/span><\/p>\n<p><span style=\"font-size: 15px;\"><span style=\"color: #339966;\">L\u2019armoire respecte toutes les normes HACCP<\/span>.<\/span><\/p>\n<p><span style=\"color: #000000; font-size: 15px;\">L&#8217;armoire est gris, sur demande blanc et beige<\/span><\/p>\n<p><span style=\"color: #2185c2; font-size: 15px;\"><strong>ACCESSOIRES DISPONIBLES NON INCLUS DANS LE PRIX<\/strong><\/span><\/p>\n<ul>\n<li><span style=\"color: #000000; font-size: 15px;\"><strong>Fermeture avec bouton pivotant et cl\u00e9<\/strong><\/span><\/li>\n<li><span style=\"color: #000000; font-size: 15px;\"><strong>Fermeture avec cadenas \u00a0<\/strong><\/span><\/li>\n<li><span style=\"color: #000000; font-size: 15px;\"><strong>Banc pour se changer<\/strong><\/span><\/li>\n<\/ul>\n<p><span style=\"font-size: 15px;\"><strong><span style=\"color: #2185c2;\">Pour toute information suppl\u00e9mentaire, nous sommes \u00e0 votre disposition\u00a0<\/span><\/strong><\/span><\/p>\n","protected":false},"excerpt":{"rendered":"<p style=\"text-align: center;\"><span style=\"color: #0000ff; font-size: medium;\"><strong><span style=\"color: #000000;\"><span style=\"font-size: medium; color: #888888;\"><span style=\"color: #2185c2;\">LIVRAISON PROMPTE<\/span><\/span><\/span> <span style=\"color: #000000;\">&#8211;<\/span><span style=\"color: #339966;\"> MADE<\/span> <span style=\"color: #c0c0c0;\">IN<\/span> <span style=\"color: #ff0000;\">ITALY<\/span><\/strong><\/span><\/p>\n","protected":false},"featured_media":43455,"template":"","meta":{"inline_featured_image":false},"product_brand":[],"product_cat":[1753,1942],"product_tag":[],"class_list":{"0":"post-43454","1":"product","2":"type-product","3":"status-publish","4":"has-post-thumbnail","6":"product_cat-armoires-dressing-avec-casiers","7":"product_cat-zinc-plastifie-3","8":"pa_codice-produttore-z-694-07","9":"pa_ean-10663","10":"pa_fornitore-inox-power","11":"pa_hauteur-1800-mm-7","12":"pa_longueur-1200-mm-6","13":"pa_madeinitaly-oui","14":"pa_materiel-de-construction-galvanise","15":"pa_nombre-etageressssss-2-13","16":"pa_nombre-places-n-6","17":"pa_profondeur-400-mm-8","18":"pa_types-de-serrures-serrure-a-cle-bouton-verrouillable-bouton-pivotant-a-cle","19":"pa_typologie-porte-battant","20":"pa_typologie-toiture-piano","22":"first","23":"instock","24":"taxable","25":"shipping-taxable","26":"purchasable","27":"product-type-simple"},"df_price":916,"df_sale_price":"","df_regular_price":916,"df_image_link":"https:\/\/projectfood.fr\/wp-content\/uploads\/2020\/07\/products-z.694.07.jpg","_links":{"self":[{"href":"https:\/\/projectfood.fr\/index.php?rest_route=\/wp\/v2\/product\/43454","targetHints":{"allow":["GET"]}}],"collection":[{"href":"https:\/\/projectfood.fr\/index.php?rest_route=\/wp\/v2\/product"}],"about":[{"href":"https:\/\/projectfood.fr\/index.php?rest_route=\/wp\/v2\/types\/product"}],"wp:featuredmedia":[{"embeddable":true,"href":"https:\/\/projectfood.fr\/index.php?rest_route=\/wp\/v2\/media\/43455"}],"wp:attachment":[{"href":"https:\/\/projectfood.fr\/index.php?rest_route=%2Fwp%2Fv2%2Fmedia&parent=43454"}],"wp:term":[{"taxonomy":"product_brand","embeddable":true,"href":"https:\/\/projectfood.fr\/index.php?rest_route=%2Fwp%2Fv2%2Fproduct_brand&post=43454"},{"taxonomy":"product_cat","embeddable":true,"href":"https:\/\/projectfood.fr\/index.php?rest_route=%2Fwp%2Fv2%2Fproduct_cat&post=43454"},{"taxonomy":"product_tag","embeddable":true,"href":"https:\/\/projectfood.fr\/index.php?rest_route=%2Fwp%2Fv2%2Fproduct_tag&post=43454"}],"curies":[{"name":"wp","href":"https:\/\/api.w.org\/{rel}","templated":true}]}}