{"id":43670,"date":"2019-01-28T09:57:22","date_gmt":"2019-01-28T08:57:22","guid":{"rendered":"https:\/\/projectfood-fr.stackstaging.com\/?post_type=product&#038;p=43670"},"modified":"2023-01-18T12:13:08","modified_gmt":"2023-01-18T11:13:08","slug":"cappe-a-condensazione-per-forni-pizza-basic-6-6-6","status":"publish","type":"product","link":"https:\/\/projectfood.fr\/?product=cappe-a-condensazione-per-forni-pizza-basic-6-6-6","title":{"rendered":"Hotte d\u2019aspiration avec moteur et condensateur en acier inoxydable pour fours pizzeria"},"content":{"rendered":"<p><span style=\"color: #2185c2;\"><strong>Hotte \u00e0 Condensation pour Fours Pizza Projectfood<\/strong><\/span><\/p>\n<p><span style=\"color: #000000;\">Hotte \u00e0 condensation avec fonction compl\u00e8tement autonome \u00e0 fixer au-dessus de nos fours sans avoir besoin d\u2019une chemin\u00e9e avec fonctionnement en courant monophas\u00e9\u00a0\u00a0<\/span><\/p>\n<p><strong style=\"color: #ff0000;\">Questions Fr\u00e9quemment Pos\u00e9es<\/strong><\/p>\n<p><strong style=\"color: #ff0000;\">Demande : <\/strong><span style=\"color: #000000;\">Que sont les hottes \u00e0 condensation professionnelles et comment fonctionnent-elles?<\/span><\/p>\n<p><strong style=\"color: #2185c2;\">Question :<\/strong><\/p>\n<p><span style=\"color: #000000;\">L\u2019installation des hottes traditionnelles n\u2019est pas toujours possible car des probl\u00e8mes d\u2019espace et d\u2019autorisations peuvent survenir.<\/span><\/p>\n<p><span style=\"color: #000000;\">En fait, les aspirateurs comprennent souvent un syst\u00e8me de canalisation et de conduits de chemin\u00e9e qui implique la n\u00e9cessit\u00e9 d\u2019un certain espace exc\u00e9dentaire et de l\u2019autorisation \u00e9ventuelle d\u2019agir sur la structure externe.<\/span><\/p>\n<p><span style=\"color: #2185c2;\"><strong>Projectfood<\/strong><\/span><span style=\"color: #000000;\">\u00a0a \u00e9galement la solution \u00e0 ce probl\u00e8me avec des syst\u00e8mes monobloc capables d\u2019aspirer l\u2019air, la graisse et les odeurs, avec un \u00a0<\/span><strong style=\"color: #000000;\">encombrement r\u00e9duit au minimum (sans utilisation de conduits de fum\u00e9e). <\/strong><span style=\"color: #000000;\">\u00a0Les hottes \u00e0 condensation ont besoin d\u2019une attaque d\u2019eau et d\u2019un drain qui permet le bon fonctionnement de la hotte<\/span><\/p>\n<p><span style=\"color: #000000;\">Outre les avantages \u00e9num\u00e9r\u00e9s ci-dessus, d\u2019autres aspects rendent l\u2019installation de hottes de condensation plus pratique\u00a0:<\/span><\/p>\n<p><span style=\"color: #000000;\">&#8211; Montage Rapide<\/span><\/p>\n<p><span style=\"color: #000000;\">&#8211; Consommation r\u00e9duite par rapport aux syst\u00e8mes d\u2019aspiration traditionnels<\/span><\/p>\n<p><strong><span style=\"color: #339966;\">&#8211; R\u00e9duction des \u00e9missions de polluants<\/span><\/strong><\/p>\n<p><span style=\"color: #000000;\"><strong>&#8211; Rejet dans l\u2019environnement du m\u00eame air aspir\u00e9, convenablement purifi\u00e9 et d\u00e9shumidifi\u00e9<\/strong><\/span><\/p>\n<p><span style=\"color: #000000;\">&#8211; Possibilit\u00e9 de b\u00e9n\u00e9ficier d\u2019un environnement sain et conforme \u00e0 la loi o\u00f9 mener ses activit\u00e9s de cuisine.<\/span><\/p>\n<p><span style=\"color: #000000;\">&#8211; \u00c9chappement avec chemin\u00e9e avec convoyeur<\/span><\/p>\n","protected":false},"excerpt":{"rendered":"<p style=\"text-align: center;\"><span style=\"font-size: medium;\"><strong><span style=\"color: #339966;\">MADE<\/span><span style=\"color: #c0c0c0;\"> IN<\/span> <span style=\"color: #ff0000;\">ITALY <\/span><\/strong><\/span><\/p>\n<p style=\"text-align: center;\">\n","protected":false},"featured_media":43671,"template":"","meta":{"inline_featured_image":false},"product_brand":[],"product_cat":[1613],"product_tag":[],"class_list":{"0":"post-43670","1":"product","2":"type-product","3":"status-publish","4":"has-post-thumbnail","6":"product_cat-hottes-3","7":"pa_allow-quotation-2352","8":"pa_codice-produttore-kb6-66c","9":"pa_ean-10769","10":"pa_fornitore-prismafood","11":"pa_madeinitaly-oui","12":"pa_product-image-size-0-2","14":"first","15":"instock","16":"taxable","17":"shipping-taxable","18":"purchasable","19":"product-type-simple"},"df_price":1270,"df_sale_price":"","df_regular_price":1270,"df_image_link":"https:\/\/projectfood.fr\/wp-content\/uploads\/2020\/07\/products-kb-kxl-kt_1_1_2.jpg","_links":{"self":[{"href":"https:\/\/projectfood.fr\/index.php?rest_route=\/wp\/v2\/product\/43670","targetHints":{"allow":["GET"]}}],"collection":[{"href":"https:\/\/projectfood.fr\/index.php?rest_route=\/wp\/v2\/product"}],"about":[{"href":"https:\/\/projectfood.fr\/index.php?rest_route=\/wp\/v2\/types\/product"}],"wp:featuredmedia":[{"embeddable":true,"href":"https:\/\/projectfood.fr\/index.php?rest_route=\/wp\/v2\/media\/43671"}],"wp:attachment":[{"href":"https:\/\/projectfood.fr\/index.php?rest_route=%2Fwp%2Fv2%2Fmedia&parent=43670"}],"wp:term":[{"taxonomy":"product_brand","embeddable":true,"href":"https:\/\/projectfood.fr\/index.php?rest_route=%2Fwp%2Fv2%2Fproduct_brand&post=43670"},{"taxonomy":"product_cat","embeddable":true,"href":"https:\/\/projectfood.fr\/index.php?rest_route=%2Fwp%2Fv2%2Fproduct_cat&post=43670"},{"taxonomy":"product_tag","embeddable":true,"href":"https:\/\/projectfood.fr\/index.php?rest_route=%2Fwp%2Fv2%2Fproduct_tag&post=43670"}],"curies":[{"name":"wp","href":"https:\/\/api.w.org\/{rel}","templated":true}]}}