{"id":45236,"date":"2019-07-02T06:37:10","date_gmt":"2019-07-02T04:37:10","guid":{"rendered":"https:\/\/projectfood-fr.stackstaging.com\/?post_type=product&#038;p=45236"},"modified":"2024-02-24T12:44:46","modified_gmt":"2024-02-24T11:44:46","slug":"table-en-acier-inoxydable-avec-porte-l1600xp700xh850-mm-ligne-basic","status":"publish","type":"product","link":"https:\/\/projectfood.fr\/?product=table-en-acier-inoxydable-avec-porte-l1600xp700xh850-mm-ligne-basic","title":{"rendered":"Table en acier inoxydable avec portes L1600xP700xH850 mm &#8211; ligne basic"},"content":{"rendered":"<p><span style=\"color: #3366ff;\"><strong><span style=\"color: #2185c2;\">Table de travail en Acier Inox sans dosseret\u00a0<\/span><\/strong><\/span><\/p>\n<p><span style=\"color: #000000;\">La Table a une <strong>robuste structure en acier INOX<\/strong> 18\/10 &#8211; AISI 430 avec finition Scotch Brite<strong>.<\/strong><\/span><\/p>\n<p><span style=\"color: #000000;\">La Table de travail est en <strong>Acier Inox AISI 304<\/strong> avec \u00e9paisseur de 40 mm<strong> renforc\u00e9 en bois agglom\u00e9r\u00e9 bilamin\u00e9 hydrofuge<\/strong><\/span><\/p>\n<p><span style=\"color: #000000;\"><strong>Notre acier est certifi\u00e9 MOCA pour une utilisation alimentaire.<\/strong><\/span><\/p>\n<p><span style=\"color: #000000;\">La table peut \u00eatre r\u00e9gl\u00e9 en hauteur gr\u00e2ce aux quatre <strong>pieds r\u00e9glables.<\/strong><\/span><\/p>\n<p><span style=\"color: #000000;\">La table est \u00e9quip\u00e9e d\u2019une <strong>portes coulissantes<\/strong><\/span><\/p>\n<p><strong style=\"color: #2185c2;\">\u00c9QUIPEMENT DE S\u00c9RIE:<\/strong><\/p>\n<p><span style=\"color: #000000;\">&#8211; Pieds R\u00e9glables<\/span><\/p>\n<p><strong style=\"color: #2185c2;\">NETTOYANT ET ENTRETIEN\u00a0<\/strong><\/p>\n<p><span style=\"color: #000000;\">La table a besoin d\u2019un nettoyage constant pour durer.<\/span><\/p>\n<p><span style=\"color: #000000;\"><strong><span style=\"text-decoration: underline;\">Ne pas utiliser de produits acides et agressifs<\/span><\/strong> pour le nettoyage de l\u2019acier<\/span><\/p>\n<p><span style=\"color: #000000;\">Pour toute information, le personnel de <span style=\"color: #2185c2;\"><strong>Projectfood<\/strong> <span style=\"color: #000000;\">est \u00e0 votre disposition<\/span><\/span><\/span><\/p>\n","protected":false},"excerpt":{"rendered":"<p style=\"text-align: center;\"><strong><span style=\"color: #339966;\">MADE<\/span> <span style=\"color: #c0c0c0;\">IN<\/span><span style=\"color: #ff0000;\"> ITALY<\/span> &#8211; <span style=\"color: #2185c2;\">ACIER INOX AISI<\/span><\/strong><\/p>\n","protected":false},"featured_media":45237,"template":"","meta":{"inline_featured_image":false},"product_brand":[],"product_cat":[1803,1642,1801],"product_tag":[],"class_list":{"0":"post-45236","1":"product","2":"type-product","3":"status-publish","4":"has-post-thumbnail","6":"product_cat-table-prof-700-17","7":"product_cat-tables-armoires-en-acier-inox","8":"product_cat-tables-armoires-avec-portes-2","9":"pa_allow-quotation-2352","10":"pa_codice-produttore-dstax167","11":"pa_dosseret-non","12":"pa_ean-11451","13":"pa_etagere-intermediaire-oui","14":"pa_fornitore-ristopro","15":"pa_hauteur-comptoir-850-mm-2","16":"pa_longueur-table-1600-mm-3","17":"pa_madeinitaly-oui","18":"pa_nombre-portes-n-2-portes","19":"pa_product-image-size-0-2","20":"pa_profondita-ta-700-mm-5","21":"pa_prontaconsegna-oui","22":"pa_typologie-comptoir-table-equipe","23":"pa_typologie-dacier-aisi-304-430","24":"pa_typologie-porte-inox-porta-scorrevole","26":"first","27":"instock","28":"taxable","29":"shipping-taxable","30":"purchasable","31":"product-type-simple"},"df_price":558,"df_sale_price":"","df_regular_price":558,"df_image_link":"https:\/\/projectfood.fr\/wp-content\/uploads\/2021\/07\/products-pfeta167-min.jpg","_links":{"self":[{"href":"https:\/\/projectfood.fr\/index.php?rest_route=\/wp\/v2\/product\/45236","targetHints":{"allow":["GET"]}}],"collection":[{"href":"https:\/\/projectfood.fr\/index.php?rest_route=\/wp\/v2\/product"}],"about":[{"href":"https:\/\/projectfood.fr\/index.php?rest_route=\/wp\/v2\/types\/product"}],"wp:featuredmedia":[{"embeddable":true,"href":"https:\/\/projectfood.fr\/index.php?rest_route=\/wp\/v2\/media\/45237"}],"wp:attachment":[{"href":"https:\/\/projectfood.fr\/index.php?rest_route=%2Fwp%2Fv2%2Fmedia&parent=45236"}],"wp:term":[{"taxonomy":"product_brand","embeddable":true,"href":"https:\/\/projectfood.fr\/index.php?rest_route=%2Fwp%2Fv2%2Fproduct_brand&post=45236"},{"taxonomy":"product_cat","embeddable":true,"href":"https:\/\/projectfood.fr\/index.php?rest_route=%2Fwp%2Fv2%2Fproduct_cat&post=45236"},{"taxonomy":"product_tag","embeddable":true,"href":"https:\/\/projectfood.fr\/index.php?rest_route=%2Fwp%2Fv2%2Fproduct_tag&post=45236"}],"curies":[{"name":"wp","href":"https:\/\/api.w.org\/{rel}","templated":true}]}}