{"id":46862,"date":"2019-07-12T12:06:31","date_gmt":"2019-07-12T10:06:31","guid":{"rendered":"https:\/\/projectfood-fr.stackstaging.com\/?post_type=product&#038;p=46862"},"modified":"2024-02-24T12:42:28","modified_gmt":"2024-02-24T11:42:28","slug":"evier-en-acier-inoxydable-avec-dosseret-l500xp600xh850-mm-ligne-basic","status":"publish","type":"product","link":"https:\/\/projectfood.fr\/?product=evier-en-acier-inoxydable-avec-dosseret-l500xp600xh850-mm-ligne-basic","title":{"rendered":"\u00c9vier en acier inoxydable avec dosseret L500xP600xH850 mm &#8211; ligne basic"},"content":{"rendered":"<p><span style=\"color: #2185c2;\"><strong>Armoire pour lave-vaisselle en acier INOX avec dosseret<\/strong><\/span><\/p>\n<p><span style=\"color: #000000;\">L\u2019\u00e9vier a une <strong>robuste structure en acier INOX<\/strong>\u00a0 18\/10 &#8211; AISI 430 avec finition Scotch Brite<strong>.<\/strong><\/span><\/p>\n<p><span style=\"color: #000000;\">L\u2019\u00e9vier est \u00e9quip\u00e9 d\u2019un<strong> dosseret et porte battante\u00a0<\/strong><\/span><\/p>\n<p><span style=\"color: #000000;\">Le\u00a0<strong>cuve est en acier INOX 18\/10 &#8211; AISI 304<\/strong> imprim\u00e9e et soud\u00e9e.<\/span><\/p>\n<p><span style=\"color: #000000;\">L\u2019\u00e9vier peut \u00eatre r\u00e9gl\u00e9 en hauteur gr\u00e2ce aux quatre <strong>pieds r\u00e9glables.<\/strong><\/span><\/p>\n<p><span style=\"color: #2185c2;\"><strong style=\"color: #2185c2;\">\u00c9QUIPEMENT DE S\u00c9RIE:<\/strong><\/span><\/p>\n<p><span style=\"color: #000000;\">&#8211; Tube Trop plein<\/span><\/p>\n<p><span style=\"color: #000000;\">&#8211; Orifice d&#8217;\u00c9coulement<\/span><\/p>\n<p><span style=\"color: #000000;\">&#8211; Bonde Pouvant de 1&#8243; 1\/2<\/span><\/p>\n<p><span style=\"color: #2185c2;\"><strong>ACCESSOIRES NON INCLUS:<\/strong><\/span><\/p>\n<p><span style=\"color: #000000;\"><strong>-Trou du robinet<\/strong>\u00a0\u00a0<\/span><\/p>\n<p><span style=\"color: #000000;\"><strong>-Siphon d&#8217; \u00e9chappement<\/strong>\u00a0\u00a0<\/span><\/p>\n<p><span style=\"color: #000000;\"><strong>-Robinet<\/strong>\u00a0\u00a0<\/span><\/p>\n<p><strong style=\"color: #2185c2;\">NETTOYANT ET ENTRETIEN\u00a0<\/strong><\/p>\n<p><span style=\"color: #000000;\">L\u2019\u00e9vier a besoin d\u2019un nettoyage constant pour durer.<\/span><\/p>\n<p><span style=\"color: #000000;\"><strong><span style=\"text-decoration: underline;\">Ne pas utiliser de produits acides et agressifs<\/span><\/strong> pour le nettoyage de l\u2019acier\u00a0<\/span><\/p>\n<p><span style=\"color: #000000;\">Pour toute information,le personnel de <span style=\"color: #2185c2;\"><strong>Projectfood<\/strong> <\/span>est \u00e0 votre disposition\u00a0<\/span><\/p>\n","protected":false},"excerpt":{"rendered":"<p style=\"text-align: center;\"><strong><span style=\"color: #339966;\">MADE<\/span> <span style=\"color: #c0c0c0;\">IN<\/span><span style=\"color: #ff0000;\"> ITALY<\/span> &#8211; <span style=\"color: #2185c2;\">ACIER INOX\u00a0<\/span><\/strong><\/p>\n","protected":false},"featured_media":64227,"template":"","meta":{"inline_featured_image":false},"product_brand":[],"product_cat":[1813,1380,1814],"product_tag":[],"class_list":{"0":"post-46862","1":"product","2":"type-product","3":"status-publish","4":"has-post-thumbnail","6":"product_cat-evier-armoires","7":"product_cat-eviers-acier-inox-professionnels","8":"product_cat-profondeur-600-5","9":"pa_allow-quotation-2352","10":"pa_codice-produttore-dsla1vx056","11":"pa_dimension-baignoire-lxpxh-mm-l400xp400xh300-mm","12":"pa_dosseret-oui","13":"pa_ean-12310","14":"pa_equipement-de-serie-tube-trop-plein-trou-de-vidange","15":"pa_etagere-oui","16":"pa_fornitore-ristopro","17":"pa_hauteur-evier-850-mm-100-mm-dosseret","18":"pa_longueur-evier-500-mm-4","19":"pa_madeinitaly-oui","20":"pa_nombre-bassins-1-baignoire","21":"pa_product-image-size-0-2","22":"pa_profondeur-evier-600-mm-5","23":"pa_typologie-dacier-acciaio-inox-aisi-304-430","24":"pa_typologie-evier-equipe","25":"pa_typologie-porte-battant","27":"first","28":"instock","29":"taxable","30":"shipping-taxable","31":"purchasable","32":"product-type-simple"},"df_price":388,"df_sale_price":"","df_regular_price":388,"df_image_link":"https:\/\/projectfood.fr\/wp-content\/uploads\/2019\/07\/PFELA1V056-min-300x300.jpg","_links":{"self":[{"href":"https:\/\/projectfood.fr\/index.php?rest_route=\/wp\/v2\/product\/46862","targetHints":{"allow":["GET"]}}],"collection":[{"href":"https:\/\/projectfood.fr\/index.php?rest_route=\/wp\/v2\/product"}],"about":[{"href":"https:\/\/projectfood.fr\/index.php?rest_route=\/wp\/v2\/types\/product"}],"wp:featuredmedia":[{"embeddable":true,"href":"https:\/\/projectfood.fr\/index.php?rest_route=\/wp\/v2\/media\/64227"}],"wp:attachment":[{"href":"https:\/\/projectfood.fr\/index.php?rest_route=%2Fwp%2Fv2%2Fmedia&parent=46862"}],"wp:term":[{"taxonomy":"product_brand","embeddable":true,"href":"https:\/\/projectfood.fr\/index.php?rest_route=%2Fwp%2Fv2%2Fproduct_brand&post=46862"},{"taxonomy":"product_cat","embeddable":true,"href":"https:\/\/projectfood.fr\/index.php?rest_route=%2Fwp%2Fv2%2Fproduct_cat&post=46862"},{"taxonomy":"product_tag","embeddable":true,"href":"https:\/\/projectfood.fr\/index.php?rest_route=%2Fwp%2Fv2%2Fproduct_tag&post=46862"}],"curies":[{"name":"wp","href":"https:\/\/api.w.org\/{rel}","templated":true}]}}