{"id":47257,"date":"2019-07-18T11:57:45","date_gmt":"2019-07-18T09:57:45","guid":{"rendered":"https:\/\/projectfood-fr.stackstaging.com\/?post_type=product&#038;p=47257"},"modified":"2024-02-24T12:46:02","modified_gmt":"2024-02-24T11:46:02","slug":"armoire-a-tiroir-en-acier-inoxydable-avec-n-3-tiroirs-avec-dosseret-l500xp600xh850-mm-ligne-basic","status":"publish","type":"product","link":"https:\/\/projectfood.fr\/?product=armoire-a-tiroir-en-acier-inoxydable-avec-n-3-tiroirs-avec-dosseret-l500xp600xh850-mm-ligne-basic","title":{"rendered":"Armoire \u00e0 tiroir en acier inoxydable avec N.3 tiroirs avec dosseret L500xP600xH850 mm &#8211; ligne basic"},"content":{"rendered":"<p><span style=\"color: #3366ff;\"><strong><span style=\"color: #2185c2;\">Armoire \u00e0 tiroir en Acier Inox avec N.3 tiroirs avec dosseret\u00a0<\/span><\/strong><\/span><\/p>\n<p><span style=\"color: #000000;\">Armoire \u00e0 tiroir a une <strong>robuste structure en acier INOX<\/strong> 18\/10 &#8211; AISI 430 avec finition Scotch Brite<strong>.<\/strong><\/span><\/p>\n<p><span style=\"color: #000000;\">L&#8217; armoire \u00e0 tiroir est en <strong>Acier Inox AISI 304<\/strong> avec \u00e9paisseur de 40 mm<strong> renforc\u00e9 en bois agglom\u00e9r\u00e9 bilamin\u00e9 hydrofuge<\/strong><\/span><\/p>\n<p><span style=\"color: #000000;\"><strong>Notre acier est certifi\u00e9 MOCA pour une utilisation alimentaire.<\/strong><\/span><\/p>\n<p><strong style=\"color: #2185c2;\">\u00c9QUIPEMENT DE S\u00c9RIE:<\/strong><\/p>\n<p><span style=\"color: #000000;\">&#8211; Pieds R\u00e9glables<\/span><\/p>\n<p><strong style=\"color: #2185c2;\">NETTOYANT ET ENTRETIEN\u00a0<\/strong><\/p>\n<p><span style=\"color: #000000;\">L&#8217; armoire \u00e0 tiroir a besoin d\u2019un nettoyage constant pour durer.<\/span><\/p>\n<p><span style=\"color: #000000;\"><strong><span style=\"text-decoration: underline;\">Ne pas utiliser de produits acides et agressifs<\/span><\/strong> pour le nettoyage de l\u2019acier<\/span><\/p>\n<p><span style=\"color: #000000;\">Pour toute information, le personnel de <span style=\"color: #2185c2;\"><strong>Projectfood<\/strong><\/span> est \u00e0 votre disposition\u00a0<\/span><\/p>\n","protected":false},"excerpt":{"rendered":"<p style=\"text-align: center;\"><strong><span style=\"color: #339966;\">MADE<\/span> <span style=\"color: #c0c0c0;\">IN<\/span><span style=\"color: #ff0000;\"> ITALY<\/span> &#8211; <span style=\"color: #2185c2;\">ACIER INOX AISI<\/span><\/strong><\/p>\n","protected":false},"featured_media":47258,"template":"","meta":{"inline_featured_image":false},"product_brand":[],"product_cat":[1842,1843],"product_tag":[],"class_list":{"0":"post-47257","1":"product","2":"type-product","3":"status-publish","4":"has-post-thumbnail","6":"product_cat-armoires-a-tiroirs-en-acier-inox","7":"product_cat-profondeur-600-8","8":"pa_24-heures-si-7","9":"pa_allow-quotation-2352","10":"pa_codice-produttore-dsctx056a","11":"pa_configuration-commode-3-tiroirs","12":"pa_dosseret-oui","13":"pa_ean-12473","14":"pa_fornitore-ristopro","15":"pa_hauteur-commode-850-mm-4","16":"pa_longueur-commode-500-mm-7","17":"pa_madeinitaly-oui","18":"pa_product-image-size-0-2","19":"pa_profondeur-commode-600-mm-10","20":"pa_typologie-dacier-etagere-en-acier-inoxydable-aisi-304-structure-en-430","22":"first","23":"instock","24":"taxable","25":"shipping-taxable","26":"purchasable","27":"product-type-simple"},"df_price":474,"df_sale_price":"","df_regular_price":474,"df_image_link":"https:\/\/projectfood.fr\/wp-content\/uploads\/2021\/07\/products-pfect056a-min.jpg","_links":{"self":[{"href":"https:\/\/projectfood.fr\/index.php?rest_route=\/wp\/v2\/product\/47257","targetHints":{"allow":["GET"]}}],"collection":[{"href":"https:\/\/projectfood.fr\/index.php?rest_route=\/wp\/v2\/product"}],"about":[{"href":"https:\/\/projectfood.fr\/index.php?rest_route=\/wp\/v2\/types\/product"}],"wp:featuredmedia":[{"embeddable":true,"href":"https:\/\/projectfood.fr\/index.php?rest_route=\/wp\/v2\/media\/47258"}],"wp:attachment":[{"href":"https:\/\/projectfood.fr\/index.php?rest_route=%2Fwp%2Fv2%2Fmedia&parent=47257"}],"wp:term":[{"taxonomy":"product_brand","embeddable":true,"href":"https:\/\/projectfood.fr\/index.php?rest_route=%2Fwp%2Fv2%2Fproduct_brand&post=47257"},{"taxonomy":"product_cat","embeddable":true,"href":"https:\/\/projectfood.fr\/index.php?rest_route=%2Fwp%2Fv2%2Fproduct_cat&post=47257"},{"taxonomy":"product_tag","embeddable":true,"href":"https:\/\/projectfood.fr\/index.php?rest_route=%2Fwp%2Fv2%2Fproduct_tag&post=47257"}],"curies":[{"name":"wp","href":"https:\/\/api.w.org\/{rel}","templated":true}]}}