{"id":49024,"date":"2019-09-04T14:23:25","date_gmt":"2019-09-04T12:23:25","guid":{"rendered":"https:\/\/projectfood-fr.stackstaging.com\/?post_type=product&#038;p=49024"},"modified":"2024-02-24T12:44:24","modified_gmt":"2024-02-24T11:44:24","slug":"table-en-acier-inoxydable-par-jour-avec-tiroirs-verticaux-a-gauche-l1800xp700xh850-mm-ligne-basic","status":"publish","type":"product","link":"https:\/\/projectfood.fr\/?product=table-en-acier-inoxydable-par-jour-avec-tiroirs-verticaux-a-gauche-l1800xp700xh850-mm-ligne-basic","title":{"rendered":"Table en acier inoxydable par Jour avec tiroirs verticaux \u00e0 gauche L1800xP700xH850 mm &#8211; ligne basic"},"content":{"rendered":"<p><span style=\"color: #3366ff;\"><strong><span style=\"color: #2185c2;\">Table ferm\u00e9e en Acier Inox avec N.3 tiroirs sur le c\u00f4t\u00e9 gauche<\/span><\/strong><\/span><\/p>\n<p><span style=\"color: #000000;\">La Table a une <strong>robuste structure en acier INOX<\/strong> 18\/10 &#8211; AISI 430 avec finition Scotch Brite<strong>.<\/strong><\/span><\/p>\n<p><span style=\"color: #000000;\">La Tablette de travail est en <strong>Acier Inox AISI 304<\/strong> avec \u00e9paisseur de 40 mm<strong> renforc\u00e9 en bois agglom\u00e9r\u00e9 bilamin\u00e9 hydrofuge<\/strong><\/span><\/p>\n<p><span style=\"color: #000000;\"><strong>Notre acier est certifi\u00e9 MOCA pour une utilisation alimentaire.<\/strong><\/span><\/p>\n<p><span style=\"color: #000000;\">La table peut \u00eatre r\u00e9gl\u00e9 en hauteur gr\u00e2ce aux quatre <strong>pieds r\u00e9glables.<\/strong><\/span><\/p>\n<p><span style=\"color: #2185c2;\"><strong style=\"color: #2185c2;\">\u00c9QUIPEMENT DE S\u00c9RIE:<\/strong><\/span><\/p>\n<p><span style=\"color: #000000;\">&#8211; Pieds R\u00e9glables<\/span><\/p>\n<p><span style=\"color: #000000;\">&#8211; N. 3 tiroirs en acier INOX<\/span><\/p>\n<p><strong style=\"color: #2185c2;\">NETTOYANT ET ENTRETIEN\u00a0<\/strong><\/p>\n<p><span style=\"color: #000000;\">La table a besoin d\u2019un nettoyage constant pour durer.<\/span><\/p>\n<p><span style=\"color: #000000;\"><strong><span style=\"text-decoration: underline;\">Ne pas utiliser de produits acides et agressifs<\/span><\/strong> pour le nettoyage de l\u2019acier<\/span><\/p>\n<p><span style=\"color: #000000;\">Pour toute information, le personnel de <span style=\"color: #2185c2;\"><strong>Projectfood<\/strong> est \u00e0 votre disposition<\/span><\/span><\/p>\n","protected":false},"excerpt":{"rendered":"<p style=\"text-align: center;\"><strong><span style=\"color: #339966;\">MADE<\/span> <span style=\"color: #c0c0c0;\">IN<\/span><span style=\"color: #ff0000;\"> ITALY<\/span> &#8211; <span style=\"color: #2185c2;\">ACIER INOX AISI<\/span>\u00a0<\/strong><\/p>\n","protected":false},"featured_media":49025,"template":"","meta":{"inline_featured_image":false},"product_brand":[],"product_cat":[1886,1640,1883],"product_tag":[],"class_list":{"0":"post-49024","1":"product","2":"type-product","3":"status-publish","4":"has-post-thumbnail","6":"product_cat-table-prof-700-26","7":"product_cat-table-en-acier-inox","8":"product_cat-tables-inox-a-jour-avec-tiroirs-verticales","9":"pa_allow-quotation-2352","10":"pa_codice-produttore-dtagcsx187","11":"pa_commode-oui-3","12":"pa_dosseret-non","13":"pa_ean-13242","14":"pa_etagere-intermediaire-non","15":"pa_fornitore-ristopro","16":"pa_hauteur-comptoir-850-mm-2","17":"pa_longueur-table-1800-mm-3","18":"pa_madeinitaly-oui","19":"pa_position-tiroirs-nr-3-tiroirs-a-gauche","20":"pa_product-image-size-0-2","21":"pa_profondita-ta-700-mm-5","22":"pa_typologie-comptoir-table-par-jour","23":"pa_typologie-dacier-acciaio-inox-304-430","25":"first","26":"instock","27":"taxable","28":"shipping-taxable","29":"purchasable","30":"product-type-simple"},"df_price":861,"df_sale_price":"","df_regular_price":861,"df_image_link":"https:\/\/projectfood.fr\/wp-content\/uploads\/2021\/07\/products-pfetagcs187-min.jpg","_links":{"self":[{"href":"https:\/\/projectfood.fr\/index.php?rest_route=\/wp\/v2\/product\/49024","targetHints":{"allow":["GET"]}}],"collection":[{"href":"https:\/\/projectfood.fr\/index.php?rest_route=\/wp\/v2\/product"}],"about":[{"href":"https:\/\/projectfood.fr\/index.php?rest_route=\/wp\/v2\/types\/product"}],"wp:featuredmedia":[{"embeddable":true,"href":"https:\/\/projectfood.fr\/index.php?rest_route=\/wp\/v2\/media\/49025"}],"wp:attachment":[{"href":"https:\/\/projectfood.fr\/index.php?rest_route=%2Fwp%2Fv2%2Fmedia&parent=49024"}],"wp:term":[{"taxonomy":"product_brand","embeddable":true,"href":"https:\/\/projectfood.fr\/index.php?rest_route=%2Fwp%2Fv2%2Fproduct_brand&post=49024"},{"taxonomy":"product_cat","embeddable":true,"href":"https:\/\/projectfood.fr\/index.php?rest_route=%2Fwp%2Fv2%2Fproduct_cat&post=49024"},{"taxonomy":"product_tag","embeddable":true,"href":"https:\/\/projectfood.fr\/index.php?rest_route=%2Fwp%2Fv2%2Fproduct_tag&post=49024"}],"curies":[{"name":"wp","href":"https:\/\/api.w.org\/{rel}","templated":true}]}}