{"id":49183,"date":"2019-09-06T16:54:45","date_gmt":"2019-09-06T14:54:45","guid":{"rendered":"https:\/\/projectfood-fr.stackstaging.com\/?post_type=product&#038;p=49183"},"modified":"2024-02-24T12:42:34","modified_gmt":"2024-02-24T11:42:34","slug":"evier-en-acier-inoxydable-avec-dosseret-l1800xp600xh850-mm-ligne-basic","status":"publish","type":"product","link":"https:\/\/projectfood.fr\/?product=evier-en-acier-inoxydable-avec-dosseret-l1800xp600xh850-mm-ligne-basic","title":{"rendered":"\u00c9vier en acier inoxydable avec dosseret L1800xP600xH850 mm &#8211; ligne basic"},"content":{"rendered":"<p><span style=\"color: #2185c2;\"><strong>Armoire pour lave-vaisselle en acier INOX avec dosseret<\/strong><\/span><\/p>\n<p><span style=\"color: #000000;\">L\u2019\u00e9vier a une <strong>robuste structure en acier INOX<\/strong>\u00a0 18\/10 &#8211; AISI 430 avec finition Scotch Brite<strong>.<\/strong><\/span><\/p>\n<p><span style=\"color: #000000;\">L\u2019\u00e9vier est \u00e9quip\u00e9 d\u2019un\u00a0<strong>dosseret arri\u00e8re et portes coulissantes amovibles <\/strong><\/span><\/p>\n<p><span style=\"color: #000000;\">Le\u00a0<strong>cuve est en acier INOX 18\/10 &#8211; AISI 304<\/strong> imprim\u00e9e et soud\u00e9e. <strong>Dimension cuve L800xP400xH350 mm<\/strong><\/span><\/p>\n<p><span style=\"color: #000000;\"><strong>L\u2019\u00e9vier peut \u00eatre r\u00e9gl\u00e9 en hauteur gr\u00e2ce aux quatre pieds r\u00e9glables.<\/strong><\/span><\/p>\n<p><span style=\"color: #2185c2;\"><strong style=\"color: #2185c2;\">\u00c9QUIPEMENT DE S\u00c9RIE:<\/strong><\/span><\/p>\n<p><span style=\"color: #000000;\">&#8211; Tube Trop plein<\/span><\/p>\n<p><span style=\"color: #000000;\">&#8211; Orifice d&#8217;\u00c9coulement<\/span><\/p>\n<p><span style=\"color: #000000;\">&#8211; Bonde Pouvant de 1&#8243; 1\/2<\/span><\/p>\n<p><span style=\"color: #2185c2;\"><strong>ACCESSOIRES NON INCLUS:<\/strong><\/span><\/p>\n<p><span style=\"color: #000000;\"><strong>-Trou du robinet<\/strong>\u00a0\u00a0<\/span><\/p>\n<p><span style=\"color: #000000;\"><strong>-Siphon d&#8217; \u00e9chappement<\/strong>\u00a0\u00a0<\/span><\/p>\n<p><span style=\"color: #000000;\"><strong>-Robinet<\/strong>\u00a0\u00a0<\/span><\/p>\n<p><strong style=\"color: #2185c2;\">NETTOYANT ET ENTRETIEN\u00a0<\/strong><\/p>\n<p><span style=\"color: #000000;\">L\u2019\u00e9vier a besoin d\u2019un nettoyage constant pour durer.<\/span><\/p>\n<p><span style=\"color: #000000;\"><strong><span style=\"text-decoration: underline;\">Ne pas utiliser de produits acides et agressifs<\/span><\/strong> pour le nettoyage de l\u2019acier\u00a0<\/span><\/p>\n<p><span style=\"color: #000000;\">Pour toute information, le personnel de <span style=\"color: #2185c2;\"><strong>Projectfood<\/strong> <\/span>est \u00e0 votre disposition<\/span><\/p>\n","protected":false},"excerpt":{"rendered":"<p style=\"text-align: center;\"><strong><span style=\"color: #339966;\">MADE<\/span> <span style=\"color: #c0c0c0;\">IN<\/span><span style=\"color: #ff0000;\"> ITALY<\/span> &#8211; <span style=\"color: #2185c2;\">ACIER INOX\u00a0<\/span><\/strong><\/p>\n","protected":false},"featured_media":64362,"template":"","meta":{"inline_featured_image":false},"product_brand":[],"product_cat":[1813,1380,1845,1847,1814],"product_tag":[],"class_list":{"0":"post-49183","1":"product","2":"type-product","3":"status-publish","4":"has-post-thumbnail","6":"product_cat-evier-armoires","7":"product_cat-eviers-acier-inox-professionnels","8":"product_cat-lave-casseroles","9":"product_cat-profondeur-600-9","10":"product_cat-profondeur-600-5","11":"pa_allow-quotation-2352","12":"pa_codice-produttore-dsla1vx186","13":"pa_dimension-baignoire-lxpxh-mm-l1600xp400xh350-mm","14":"pa_dosseret-oui","15":"pa_ean-13360","16":"pa_etagere-oui","17":"pa_fornitore-ristopro","18":"pa_hauteur-evier-850-mm-100-mm-dosseret","19":"pa_longueur-evier-1800-mm-4","20":"pa_madeinitaly-oui","21":"pa_nombre-bassins-1-baignoire","22":"pa_product-image-size-0-2","23":"pa_profondeur-evier-600-mm-5","24":"pa_typologie-dacier-aisi-304-430","25":"pa_typologie-evier-ferme","26":"pa_typologie-porte-coulissant","28":"first","29":"instock","30":"taxable","31":"shipping-taxable","32":"purchasable","33":"product-type-simple"},"df_price":953,"df_sale_price":"","df_regular_price":953,"df_image_link":"https:\/\/projectfood.fr\/wp-content\/uploads\/2019\/09\/PFELA1V186-300x300.jpg","_links":{"self":[{"href":"https:\/\/projectfood.fr\/index.php?rest_route=\/wp\/v2\/product\/49183","targetHints":{"allow":["GET"]}}],"collection":[{"href":"https:\/\/projectfood.fr\/index.php?rest_route=\/wp\/v2\/product"}],"about":[{"href":"https:\/\/projectfood.fr\/index.php?rest_route=\/wp\/v2\/types\/product"}],"wp:featuredmedia":[{"embeddable":true,"href":"https:\/\/projectfood.fr\/index.php?rest_route=\/wp\/v2\/media\/64362"}],"wp:attachment":[{"href":"https:\/\/projectfood.fr\/index.php?rest_route=%2Fwp%2Fv2%2Fmedia&parent=49183"}],"wp:term":[{"taxonomy":"product_brand","embeddable":true,"href":"https:\/\/projectfood.fr\/index.php?rest_route=%2Fwp%2Fv2%2Fproduct_brand&post=49183"},{"taxonomy":"product_cat","embeddable":true,"href":"https:\/\/projectfood.fr\/index.php?rest_route=%2Fwp%2Fv2%2Fproduct_cat&post=49183"},{"taxonomy":"product_tag","embeddable":true,"href":"https:\/\/projectfood.fr\/index.php?rest_route=%2Fwp%2Fv2%2Fproduct_tag&post=49183"}],"curies":[{"name":"wp","href":"https:\/\/api.w.org\/{rel}","templated":true}]}}