{"id":49900,"date":"2019-09-30T15:06:37","date_gmt":"2019-09-30T15:06:37","guid":{"rendered":"https:\/\/projectfood-fr.stackstaging.com\/?post_type=product&#038;p=49900"},"modified":"2024-07-18T15:45:45","modified_gmt":"2024-07-18T13:45:45","slug":"groupe-multiple-avec-brise-glasse-et-melangeur","status":"publish","type":"product","link":"https:\/\/projectfood.fr\/?product=groupe-multiple-avec-brise-glasse-et-melangeur","title":{"rendered":"Groupe multiple avec brise-glace et m\u00e9langeur"},"content":{"rendered":"<h2 style=\"text-align: left;\"><span style=\"color: #1784c4; font-size: 16px;\"><strong><span style=\"font-family: helvetica;\">Groupe multiple avec brise-glace + m\u00e9langeur<\/span><\/strong><\/span><\/h2>\n<p><span style=\"color: #000000; font-size: 15px;\">Le\u00a0<strong>groupe multiple <\/strong>est utile dans les bars et les salons de cr\u00e8me glac\u00e9e pour pr\u00e9parer <strong>des frapp\u00e8 et cocktail <\/strong>en peu temps.<\/span><\/p>\n<p><span style=\"color: #000000; font-size: 15px;\">Le groupe multiple a une structure<strong><strong> robuste\u00a0<\/strong><strong>en alliage d\u2019aluminium<\/strong>. <\/strong>Les <strong>verres<\/strong> sont en<strong> lexan et acier inox.<\/strong><\/span><\/p>\n<p><span style=\"color: #000000; font-size: 15px;\">La machine\u00a0<strong>est facile \u00e0 utiliser <\/strong>gr\u00e2ce \u00e0 une seule <strong> commande ON\/OFF pour la machine\u00a0<\/strong><\/span><\/p>\n<p><span style=\"color: #000000; font-size: 15px;\">Les\u00a0<strong>moteurs sont ventil\u00e9s<\/strong> et permettent de travailler en continu m\u00eame en m\u00eame temps plusieurs usinages<\/span><\/p>\n<p><span style=\"color: #000000; font-size: 15px;\">Pour faciliter le nettoyage du m\u00e9langeur,<strong> le verre est<\/strong><strong>\u00a0amovible<\/strong><\/span><\/p>\n<p><span style=\"font-size: 15px;\"><strong style=\"color: #2185c2;\">\u00c9QUIPEMENT DE S\u00c9RIE<\/strong><\/span><\/p>\n<ul>\n<li><span style=\"color: #000000; font-size: 15px;\">Verre en lexan m\u00e9langeur<\/span><\/li>\n<li><span style=\"color: #000000; font-size: 15px;\">Verre en acier inox brise-glace<\/span><\/li>\n<li><span style=\"color: #000000; font-size: 15px;\">C\u00e2ble et prise d\u2019alimentation<\/span><\/li>\n<\/ul>\n<p><span style=\"font-size: 15px;\"><strong style=\"color: #2185c2;\">ENTRETIEN ORDINAIRE ET NETTOYAGE<\/strong><\/span><\/p>\n<ul>\n<li><span style=\"color: #000000; font-size: 15px;\">La machine doit \u00eatre nettoy\u00e9e quotidiennement pour assurer le fonctionnement de la machine dans le temps<\/span><\/li>\n<li><span style=\"color: #000000; font-size: 15px;\">Les verres peut \u00e9galement \u00eatre mis au lave-vaisselle\u00a0\u00a0<\/span><\/li>\n<li><span style=\"color: #000000; font-size: 15px;\">Seuls des produits appropri\u00e9s doivent \u00eatre utilis\u00e9s pour nettoyer l\u2019appareil, ils ne doivent pas \u00eatre trop acides sinon ils ruinent la structure de le m\u00e9langeur<\/span><\/li>\n<li><span style=\"font-size: 15px; color: #000000;\">Ne jamais utiliser de paillettes abrasives car elles ruinent la machine<\/span><\/li>\n<\/ul>\n<p><span style=\"font-size: 15px;\"><strong style=\"color: #2185c2;\">Pour toute information, nous sommes \u00e0 votre disposition<\/strong><\/span><\/p>\n","protected":false},"excerpt":{"rendered":"<p style=\"text-align: center;\"><span style=\"font-size: small;\"><strong><span style=\"color: #ff6600;\"><span style=\"color: #3366ff;\"><span style=\"font-size: medium;\"><span style=\"color: #2185c2;\"><span style=\"color: #339966;\">MADE <span style=\"color: #c0c0c0;\">IN<\/span><span style=\"color: #ff0000;\"> ITALY<\/span><\/span> &#8211; LIVRAISON PROMPTE<\/span><\/span><br \/>\n<\/span><\/span><\/strong><\/span><\/p>\n","protected":false},"featured_media":49901,"template":"","meta":{"inline_featured_image":false},"product_brand":[],"product_cat":[1903],"product_tag":[],"class_list":{"0":"post-49900","1":"product","2":"type-product","3":"status-publish","4":"has-post-thumbnail","6":"product_cat-groupe-multiple","7":"pa_alimentation-monophase-230v-1n-50hz","8":"pa_allow-quotation-2352","9":"pa_codice-produttore-gp2fr","10":"pa_dimensions-l380xp240xh490-mm","11":"pa_ean-13976","12":"pa_equipement-de-serie-verre-en-acier-inoxydable-verre-en-lexan","13":"pa_fornitore-fimar","14":"pa_madeinitaly-oui","15":"pa_materiale-di-costruzion-alliage-de-aluminium","16":"pa_product-image-size-0-2","17":"pa_prontaconsegna-oui","18":"pa_puissance-absorbee-watt-150-watt-350-watt","19":"pa_vitesse-rpm-rompighiaccio-800-rpm-frullatore-1600-rpm","21":"first","22":"instock","23":"taxable","24":"shipping-taxable","25":"purchasable","26":"product-type-simple"},"df_price":645,"df_sale_price":"","df_regular_price":645,"df_image_link":"https:\/\/projectfood.fr\/wp-content\/uploads\/2021\/04\/products-pf52fr-min_1.jpg","_links":{"self":[{"href":"https:\/\/projectfood.fr\/index.php?rest_route=\/wp\/v2\/product\/49900","targetHints":{"allow":["GET"]}}],"collection":[{"href":"https:\/\/projectfood.fr\/index.php?rest_route=\/wp\/v2\/product"}],"about":[{"href":"https:\/\/projectfood.fr\/index.php?rest_route=\/wp\/v2\/types\/product"}],"wp:featuredmedia":[{"embeddable":true,"href":"https:\/\/projectfood.fr\/index.php?rest_route=\/wp\/v2\/media\/49901"}],"wp:attachment":[{"href":"https:\/\/projectfood.fr\/index.php?rest_route=%2Fwp%2Fv2%2Fmedia&parent=49900"}],"wp:term":[{"taxonomy":"product_brand","embeddable":true,"href":"https:\/\/projectfood.fr\/index.php?rest_route=%2Fwp%2Fv2%2Fproduct_brand&post=49900"},{"taxonomy":"product_cat","embeddable":true,"href":"https:\/\/projectfood.fr\/index.php?rest_route=%2Fwp%2Fv2%2Fproduct_cat&post=49900"},{"taxonomy":"product_tag","embeddable":true,"href":"https:\/\/projectfood.fr\/index.php?rest_route=%2Fwp%2Fv2%2Fproduct_tag&post=49900"}],"curies":[{"name":"wp","href":"https:\/\/api.w.org\/{rel}","templated":true}]}}