{"id":49980,"date":"2019-10-29T10:32:46","date_gmt":"2019-10-29T10:32:46","guid":{"rendered":"https:\/\/projectfood-fr.stackstaging.com\/?post_type=product&#038;p=49980"},"modified":"2024-02-24T12:42:17","modified_gmt":"2024-02-24T11:42:17","slug":"alzatina-laterale-aggiuntiva-per-chiusura-ad-angolo-lato-destro","status":"publish","type":"product","link":"https:\/\/projectfood.fr\/?product=alzatina-laterale-aggiuntiva-per-chiusura-ad-angolo-lato-destro","title":{"rendered":"Dosseret lat\u00e9ral suppl\u00e9mentaire pour fermeture en angle &#8211; c\u00f4t\u00e9 droit"},"content":{"rendered":"<p><span style=\"color: #2185c2;\"><strong>Dosseret lat\u00e9ral suppl\u00e9mentaire pour fermeture en angle &#8211; c\u00f4t\u00e9 droit<\/strong><\/span><\/p>\n","protected":false},"excerpt":{"rendered":"<p style=\"text-align: center;\"><span style=\"font-size: medium;\"><strong><span style=\"color: #339966;\">\u00a0ACCESSOIRE<\/span><\/strong><\/span><\/p>\n","protected":false},"featured_media":49981,"template":"","meta":{"inline_featured_image":false},"product_brand":[],"product_cat":[1391],"product_tag":[],"class_list":{"0":"post-49980","1":"product","2":"type-product","3":"status-publish","4":"has-post-thumbnail","6":"product_cat-optional-piani","7":"pa_allow-quotation-2352","8":"pa_codice-produttore-pfalzdx","9":"pa_ean-14036","10":"pa_fornitore-ristopro","11":"pa_product-image-size-0-2","13":"first","14":"instock","15":"taxable","16":"shipping-taxable","17":"purchasable","18":"product-type-simple"},"df_price":79,"df_sale_price":"","df_regular_price":79,"df_image_link":"https:\/\/projectfood.fr\/wp-content\/uploads\/2020\/07\/products-lato_dx.jpg","_links":{"self":[{"href":"https:\/\/projectfood.fr\/index.php?rest_route=\/wp\/v2\/product\/49980","targetHints":{"allow":["GET"]}}],"collection":[{"href":"https:\/\/projectfood.fr\/index.php?rest_route=\/wp\/v2\/product"}],"about":[{"href":"https:\/\/projectfood.fr\/index.php?rest_route=\/wp\/v2\/types\/product"}],"wp:featuredmedia":[{"embeddable":true,"href":"https:\/\/projectfood.fr\/index.php?rest_route=\/wp\/v2\/media\/49981"}],"wp:attachment":[{"href":"https:\/\/projectfood.fr\/index.php?rest_route=%2Fwp%2Fv2%2Fmedia&parent=49980"}],"wp:term":[{"taxonomy":"product_brand","embeddable":true,"href":"https:\/\/projectfood.fr\/index.php?rest_route=%2Fwp%2Fv2%2Fproduct_brand&post=49980"},{"taxonomy":"product_cat","embeddable":true,"href":"https:\/\/projectfood.fr\/index.php?rest_route=%2Fwp%2Fv2%2Fproduct_cat&post=49980"},{"taxonomy":"product_tag","embeddable":true,"href":"https:\/\/projectfood.fr\/index.php?rest_route=%2Fwp%2Fv2%2Fproduct_tag&post=49980"}],"curies":[{"name":"wp","href":"https:\/\/api.w.org\/{rel}","templated":true}]}}