{"id":50603,"date":"2020-03-21T09:34:33","date_gmt":"2020-03-21T08:34:33","guid":{"rendered":"https:\/\/projectfood-fr.stackstaging.com\/?post_type=product&#038;p=50603"},"modified":"2024-02-24T12:46:45","modified_gmt":"2024-02-24T11:46:45","slug":"cocktail-station-en-acier-inox-304-sur-roues-l1250xp700xh830-mm","status":"publish","type":"product","link":"https:\/\/projectfood.fr\/?product=cocktail-station-en-acier-inox-304-sur-roues-l1250xp700xh830-mm","title":{"rendered":"Cocktail Station en Acier Inox 304 sur roues L1250xP700xH830 mm"},"content":{"rendered":"<p><span style=\"color: #2185c2;\"><strong>Cocktail Station en Acier Inox 304 sur rues dimensions L1250xP700xH830 mm sans \u00e9vier<\/strong><\/span><\/p>\n<p><span style=\"color: #000000;\">La Cocktail Station a une structure robuste <strong> en acier INOX 304 18\/10<\/strong> &#8211; AISI avec finition Scotch Brite<strong>.<\/strong><\/span><\/p>\n<p><span style=\"color: #000000;\">La Cocktail Station est \u00e9quip\u00e9e d\u2019un dosseret arri\u00e8re, d\u2019une \u00e9tag\u00e8re de fond et d\u2019une cuve en acier inoxydable 18\/10 &#8211; AISI 304 moul\u00e9e et soud\u00e9e.<\/span><\/p>\n<p><span style=\"color: #000000;\">La Cocktail Station est facile \u00e0 d\u00e9placer gr\u00e2ce aux 4 roues de frein incluses dans le prix\u00a0\u00a0<\/span><\/p>\n<p><span style=\"color: #000000;\">A une<strong> Cuve Coibentata\u00a0<\/strong>pour la R\u00e9serve de Glace avec un s\u00e9parateur amovible qui sert \u00e0 mettre deux types de Glace\u00a0\u00a0 <\/span><\/p>\n<p><span style=\"color: #000000;\">A <strong>deux compartiments \u00e0 bouteilles \u00e0 l\u2019int\u00e9rieur de la cuve<\/strong> avec une capacit\u00e9 totale de 10 bouteilles\u00a0<\/span><\/p>\n<p><span style=\"color: #000000;\">A un <strong>porte-bouteilles frontal<\/strong> d\u2019une capacit\u00e9 totale de 8 bouteilles\u00a0 <\/span><\/p>\n<p><span style=\"color: #000000;\">Il a un compartiment inclus dans la baignoire pour contenir environ 140 verres<\/span><\/p>\n<p><span style=\"color: #000000;\">Il a un faux fond avec d\u00e9charge 3\/4<\/span><\/p>\n<p><span style=\"color: #000000;\">Il a un compartiment sous la baignoire pour le stock de verres\u00a0<\/span><\/p>\n<p><span style=\"color: #000000;\">Il a un compartiment pour mettre le brise-glace ou le m\u00e9langeur avec le trou passe-c\u00e2bles de\u00a0\u00d8 58 mm<\/span><\/p>\n<p><strong style=\"color: #2185c2;\">\u00c9QUIPEMENT DE S\u00c9RIE:<\/strong><\/p>\n<p><span style=\"color: #000000;\">&#8211; d\u00e9chargement eau<\/span><\/p>\n<p><span style=\"color: #000000;\">&#8211; 4 Cuvettes en polycarbonate GN 1\/9 avec couvercles<\/span><\/p>\n<p><span style=\"color: #000000;\">&#8211; 4 Roues dont deux avec Frein\u00a0 <\/span><\/p>\n","protected":false},"excerpt":{"rendered":"<p style=\"text-align: center;\"><strong><span style=\"color: #339966;\">MADE<\/span> <span style=\"color: #c0c0c0;\">IN<\/span><span style=\"color: #ff0000;\"> ITALY<\/span> &#8211; <span style=\"color: #2185c2;\">ACIER INOX AISI 304<\/span>&#8211; <span style=\"color: #339966;\">D\u00c9LAI DE LIVRAISON 15-20 JOURS OUVRABLES<\/span><\/strong><\/p>\n","protected":false},"featured_media":50604,"template":"","meta":{"inline_featured_image":false},"product_brand":[],"product_cat":[1934],"product_tag":[],"class_list":{"0":"post-50603","1":"product","2":"type-product","3":"status-publish","4":"has-post-thumbnail","6":"product_cat-cocktail-station-inox","7":"pa_allow-quotation-2352","8":"pa_codice-produttore-mck125","9":"pa_dosseret-oui","10":"pa_ean-14415","11":"pa_equipement-de-serie-scarico-ruote","12":"pa_etagere-oui","13":"pa_fornitore-metaltecnica","14":"pa_hauteur-evier-830-mm","15":"pa_longueur-evier-1250-mm","16":"pa_madeinitaly-oui","17":"pa_product-image-size-0-2","18":"pa_profondeur-evier-700-mm-8","19":"pa_typologie-dacier-acciaio-inox-aisi-304","21":"first","22":"instock","23":"taxable","24":"shipping-taxable","25":"purchasable","26":"product-type-simple"},"df_price":1826,"df_sale_price":"","df_regular_price":1826,"df_image_link":"https:\/\/projectfood.fr\/wp-content\/uploads\/2020\/07\/products-pf125cst.jpg","_links":{"self":[{"href":"https:\/\/projectfood.fr\/index.php?rest_route=\/wp\/v2\/product\/50603","targetHints":{"allow":["GET"]}}],"collection":[{"href":"https:\/\/projectfood.fr\/index.php?rest_route=\/wp\/v2\/product"}],"about":[{"href":"https:\/\/projectfood.fr\/index.php?rest_route=\/wp\/v2\/types\/product"}],"wp:featuredmedia":[{"embeddable":true,"href":"https:\/\/projectfood.fr\/index.php?rest_route=\/wp\/v2\/media\/50604"}],"wp:attachment":[{"href":"https:\/\/projectfood.fr\/index.php?rest_route=%2Fwp%2Fv2%2Fmedia&parent=50603"}],"wp:term":[{"taxonomy":"product_brand","embeddable":true,"href":"https:\/\/projectfood.fr\/index.php?rest_route=%2Fwp%2Fv2%2Fproduct_brand&post=50603"},{"taxonomy":"product_cat","embeddable":true,"href":"https:\/\/projectfood.fr\/index.php?rest_route=%2Fwp%2Fv2%2Fproduct_cat&post=50603"},{"taxonomy":"product_tag","embeddable":true,"href":"https:\/\/projectfood.fr\/index.php?rest_route=%2Fwp%2Fv2%2Fproduct_tag&post=50603"}],"curies":[{"name":"wp","href":"https:\/\/api.w.org\/{rel}","templated":true}]}}