{"id":51541,"date":"2020-04-17T11:00:48","date_gmt":"2020-04-17T11:00:48","guid":{"rendered":"https:\/\/projectfood-fr.stackstaging.com\/?post_type=product&#038;p=51541"},"modified":"2024-07-09T12:16:09","modified_gmt":"2024-07-09T10:16:09","slug":"couteau-cutter-lames-tranchantes","status":"publish","type":"product","link":"https:\/\/projectfood.fr\/?product=couteau-cutter-lames-tranchantes","title":{"rendered":"Couteau cutter lames tranchantes"},"content":{"rendered":"<h2><span style=\"font-size: 16px; color: #2185c2;\"><strong>Couteau cutter lames tranchantes <\/strong><\/span><\/h2>\n<p><span style=\"color: #000000; font-size: 15px;\">Le couteau \u00e0 <strong>lames tranchantes est id\u00e9al <\/strong>pour faire <strong>des passes de tomates, du pain r\u00e2p\u00e9, de la mozzarella, de la pur\u00e9e de l\u00e9gumes<\/strong><\/span><\/p>\n<p><span style=\"color: #000000; font-size: 15px;\">Les <strong>lames sont fabriqu\u00e9es en acier inox 304<\/strong><\/span><\/p>\n","protected":false},"excerpt":{"rendered":"<p style=\"text-align: center;\"><span style=\"color: #2185c2; font-size: medium;\"><strong><span style=\"font-size: medium;\"><span style=\"color: #ff6600;\"><span style=\"font-size: medium; color: #888888;\"><span style=\"color: #000000;\"><span style=\"color: #2185c2;\">LIVRAISON <\/span><span style=\"color: #2185c2;\">PROMPTE<\/span><\/span><\/span><\/span><\/span> &#8211; <span style=\"color: #339966;\">ACCESSOIRE<\/span><\/strong><\/span><\/p>\n","protected":false},"featured_media":51542,"template":"","meta":{"inline_featured_image":false},"product_brand":[],"product_cat":[],"product_tag":[],"class_list":{"0":"post-51541","1":"product","2":"type-product","3":"status-publish","4":"has-post-thumbnail","6":"pa_allow-quotation-2352","7":"pa_codice-produttore-fcu112-taglienti","8":"pa_ean-14949","9":"pa_fornitore-fama","10":"pa_madeinitaly-oui","11":"pa_product-image-size-0-2","12":"pa_prontaconsegna-oui","14":"first","15":"instock","16":"taxable","17":"shipping-taxable","18":"purchasable","19":"product-type-simple"},"df_price":88,"df_sale_price":"","df_regular_price":88,"df_image_link":"https:\/\/projectfood.fr\/wp-content\/uploads\/2020\/07\/products-lama_tagliente_-1.jpg","_links":{"self":[{"href":"https:\/\/projectfood.fr\/index.php?rest_route=\/wp\/v2\/product\/51541","targetHints":{"allow":["GET"]}}],"collection":[{"href":"https:\/\/projectfood.fr\/index.php?rest_route=\/wp\/v2\/product"}],"about":[{"href":"https:\/\/projectfood.fr\/index.php?rest_route=\/wp\/v2\/types\/product"}],"wp:featuredmedia":[{"embeddable":true,"href":"https:\/\/projectfood.fr\/index.php?rest_route=\/wp\/v2\/media\/51542"}],"wp:attachment":[{"href":"https:\/\/projectfood.fr\/index.php?rest_route=%2Fwp%2Fv2%2Fmedia&parent=51541"}],"wp:term":[{"taxonomy":"product_brand","embeddable":true,"href":"https:\/\/projectfood.fr\/index.php?rest_route=%2Fwp%2Fv2%2Fproduct_brand&post=51541"},{"taxonomy":"product_cat","embeddable":true,"href":"https:\/\/projectfood.fr\/index.php?rest_route=%2Fwp%2Fv2%2Fproduct_cat&post=51541"},{"taxonomy":"product_tag","embeddable":true,"href":"https:\/\/projectfood.fr\/index.php?rest_route=%2Fwp%2Fv2%2Fproduct_tag&post=51541"}],"curies":[{"name":"wp","href":"https:\/\/api.w.org\/{rel}","templated":true}]}}