{"id":52267,"date":"2020-05-10T09:23:25","date_gmt":"2020-05-10T09:23:25","guid":{"rendered":"https:\/\/projectfood-fr.stackstaging.com\/?post_type=product&#038;p=52267"},"modified":"2024-11-26T11:52:39","modified_gmt":"2024-11-26T10:52:39","slug":"vitrine-dexposition-horizontale-ventilee-temp-2c-a-8c-l900xp805xh1445-mm-ligne-zeta","status":"publish","type":"product","link":"https:\/\/projectfood.fr\/?product=vitrine-dexposition-horizontale-ventilee-temp-2c-a-8c-l900xp805xh1445-mm-ligne-zeta","title":{"rendered":"Vitrine d\u2019exposition horizontale ventil\u00e9e temp +2\u00b0C \u00e0 +8\u00b0C L900xP805xH1445 mm &#8211; ligne ZETA"},"content":{"rendered":"<p style=\"text-align: justify;\"><span style=\"color: #2185c2;\"><strong><span style=\"font-size: medium;\">Vitrine P\u00e2tisserie R\u00e9frig\u00e9ration Ventil\u00e9e +2\u00b0C \u00e0 +8\u00b0C L900xP805xH1445 mm<\/span><\/strong><\/span><\/p>\n<p><span style=\"color: #000000; text-align: justify;\">Les <strong>v<\/strong><strong style=\"color: #000000; text-align: justify;\">itrines s\u00e9rie ZETA <\/strong>Projectfood ont \u00e9t\u00e9 \u00e9tudi\u00e9es par une \u00e9quipe de designers et de techniciens <\/span><strong style=\"color: #000000; text-align: justify;\">qui ont permis d\u2019allier \u00e9l\u00e9gance et efficacit\u00e9 \u00e9nerg\u00e9tique<\/strong><\/p>\n<p><span style=\"color: #000000; text-align: justify;\">La vitrine se compose d\u2019une structure en<\/span><strong style=\"color: #000000; text-align: justify;\"> acier inox, plastique et verre tremp\u00e9<\/strong><\/p>\n<p><strong style=\"color: #000000; text-align: justify;\">Les plans interm\u00e9diaires sont en verre<\/strong><span style=\"color: #000000; text-align: justify;\"> avec des supports en acier inoxydable et sont faciles \u00e0 d\u00e9monter pour faciliter le nettoyage<\/span><\/p>\n<p><span style=\"color: #000000; text-align: justify;\">Dimensions des plans d\u2019exposition\u00a0:<\/span><\/p>\n<p><span style=\"color: #000000; text-align: justify;\">-N.2 L830xP390 mm<\/span><\/p>\n<p><span style=\"color: #000000; text-align: justify;\">-N.1 L830xP450 mm<\/span><\/p>\n<p><span style=\"color: #000000; text-align: justify;\">-\u00c9tag\u00e8re de fond L860xP470 mm<\/span><\/p>\n<p><span style=\"color: #000000;\"><span style=\"text-align: justify;\">Les <\/span><strong style=\"text-align: justify;\">portes coulissantes du c\u00f4t\u00e9 de l\u2019op\u00e9rateur <\/strong><span style=\"text-align: justify;\"> sont <\/span><strong style=\"text-align: justify;\">en verre<\/strong><span style=\"text-align: justify;\">\u00a0pour assurer une \u00e9conomie <\/span><strong style=\"text-align: justify;\">d\u2019\u00e9nergie maximale\u00a0<\/strong><span style=\"text-align: justify;\">\u00a0<\/span><\/span><\/p>\n<p><span style=\"color: #000000; text-align: justify;\">Les vitrines gastronomiques sont compl\u00e8te en option et \u00e9quip\u00e9es de <\/span><span style=\"color: #000000;\"><strong style=\"text-align: justify;\">r\u00e9frig\u00e9ration ventil\u00e9e <\/strong><span style=\"text-align: justify;\">avec <\/span><strong style=\"text-align: justify;\">unit\u00e9 de commade<\/strong><span style=\"text-align: justify;\">\u00a0et\u00a0<\/span><strong style=\"text-align: justify;\">d\u00e9givrage automatique.<\/strong><\/span><\/p>\n<p><span style=\"color: #000000;\"><strong style=\"text-align: justify;\">Chaque \u00e9tag\u00e8re a une bande led <\/strong><span style=\"text-align: justify;\">qui permet de distinguer les produits \u00e0 l\u2019int\u00e9rieur de la vitrine<\/span><\/span><\/p>\n<p><span style=\"color: #000000;\"><span style=\"text-align: justify;\">La temp\u00e9rature fonctionnante\u00a0<\/span><strong style=\"text-align: justify;\">+2\u00b0C \u00e0 +8\u00b0C <\/strong><span style=\"text-align: justify;\">r\u00e9glable par le panneau de commande\u00a0\u00a0<\/span><\/span><\/p>\n<p><span style=\"color: #000000;\"><span style=\"text-align: justify;\">Le <\/span><strong style=\"text-align: justify;\">Gaz R\u00e9frig\u00e9r\u00e9<\/strong><span style=\"text-align: justify;\"> utilis\u00e9 pour ce type de vitrine est <\/span><strong style=\"text-align: justify;\">R290<\/strong><span style=\"text-align: justify;\"> qui permet de <\/span><strong style=\"text-align: justify;\">pr\u00e9server l\u2019environnement <\/strong><span style=\"text-align: justify;\">tout en ayant de <\/span><strong style=\"text-align: justify;\">hautes performances<\/strong><\/span><\/p>\n<p><span style=\"color: #000000;\"><strong style=\"text-align: justify;\">Les roues sont incluses dans le prix<\/strong><span style=\"text-align: justify;\">\u00a0(2 roues sont avec frein)<\/span><\/span><\/p>\n<p><strong style=\"text-align: justify;\"><span style=\"color: #2185c2;\">NETTOYAGE ET ENTRETIEN\u00a0:<\/span><\/strong><\/p>\n<p><span style=\"color: #000000; text-align: justify;\">&#8211; La Vitrine doit \u00eatre nettoy\u00e9e r\u00e9guli\u00e8rement pour assurer le fonctionnement de la machine dans le temps<\/span><\/p>\n<p><span style=\"color: #000000; text-align: justify;\">&#8211; Seuls des produits appropri\u00e9s doivent \u00eatre utilis\u00e9s pour nettoyer l\u2019appareil , ils ne doivent pas \u00eatre trop acides s\u2019ils ne nuisent pas \u00e0 la structure de la vitrine<\/span><\/p>\n<p><span style=\"color: #000000; text-align: justify;\">&#8211; Le condensateur doit rester propre pour assurer la dur\u00e9e de vie de la vitrine<\/span><\/p>\n<p><strong style=\"color: #2185c2; text-align: justify;\">-Pour toute information, nous sommes \u00e0 votre disposition<\/strong><\/p>\n","protected":false},"excerpt":{"rendered":"<p style=\"text-align: center;\"><strong><span style=\"color: #339966; font-size: medium;\"><span style=\"color: #3366ff;\"><span style=\"color: #2185c2; font-size: medium;\">LIVRAISON PROMPTE<\/span><\/span> <span style=\"color: #000000;\">&#8211;<\/span> GAZ R290<\/span><\/strong><\/p>\n","protected":false},"featured_media":87893,"template":"","meta":{"inline_featured_image":false},"product_brand":[],"product_cat":[23723,2055,1916,23720],"product_tag":[],"class_list":{"0":"post-52267","1":"product","2":"type-product","3":"status-publish","4":"has-post-thumbnail","6":"product_cat-vitrine-froide-ligne-zeta-vitrines-patisserie-3","7":"product_cat-vitrine-froide-ligne-zeta","8":"product_cat-vitrine-patisserie","9":"product_cat-vitrines-patisserie-3","10":"pa_alimentation-230-1n-50-60-monophase","11":"pa_allow-quotation-2352","12":"pa_chambre-froide-remplacant-oui","13":"pa_codice-produttore-buonty900","14":"pa_controle-de-temperature-digitale-2","15":"pa_degivrage-automatique-2","16":"pa_delais-de-livraison-5-7-jours-suivant-le-paiement","17":"pa_dimensione-superficie-esposi-l860xp470-mm","18":"pa_ean-15543","19":"pa_equipement-de-serie-lumiere-led-sur-chaque-etagere-fermeture-cote-operateur","20":"pa_fornitore-amitek","21":"pa_gaz-refrigerant-r290","22":"pa_hauteur-1445-mm","23":"pa_lumiere-interieure-led-sur-chaque-etagere","24":"pa_lunghezza-banco-900-mm-6","25":"pa_max-temperatura-umidita-ambi-30-c-55-hr","26":"pa_possibilite-de-canalisation-non","27":"pa_product-image-size-0-2","28":"pa_profondeur-table-805-mm","29":"pa_profondita-del-piano-esposit-2xl830xp390-1xl830xp450-mm","30":"pa_prontaconsegna-oui","31":"pa_puissance-absorbee-watt-490-watt","32":"pa_structure-externe-frigo-verre-plastique","33":"pa_structure-interne-en-acier-inoxydable-et-verre","34":"pa_temperatura-1-positif","35":"pa_temperature-2-c-8-c","36":"pa_type-de-refrigeration-refrigeration-ventilee","37":"pa_typologie-verre-vetro-squadrato","39":"first","40":"instock","41":"taxable","42":"shipping-taxable","43":"purchasable","44":"product-type-simple"},"df_price":2161,"df_sale_price":"","df_regular_price":2161,"df_image_link":"https:\/\/projectfood.fr\/wp-content\/uploads\/2020\/05\/PFVN900ZF-min-600x600-1-300x300.jpg","_links":{"self":[{"href":"https:\/\/projectfood.fr\/index.php?rest_route=\/wp\/v2\/product\/52267","targetHints":{"allow":["GET"]}}],"collection":[{"href":"https:\/\/projectfood.fr\/index.php?rest_route=\/wp\/v2\/product"}],"about":[{"href":"https:\/\/projectfood.fr\/index.php?rest_route=\/wp\/v2\/types\/product"}],"wp:featuredmedia":[{"embeddable":true,"href":"https:\/\/projectfood.fr\/index.php?rest_route=\/wp\/v2\/media\/87893"}],"wp:attachment":[{"href":"https:\/\/projectfood.fr\/index.php?rest_route=%2Fwp%2Fv2%2Fmedia&parent=52267"}],"wp:term":[{"taxonomy":"product_brand","embeddable":true,"href":"https:\/\/projectfood.fr\/index.php?rest_route=%2Fwp%2Fv2%2Fproduct_brand&post=52267"},{"taxonomy":"product_cat","embeddable":true,"href":"https:\/\/projectfood.fr\/index.php?rest_route=%2Fwp%2Fv2%2Fproduct_cat&post=52267"},{"taxonomy":"product_tag","embeddable":true,"href":"https:\/\/projectfood.fr\/index.php?rest_route=%2Fwp%2Fv2%2Fproduct_tag&post=52267"}],"curies":[{"name":"wp","href":"https:\/\/api.w.org\/{rel}","templated":true}]}}