{"id":53061,"date":"2020-11-01T13:11:27","date_gmt":"2020-11-01T13:11:27","guid":{"rendered":"https:\/\/projectfood-fr.stackstaging.com\/?post_type=product&#038;p=53061"},"modified":"2024-06-02T14:47:37","modified_gmt":"2024-06-02T12:47:37","slug":"plexiglass-frontal-pour-banque-de-creme-glacee-mod-pfge6c7r-pfge5v5r","status":"publish","type":"product","link":"https:\/\/projectfood.fr\/?product=plexiglass-frontal-pour-banque-de-creme-glacee-mod-pfge6c7r-pfge5v5r","title":{"rendered":"Plexiglass frontal pour banque de cr\u00e8me glac\u00e9e mod PFGE6C7R &#8211; PFGE5V5R"},"content":{"rendered":"<p><span style=\"color: #2185c2;\"><strong>Plexiglass Frontale pour vitrine de cr\u00e8me glac\u00e9e \u00e0 carapine\u00a0\u00a0<\/strong><\/span><\/p>\n","protected":false},"excerpt":{"rendered":"<p style=\"text-align: center;\"><span style=\"color: #3366ff;\"><strong><span style=\"color: #2185c2; font-size: medium;\">LIVRAISON PROMPTE<\/span><span style=\"color: #2185c2;\">\u00a0<\/span><span style=\"color: #2185c2;\">\u00a0<\/span><\/strong><\/span><\/p>\n","protected":false},"featured_media":53062,"template":"","meta":{"inline_featured_image":false},"product_brand":[],"product_cat":[],"product_tag":[],"class_list":{"0":"post-53061","1":"product","2":"type-product","3":"status-publish","4":"has-post-thumbnail","6":"pa_allow-quotation-2352","7":"pa_codice-produttore-1cfm0780","8":"pa_ean-15936","9":"pa_fornitore-ucinque","10":"pa_madeinitaly-oui","11":"pa_product-image-size-0-2","12":"pa_prontaconsegna-oui","14":"first","15":"instock","16":"sale","17":"taxable","18":"shipping-taxable","19":"purchasable","20":"product-type-simple"},"df_price":283,"df_sale_price":283,"df_regular_price":299,"df_image_link":"https:\/\/projectfood.fr\/wp-content\/uploads\/2020\/11\/products-pf4vple_1.jpg","_links":{"self":[{"href":"https:\/\/projectfood.fr\/index.php?rest_route=\/wp\/v2\/product\/53061","targetHints":{"allow":["GET"]}}],"collection":[{"href":"https:\/\/projectfood.fr\/index.php?rest_route=\/wp\/v2\/product"}],"about":[{"href":"https:\/\/projectfood.fr\/index.php?rest_route=\/wp\/v2\/types\/product"}],"wp:featuredmedia":[{"embeddable":true,"href":"https:\/\/projectfood.fr\/index.php?rest_route=\/wp\/v2\/media\/53062"}],"wp:attachment":[{"href":"https:\/\/projectfood.fr\/index.php?rest_route=%2Fwp%2Fv2%2Fmedia&parent=53061"}],"wp:term":[{"taxonomy":"product_brand","embeddable":true,"href":"https:\/\/projectfood.fr\/index.php?rest_route=%2Fwp%2Fv2%2Fproduct_brand&post=53061"},{"taxonomy":"product_cat","embeddable":true,"href":"https:\/\/projectfood.fr\/index.php?rest_route=%2Fwp%2Fv2%2Fproduct_cat&post=53061"},{"taxonomy":"product_tag","embeddable":true,"href":"https:\/\/projectfood.fr\/index.php?rest_route=%2Fwp%2Fv2%2Fproduct_tag&post=53061"}],"curies":[{"name":"wp","href":"https:\/\/api.w.org\/{rel}","templated":true}]}}