{"id":53270,"date":"2020-12-06T23:01:10","date_gmt":"2020-12-06T22:01:10","guid":{"rendered":"https:\/\/projectfood-fr.stackstaging.com\/?post_type=product&#038;p=53270"},"modified":"2023-01-18T12:13:52","modified_gmt":"2023-01-18T11:13:52","slug":"cappa-aspirazione-a-condensazione-per-forni-4-teglie-projectfood","status":"publish","type":"product","link":"https:\/\/projectfood.fr\/?product=cappa-aspirazione-a-condensazione-per-forni-4-teglie-projectfood","title":{"rendered":"Hotte d\u2019aspiration \u00e0 condensation pour fours 4 plateaux Projectfood"},"content":{"rendered":"<p><span style=\"color: #2185c2;\"><strong>Hotte d\u2019aspiration \u00e0 condensation pour fours 4 plateaux Projectfood\u00a0<\/strong><\/span><\/p>\n<p><span style=\"color: #000000;\">Hotte \u00e0 Condensation avec fonction enti\u00e8rement autonome \u00e0 fixer sur nos fours sans avoir besoin d\u2019un conduit de chemin\u00e9e, fonctionnant en courant monophas\u00e9<\/span><\/p>\n<p><span style=\"color: #ff0000;\"><strong>Questions fr\u00e9quemment pos\u00e9es<\/strong><\/span><\/p>\n<p><span style=\"color: #ff0000;\"><strong>Question: <\/strong><span style=\"color: #000000;\">Que sont les hottes \u00e0 condensation professionnelles et comment fonctionnent-elles ?<\/span><\/span><\/p>\n<p><span style=\"color: #2185c2;\"><strong>R\u00e9ponse:<\/strong><\/span><\/p>\n<p><span style=\"color: #000000;\">L\u2019installation des hottes traditionnelles n\u2019est pas toujours simple, en raison de probl\u00e8mes d\u2019espace et d\u2019autorisations.<\/span><\/p>\n<p><span style=\"color: #000000;\">En effet, les aspirateurs comprennent souvent un syst\u00e8me de canalisation et des conduits de chemin\u00e9e qui implique la n\u00e9cessit\u00e9 d\u2019un certain espace exc\u00e9dentaire et de l\u2019autorisation \u00e9ventuelle d\u2019agir<\/span><\/p>\n<p><span style=\"color: #000000;\"><span style=\"color: #2185c2;\"><strong>Projectfood<\/strong><\/span> a la solution \u00e0 ce probl\u00e8me avec des syst\u00e8mes monobloc capables d\u2019aspirer l\u2019air, la graisse et les odeurs, avec un <strong>encombrement r\u00e9duit au minimum (sans utilisation de conduits de fum\u00e9e)<\/strong>.\u00a0 Les hottes \u00e0 condensation ont besoin d\u2019une attaque d\u2019eau et d\u2019une \u00e9vacuation qui permet le bon fonctionnement de la hotte.<strong><br \/>\n<\/strong><\/span><\/p>\n<p><span style=\"color: #000000;\">Outre les avantages \u00e9num\u00e9r\u00e9s ci-dessus, il existe d\u2019autres aspects qui rendent l\u2019installation pratique de hottes de condensation :<\/span><\/p>\n<ul>\n<li><span style=\"color: #000000;\">&#8211; Montage rapide<\/span><\/li>\n<li><span style=\"color: #000000;\">&#8211; Consommation r\u00e9duite par rapport aux syst\u00e8mes d\u2019aspiration traditionnels<\/span><\/li>\n<li><strong><span style=\"color: #339966;\">&#8211; R\u00e9duction des \u00e9missions de polluants<br \/>\n<\/span><\/strong><\/li>\n<li><span style=\"color: #000000;\"><strong>&#8211; Rejet dans l\u2019environnement du m\u00eame air aspir\u00e9, convenablement purifi\u00e9 et d\u00e9shumidifi\u00e9<br \/>\n<\/strong><\/span><\/li>\n<li><span style=\"color: #000000;\">&#8211; Possibilit\u00e9 de b\u00e9n\u00e9ficier d\u2019un environnement sain et conforme \u00e0 la loi o\u00f9 exercer ses activit\u00e9s de cuisine.<\/span><\/li>\n<li>-Chemin\u00e9e d&#8217;\u00e9vacuation avec convoyeur de diam\u00e8tre 120 mm<\/li>\n<\/ul>\n","protected":false},"excerpt":{"rendered":"<p style=\"text-align: center;\"><span style=\"color: #2185c2; font-size: medium;\"><strong><span style=\"color: #339966;\">MADE<\/span><span style=\"color: #c0c0c0;\"> IN<\/span> <span style=\"color: #ff0000;\">ITALY<\/span><\/strong><\/span><\/p>\n","protected":false},"featured_media":53271,"template":"","meta":{"inline_featured_image":false},"product_brand":[],"product_cat":[1486,1488],"product_tag":[],"class_list":{"0":"post-53270","1":"product","2":"type-product","3":"status-publish","4":"has-post-thumbnail","6":"product_cat-accessori-forni-gastronomia","7":"product_cat-cappe","8":"pa_allow-quotation-2352","9":"pa_codice-produttore-mkkc-4","10":"pa_dimensions-exterieures-lxpxh-l850xp1045xh308-mm","11":"pa_ean-16097","12":"pa_fornitore-tecnoeka","13":"pa_madeinitaly-oui","14":"pa_product-image-size-0-2","16":"first","17":"instock","18":"taxable","19":"shipping-taxable","20":"purchasable","21":"product-type-simple"},"df_price":1135,"df_sale_price":"","df_regular_price":1135,"df_image_link":"https:\/\/projectfood.fr\/wp-content\/uploads\/2020\/12\/products-pmc511g_1.jpg","_links":{"self":[{"href":"https:\/\/projectfood.fr\/index.php?rest_route=\/wp\/v2\/product\/53270","targetHints":{"allow":["GET"]}}],"collection":[{"href":"https:\/\/projectfood.fr\/index.php?rest_route=\/wp\/v2\/product"}],"about":[{"href":"https:\/\/projectfood.fr\/index.php?rest_route=\/wp\/v2\/types\/product"}],"wp:featuredmedia":[{"embeddable":true,"href":"https:\/\/projectfood.fr\/index.php?rest_route=\/wp\/v2\/media\/53271"}],"wp:attachment":[{"href":"https:\/\/projectfood.fr\/index.php?rest_route=%2Fwp%2Fv2%2Fmedia&parent=53270"}],"wp:term":[{"taxonomy":"product_brand","embeddable":true,"href":"https:\/\/projectfood.fr\/index.php?rest_route=%2Fwp%2Fv2%2Fproduct_brand&post=53270"},{"taxonomy":"product_cat","embeddable":true,"href":"https:\/\/projectfood.fr\/index.php?rest_route=%2Fwp%2Fv2%2Fproduct_cat&post=53270"},{"taxonomy":"product_tag","embeddable":true,"href":"https:\/\/projectfood.fr\/index.php?rest_route=%2Fwp%2Fv2%2Fproduct_tag&post=53270"}],"curies":[{"name":"wp","href":"https:\/\/api.w.org\/{rel}","templated":true}]}}